{"id":724,"date":"2022-05-07T11:55:56","date_gmt":"2022-05-07T08:55:56","guid":{"rendered":"http:\/\/incidis.com.tr\/?page_id=724"},"modified":"2022-05-07T12:01:37","modified_gmt":"2022-05-07T09:01:37","slug":"our-doctors","status":"publish","type":"page","link":"https:\/\/www.incidis.com.tr\/en\/inci-dis-bahcesehir\/our-doctors\/","title":{"rendered":"Our doctors"},"content":{"rendered":"<section class=\"wpb-content-wrapper\"><div class=\"vc_row wpb_row row top-row\"><div class=\"vc_column_container col-md-3\"><div class=\"wpb_wrapper vc_column-inner\"><div class=\"widget_sidebar_menu main-sidebar-menu wpb_custom_fa56fd63c3b694fcdb3812eb30a338f1\"><div class=\"sidebar-menu-wrap\"><ul id=\"menu-bahcesehirsolmenu\" class=\"sidebar-menu\"><li id=\"nav-menu-item-721\" class=\"menu-item menu-item-type-post_type menu-item-object-page  narrow\"><a href=\"https:\/\/www.incidis.com.tr\/en\/?page_id=707\">About the Clinic<\/a><\/li>\n<li id=\"nav-menu-item-729\" class=\"menu-item menu-item-type-post_type menu-item-object-page  narrow\"><a href=\"https:\/\/www.incidis.com.tr\/en\/inci-dis-bahcesehir\/our-doctors\/\">Our doctors<\/a><\/li>\n<\/ul><\/div><\/div><\/div><\/div><div class=\"vc_column_container col-md-9\"><div class=\"wpb_wrapper vc_column-inner\"><div class=\"porto-members porto-members7pxe wpb_content_element wpb_custom_623bb2693d80b667b2afdb1a3b462a5b\">\r\n\t<div class=\"page-members clearfix porto-ajax-load load-infinite\" id=\"porto_members_z5j4\" data-post_type=\"member\" data-post_layout=\"onimage\" data-ajax_load_options=\"{&quot;columns&quot;:&quot;3&quot;,&quot;view&quot;:&quot;onimage&quot;,&quot;hover_image_effect&quot;:&quot;no_zoom&quot;,&quot;overview&quot;:&quot;&quot;,&quot;socials&quot;:&quot;&quot;,&quot;cats&quot;:&quot;bahcesehir&quot;,&quot;number&quot;:&quot;10&quot;,&quot;pagination&quot;:&quot;infinite&quot;}\">\r\n\r\n\t\t\r\n\t\t\r\n\t\t\r\n\t\t\t\t\t<div class=\"members-container member-row row ccols-wrap ccols-sm-2 ccols-lg-3 ccols-1\" data-cur_page=\"1\" data-max_page=\"1\">\r\n\t\t\t\r\n\t<article class=\"member bahcesehir dental-implant dijital-gulus-tasarimi lamine zirkonyum post-3735 type-member status-publish has-post-thumbnail hentry member_cat-bahcesehir member_cat-dental-implant member_cat-dijital-gulus-tasarimi member_cat-lamine member_cat-zirkonyum\">\r\n\t\t\t\t<div class=\"member-item\">\r\n\t\t\t<div class=\"thumb-info thumb-info-hide-wrapper-bg thumb-info-no-zoom\">\r\n\r\n\t\t\t\t<div class=\"thumb-info-wrapper\">\r\n\t\t\t\t\t\t\t\t\t\t<div class=\"thumb-member-container\">\r\n\t\t\t\t\t\t<a class=\"text-decoration-none member-image\" href=\"https:\/\/www.incidis.com.tr\/en\/Hekim\/uzm-dr-murat-mehmet-dinc-2\/\">\r\n\t\t\t\t\t\t<img decoding=\"async\" class=\"img-responsive\" width=\"367\" height=\"367\" src=\"https:\/\/www.incidis.com.tr\/wp-content\/uploads\/2023\/02\/14-367x367.png\" alt=\"\" \/>\r\n\t\t\t\t\t\t<\/a>\r\n\r\n\t\t\t\t\t\t\t\t\t\t\t<\/div>\r\n\t\t\t\t\t<a class=\"text-decoration-none member-info-container\" href=\"https:\/\/www.incidis.com.tr\/en\/Hekim\/uzm-dr-murat-mehmet-dinc-2\/\">\r\n\t\t\t\t\t\t\t\t\t\t\t\t<span class=\"thumb-info-title\">\r\n\t\t\t\t\t\t\t<span class=\"thumb-info-inner\">Specialist Dentist Murat Mehmet Din\u00e7<\/span>\r\n\t\t\t\t\t\t\t\t\t\t\t\t\t\t\t<span class=\"thumb-info-type\">Prosthetic Dentistry Specialist<br> \u0130nci Di\u015f Bah\u00e7e\u015fehir<\/span>\r\n\t\t\t\t\t\t\t\t\t\t\t\t\t<\/span>\r\n\t\t\t\t\t\t\t\t\t\t\t\t\t\t\t\t\t\t<span class=\"zoom\" data-src=\"https:\/\/www.incidis.com.tr\/wp-content\/uploads\/2023\/02\/14.png\" data-title=\"\"><i class=\"fas fa-search\"><\/i><\/span>\r\n\t\t\t\t\t\t\t\t\t\t<\/a>\r\n\t\t\t\t<\/div>\r\n\t\t\t\t<!--Thumb info wrapper end-->\r\n\t\t\t\t<!--Thumb info container -->\r\n\t\t\t\t<div class=\"thumb-info-container\"> \r\n\t\t\t\t\t<a class=\"text-decoration-none member-info-container\" href=\"https:\/\/www.incidis.com.tr\/en\/Hekim\/uzm-dr-murat-mehmet-dinc-2\/\">\r\n\t\t\t\t\t\t\t\t\t\t\t\t\t\t\t<\/a>\r\n\r\n\t\t\t\t\t\t\t\t\t\t\t\t\t\t<\/div>\r\n\t\t\t<\/div>\r\n\t\t<\/div>\r\n\t<\/article>\r\n\t\r\n\t<article class=\"member bahcesehir invisalign post-8581 type-member status-publish has-post-thumbnail hentry member_cat-bahcesehir member_cat-invisalign\">\r\n\t\t\t\t<div class=\"member-item\">\r\n\t\t\t<div class=\"thumb-info thumb-info-hide-wrapper-bg thumb-info-no-zoom\">\r\n\r\n\t\t\t\t<div class=\"thumb-info-wrapper\">\r\n\t\t\t\t\t\t\t\t\t\t<div class=\"thumb-member-container\">\r\n\t\t\t\t\t\t<a class=\"text-decoration-none member-image\" href=\"https:\/\/www.incidis.com.tr\/en\/Hekim\/dt-ilke-elgun\/\">\r\n\t\t\t\t\t\t<img decoding=\"async\" class=\"img-responsive\" width=\"367\" height=\"367\" src=\"https:\/\/www.incidis.com.tr\/wp-content\/uploads\/2025\/08\/Ilke-Elgun-Ozel-e1755090095450-367x367.webp\" alt=\"\" \/>\r\n\t\t\t\t\t\t<\/a>\r\n\r\n\t\t\t\t\t\t\t\t\t\t\t<\/div>\r\n\t\t\t\t\t<a class=\"text-decoration-none member-info-container\" href=\"https:\/\/www.incidis.com.tr\/en\/Hekim\/dt-ilke-elgun\/\">\r\n\t\t\t\t\t\t\t\t\t\t\t\t<span class=\"thumb-info-title\">\r\n\t\t\t\t\t\t\t<span class=\"thumb-info-inner\">Dr. \u0130lke Elg\u00fcn<\/span>\r\n\t\t\t\t\t\t\t\t\t\t\t\t\t\t\t<span class=\"thumb-info-type\">Dentist <br>\u0130nci Di\u015f Bah\u00e7e\u015fehir<\/span>\r\n\t\t\t\t\t\t\t\t\t\t\t\t\t<\/span>\r\n\t\t\t\t\t\t\t\t\t\t\t\t\t\t\t\t\t\t<span class=\"zoom\" data-src=\"https:\/\/www.incidis.com.tr\/wp-content\/uploads\/2025\/08\/Ilke-Elgun-Ozel-e1755090095450.webp\" data-title=\"\"><i class=\"fas fa-search\"><\/i><\/span>\r\n\t\t\t\t\t\t\t\t\t\t<\/a>\r\n\t\t\t\t<\/div>\r\n\t\t\t\t<!--Thumb info wrapper end-->\r\n\t\t\t\t<!--Thumb info container -->\r\n\t\t\t\t<div class=\"thumb-info-container\"> \r\n\t\t\t\t\t<a class=\"text-decoration-none member-info-container\" href=\"https:\/\/www.incidis.com.tr\/en\/Hekim\/dt-ilke-elgun\/\">\r\n\t\t\t\t\t\t\t\t\t\t\t\t\t\t\t<\/a>\r\n\r\n\t\t\t\t\t\t\t\t\t\t\t\t\t\t<\/div>\r\n\t\t\t<\/div>\r\n\t\t<\/div>\r\n\t<\/article>\r\n\t\r\n\t<article class=\"member bahcesehir post-10104 type-member status-publish has-post-thumbnail hentry member_cat-bahcesehir\">\r\n\t\t\t\t<div class=\"member-item\">\r\n\t\t\t<div class=\"thumb-info thumb-info-hide-wrapper-bg thumb-info-no-zoom\">\r\n\r\n\t\t\t\t<div class=\"thumb-info-wrapper\">\r\n\t\t\t\t\t\t\t\t\t\t<div class=\"thumb-member-container\">\r\n\t\t\t\t\t\t<a class=\"text-decoration-none member-image\" href=\"https:\/\/www.incidis.com.tr\/en\/Hekim\/dt-beyza-kurtay\/\">\r\n\t\t\t\t\t\t<img decoding=\"async\" class=\"img-responsive\" width=\"367\" height=\"367\" src=\"https:\/\/www.incidis.com.tr\/wp-content\/uploads\/2023\/02\/7-367x367.png\" alt=\"\" \/>\r\n\t\t\t\t\t\t<\/a>\r\n\r\n\t\t\t\t\t\t\t\t\t\t\t<\/div>\r\n\t\t\t\t\t<a class=\"text-decoration-none member-info-container\" href=\"https:\/\/www.incidis.com.tr\/en\/Hekim\/dt-beyza-kurtay\/\">\r\n\t\t\t\t\t\t\t\t\t\t\t\t<span class=\"thumb-info-title\">\r\n\t\t\t\t\t\t\t<span class=\"thumb-info-inner\">Dr. Beyza Kurtay<\/span>\r\n\t\t\t\t\t\t\t\t\t\t\t\t\t\t\t<span class=\"thumb-info-type\">Dentist <br> \u0130nci Di\u015f Bah\u00e7e\u015fehir<\/span>\r\n\t\t\t\t\t\t\t\t\t\t\t\t\t<\/span>\r\n\t\t\t\t\t\t\t\t\t\t\t\t\t\t\t\t\t\t<span class=\"zoom\" data-src=\"https:\/\/www.incidis.com.tr\/wp-content\/uploads\/2023\/02\/7.png\" data-title=\"\"><i class=\"fas fa-search\"><\/i><\/span>\r\n\t\t\t\t\t\t\t\t\t\t<\/a>\r\n\t\t\t\t<\/div>\r\n\t\t\t\t<!--Thumb info wrapper end-->\r\n\t\t\t\t<!--Thumb info container -->\r\n\t\t\t\t<div class=\"thumb-info-container\"> \r\n\t\t\t\t\t<a class=\"text-decoration-none member-info-container\" href=\"https:\/\/www.incidis.com.tr\/en\/Hekim\/dt-beyza-kurtay\/\">\r\n\t\t\t\t\t\t\t\t\t\t\t\t\t\t\t<\/a>\r\n\r\n\t\t\t\t\t\t\t\t\t\t\t\t\t\t<\/div>\r\n\t\t\t<\/div>\r\n\t\t<\/div>\r\n\t<\/article>\r\n\t\t\t\t<\/div>\r\n\t\t\r\n\t\t\t\t\t<input type=\"hidden\" class=\"shortcode-id\" value=\"7pxe\"\/>\r\n\t\t\t\t\t\r\n\t<\/div>\r\n\r\n\t\r\n\t<\/div><\/div><\/div><\/div>\n<\/section>","protected":false},"excerpt":{"rendered":"Dt. Beyza KurtayDi\u015f Hekimi ONLINE RANDEVU Hakk\u0131mdaYunanistan do\u011fumludur. Lise e\u011fitimini 2018 y\u0131l\u0131nda Be\u015fikta\u015f Atat\u00fcrk Anadolu Lisesi\u2019nde tamamlad\u0131ktan sonra, Sa\u011fl\u0131k Bilimleri \u00dcniversitesi Hamidiye Di\u015f Hekimli\u011fi Fak\u00fcltesi\u2019nde Di\u015f Hekimli\u011fi b\u00f6l\u00fcm\u00fcn\u00fc kazanm\u0131\u015ft\u0131r. Buradan 2023 y\u0131l\u0131nda mezun olup, sekt\u00f6rde aktif g\u00f6rev yapmaya ba\u015flam\u0131\u015ft\u0131r.Uzmanl\u0131klar\u0131mDi\u015f Beyazlatma Dolgu Kanal Di\u015f Ta\u015f\u0131 Temizli\u011fi Estetik Dolgu Restoratif \u0130\u015flemler E\u011fitim2018-2023\u00dcniversiteSa\u011fl\u0131k Bilimleri \u00dcniversitesi Hamidiye Di\u015f Hekimli\u011fi [...]","protected":false},"author":1,"featured_media":0,"parent":707,"menu_order":0,"comment_status":"closed","ping_status":"closed","template":"","meta":{"footnotes":""},"_links":{"self":[{"href":"https:\/\/www.incidis.com.tr\/en\/wp-json\/wp\/v2\/pages\/724"}],"collection":[{"href":"https:\/\/www.incidis.com.tr\/en\/wp-json\/wp\/v2\/pages"}],"about":[{"href":"https:\/\/www.incidis.com.tr\/en\/wp-json\/wp\/v2\/types\/page"}],"author":[{"embeddable":true,"href":"https:\/\/www.incidis.com.tr\/en\/wp-json\/wp\/v2\/users\/1"}],"replies":[{"embeddable":true,"href":"https:\/\/www.incidis.com.tr\/en\/wp-json\/wp\/v2\/comments?post=724"}],"version-history":[{"count":4,"href":"https:\/\/www.incidis.com.tr\/en\/wp-json\/wp\/v2\/pages\/724\/revisions"}],"predecessor-version":[{"id":732,"href":"https:\/\/www.incidis.com.tr\/en\/wp-json\/wp\/v2\/pages\/724\/revisions\/732"}],"up":[{"embeddable":true,"href":"https:\/\/www.incidis.com.tr\/en\/wp-json\/wp\/v2\/pages\/707"}],"wp:attachment":[{"href":"https:\/\/www.incidis.com.tr\/en\/wp-json\/wp\/v2\/media?parent=724"}],"curies":[{"name":"wp","href":"https:\/\/api.w.org\/{rel}","templated":true}]}}