{"id":582,"date":"2022-05-06T22:27:12","date_gmt":"2022-05-06T19:27:12","guid":{"rendered":"http:\/\/incidis.com.tr\/?page_id=582"},"modified":"2026-03-26T12:06:51","modified_gmt":"2026-03-26T09:06:51","slug":"klinik-teknolojilerimiz","status":"publish","type":"page","link":"https:\/\/www.incidis.com.tr\/en\/kurumsal\/klinik-teknolojilerimiz\/","title":{"rendered":"Our Clinical Technologies"},"content":{"rendered":"<section class=\"wpb-content-wrapper\"><div class=\"vc_row wpb_row row top-row\"><div class=\"vc_column_container col-md-12\"><div class=\"wpb_wrapper vc_column-inner\">\n\t<div class=\"wpb_text_column wpb_content_element\" >\n\t\t<div class=\"wpb_wrapper\">\n\t\t\t<h1 style=\"text-align: center;\">Our Clinical Technologies<\/h1>\n\n\t\t<\/div>\n\t<\/div>\n<div class=\"porto-separator\"><hr class=\"separator-line  vc_custom_1654681836518 align_center\" style=\"background-image: -webkit-linear-gradient(left, transparent, #00b2e3, transparent); background-image: linear-gradient(to right, transparent, #00b2e3, transparent);height:2px;width:30%;\"><\/div><\/div><\/div><\/div><div class=\"vc_row wpb_row row top-row vc_hidden-sm vc_hidden-xs vc_custom_1677269236180\"><div class=\"vc_column_container col-md-12\"><div class=\"wpb_wrapper vc_column-inner\">\n\t<div class=\"wpb_raw_code wpb_content_element wpb_raw_html\" >\n\t\t<div class=\"wpb_wrapper\">\n\t\t\t<script>\n  (function () {\n    function pauseAllVideos() {\n      document.querySelectorAll('.inci-auto-tab-video').forEach(function(video) {\n        try {\n          video.pause();\n        } catch (e) {}\n      });\n    }\n\n    function playVideoInActivePanel() {\n      var activePanel = document.querySelector('.vc_tta-panel.vc_active');\n      if (!activePanel) return;\n\n      var activeVideo = activePanel.querySelector('.inci-auto-tab-video');\n      if (!activeVideo) return;\n\n      try {\n        activeVideo.currentTime = 0;\n      } catch (e) {}\n\n      var playPromise = activeVideo.play();\n      if (playPromise && typeof playPromise.catch === 'function') {\n        playPromise.catch(function () {});\n      }\n    }\n\n    function handleTabs() {\n      pauseAllVideos();\n      playVideoInActivePanel();\n    }\n\n    document.addEventListener('click', function(e) {\n      var tabLink = e.target.closest('.vc_tta-tab a, .vc_tta-panel-title a');\n      if (!tabLink) return;\n\n      setTimeout(function () {\n        handleTabs();\n      }, 250);\n    });\n\n    document.addEventListener('DOMContentLoaded', function () {\n      setTimeout(function () {\n        handleTabs();\n      }, 400);\n    });\n  })();\n<\/script>\n<style>\n  .inci-tab-video-wrap {\n    width: 100%;\n  }\n\n  .inci-tab-video {\n    position: relative;\n    width: 100%;\n    overflow: hidden;\n    background: #dfeef4;\n  }\n\n  .inci-tab-video::before {\n    content: \"\";\n    display: block;\n    width: 100%;\n    aspect-ratio: 16 \/ 9;\n  }\n\n  .inci-tab-video video {\n    position: absolute;\n    inset: 0;\n    width: 100%;\n    height: 100%;\n    display: block;\n    object-fit: cover;\n    background: #dfeef4;\n  }\n\n\n<\/style>\n\t\t<\/div>\n\t<\/div>\n<\/div><\/div><\/div><div class=\"vc_row wpb_row row top-row\"><div class=\"vc_column_container col-md-12\"><div class=\"wpb_wrapper vc_column-inner\"><div class=\"vc_tta-container\" data-vc-action=\"collapse\"><div class=\"vc_general vc_tta vc_tta-tabs vc_tta-color-peacoc vc_tta-style-flat vc_tta-shape-square vc_tta-spacing-1 vc_tta-o-no-fill vc_tta-tabs-position-top vc_tta-controls-align-left vc_custom_1677269275043\"><div class=\"vc_tta-tabs-container\"><ul class=\"vc_tta-tabs-list\"><li class=\"vc_tta-tab vc_active\" data-vc-tab><a href=\"#1677269218942-6a0152bb-56e4\" data-vc-tabs data-vc-container=\".vc_tta\"><span class=\"vc_tta-title-text\">Sterilizasyon<\/span><\/a><\/li><li class=\"vc_tta-tab\" data-vc-tab><a href=\"#1677269219039-64068575-f2b2\" data-vc-tabs data-vc-container=\".vc_tta\"><span class=\"vc_tta-title-text\">Cad-Cam<\/span><\/a><\/li><li class=\"vc_tta-tab\" data-vc-tab><a href=\"#1677269219131-42cbc9b5-6aae\" data-vc-tabs data-vc-container=\".vc_tta\"><span class=\"vc_tta-title-text\">Dijital Di\u015f Hekimli\u011fi<\/span><\/a><\/li><li class=\"vc_tta-tab\" data-vc-tab><a href=\"#1677269219237-26d47ed9-6aca\" data-vc-tabs data-vc-container=\".vc_tta\"><span class=\"vc_tta-title-text\">G\u00fcl\u00fc\u015f Tasar\u0131m\u0131 \u2013 Smile Design<\/span><\/a><\/li><li class=\"vc_tta-tab\" data-vc-tab><a href=\"#1677269219388-d40e8a08-520b\" data-vc-tabs data-vc-container=\".vc_tta\"><span class=\"vc_tta-title-text\">Hasta Takip Sistemi<\/span><\/a><\/li><li class=\"vc_tta-tab\" data-vc-tab><a href=\"#1677269219497-90e93931-d8e3\" data-vc-tabs data-vc-container=\".vc_tta\"><span class=\"vc_tta-title-text\">Panaromik R\u00f6ntgen<\/span><\/a><\/li><\/ul><\/div><div class=\"vc_tta-panels-container\"><div class=\"vc_tta-panels\"><div class=\"vc_tta-panel vc_active\" id=\"1677269218942-6a0152bb-56e4\" data-vc-content=\".vc_tta-panel-body\"><div class=\"vc_tta-panel-heading\"><h4 class=\"vc_tta-panel-title\"><a href=\"#1677269218942-6a0152bb-56e4\" data-vc-accordion data-vc-container=\".vc_tta-container\"><span class=\"vc_tta-title-text\">Sterilizasyon<\/span><\/a><\/h4><\/div><div class=\"vc_tta-panel-body\"><div class=\"vc_row wpb_row vc_inner row\"><div class=\"vc_column_container col-md-6\"><div class=\"wpb_wrapper vc_column-inner\">\n\t<div class=\"wpb_text_column wpb_content_element\" >\n\t\t<div class=\"wpb_wrapper\">\n\t\t\t<p style=\"text-align: Justify;\">Sterilizasyon bir nesne ya da obje \u00fczerindeki t\u00fcm zararl\u0131 zarars\u0131z mikroorganizmalar\u0131n yok edilmesidir. Klini\u011fimizde otoklav ad\u0131n\u0131 verdi\u011fimiz y\u00fcksek nemli \u0131s\u0131 (su buhar\u0131) ile sterilizasyon yapan cihazlar kullan\u0131lmaktad\u0131r. Otoklavlar, farkl\u0131 t\u00fcrde ekipman, alet ve malzemeleri y\u00fcksek s\u0131cakl\u0131kta buharla sterilize etmek i\u00e7in kullan\u0131lan cihazlard\u0131r. Otoklavlar, aletleri kaynama noktas\u0131n\u0131n \u00fczerinde \u0131s\u0131tarak sterilizasyon ger\u00e7ekle\u015ftirir. Bu i\u015flemdeki birincil ajan, bakteri gibi mikroorganizma \u00e7e\u015fitlerini \u00f6ld\u00fcrmek i\u00e7in harika bir ajan oldu\u011fu bilinen buhard\u0131r. Ayr\u0131ca, ger\u00e7ek \u0131s\u0131 transferi s\u00f6z konusu oldu\u011funda, nemli \u0131s\u0131n\u0131n kuru \u0131s\u0131dan daha etkili oldu\u011fu bilinmektedir. Bu nedenle otoklavlar \u00f6zellikle \u00e7ok fazla madde ve yabanc\u0131 madde ile u\u011fra\u015fan t\u0131p sekt\u00f6r\u00fcnde \u00e7ok \u00f6nemlidir.<\/p>\n\n\t\t<\/div>\n\t<\/div>\n<\/div><\/div><div class=\"vc_column_container col-md-6\"><div class=\"wpb_wrapper vc_column-inner\">\n\t<div class=\"wpb_raw_code wpb_content_element wpb_raw_html\" >\n\t\t<div class=\"wpb_wrapper\">\n\t\t\t<div class=\"inci-tab-video-wrap\">\n  <div class=\"inci-tab-video\">\n    <video class=\"inci-auto-tab-video\" muted playsinline preload=\"metadata\" controls autoplay>\n      <source src=\"https:\/\/www.incidis.com.tr\/wp-content\/uploads\/2026\/03\/Sterilizasyon-1.mp4\" type=\"video\/mp4\">\n    <\/video>\n  <\/div>\n<\/div>\n\t\t<\/div>\n\t<\/div>\n<\/div><\/div><\/div><\/div><\/div><div class=\"vc_tta-panel nav-pills\" id=\"1677269219039-64068575-f2b2\" data-vc-content=\".vc_tta-panel-body\"><div class=\"vc_tta-panel-heading\"><h4 class=\"vc_tta-panel-title\"><a href=\"#1677269219039-64068575-f2b2\" data-vc-accordion data-vc-container=\".vc_tta-container\"><span class=\"vc_tta-title-text\">Cad-Cam<\/span><\/a><\/h4><\/div><div class=\"vc_tta-panel-body\"><div class=\"vc_row wpb_row vc_inner row\"><div class=\"vc_column_container col-md-6\"><div class=\"wpb_wrapper vc_column-inner\">\n\t<div class=\"wpb_text_column wpb_content_element\" >\n\t\t<div class=\"wpb_wrapper\">\n\t\t\t<p style=\"text-align: Justify;\">Bilgisayar destekli dizayn ve kaz\u0131ma yapmam\u0131za olanak tan\u0131yan CAD-CAM, di\u015f \u00fczerine malzemeler konularak kal\u0131b\u0131n\u0131n al\u0131nmas\u0131 i\u015flemi yerine \u00f6zel kameralar ile g\u00f6rseller alarak di\u015fin birebir \u00fc\u00e7 boyutlu tasar\u0131m\u0131n\u0131n yap\u0131lmas\u0131n\u0131 sa\u011fl\u0131yor. Di\u015fin tam boyutlu \u00f6l\u00e7\u00fcs\u00fcn\u00fcn al\u0131nmas\u0131n\u0131 sa\u011flayan bu y\u00f6ntem birka\u00e7 dakika i\u00e7inde di\u015fe uygun bir yap\u0131y\u0131 ortaya \u00e7\u0131kar\u0131yor ve bu sayede istenilen protezler en h\u0131zl\u0131 ve en hassas \u015fekilde sorunsuz \u015fekilde \u00fcretilerek hastalara uygulanabiliyor. Geleneksel y\u00f6ntemlerden uzak, dijital ortamlarda tasarlan\u0131p \u00fcretilen protezler hem daha h\u0131zl\u0131 hem de daha uzun \u00f6m\u00fcrl\u00fc kullan\u0131m vadediyor.<\/p>\n\n\t\t<\/div>\n\t<\/div>\n<\/div><\/div><div class=\"vc_column_container col-md-6\"><div class=\"wpb_wrapper vc_column-inner\">\n\t<div class=\"wpb_raw_code wpb_content_element wpb_raw_html\" >\n\t\t<div class=\"wpb_wrapper\">\n\t\t\t<div class=\"inci-tab-video-wrap\">\n  <div class=\"inci-tab-video\">\n    <video class=\"inci-auto-tab-video\" muted playsinline preload=\"metadata\" controls autoplay>\n      <source src=\"https:\/\/www.incidis.com.tr\/wp-content\/uploads\/2026\/03\/Cad-Cam-1.mp4\" type=\"video\/mp4\">\n    <\/video>\n  <\/div>\n<\/div>\n\t\t<\/div>\n\t<\/div>\n<\/div><\/div><\/div><\/div><\/div><div class=\"vc_tta-panel\" id=\"1677269219131-42cbc9b5-6aae\" data-vc-content=\".vc_tta-panel-body\"><div class=\"vc_tta-panel-heading\"><h4 class=\"vc_tta-panel-title\"><a href=\"#1677269219131-42cbc9b5-6aae\" data-vc-accordion data-vc-container=\".vc_tta-container\"><span class=\"vc_tta-title-text\">Dijital Di\u015f Hekimli\u011fi<\/span><\/a><\/h4><\/div><div class=\"vc_tta-panel-body\"><div class=\"vc_row wpb_row vc_inner row\"><div class=\"vc_column_container col-md-6\"><div class=\"wpb_wrapper vc_column-inner\">\n\t<div class=\"wpb_text_column wpb_content_element\" >\n\t\t<div class=\"wpb_wrapper\">\n\t\t\t<p style=\"text-align: Justify;\">Dijital Di\u015f Hekimli\u011fi, di\u015f tedavilerinde dijital tabanl\u0131 yeni nesil cihazlar\u0131n kullan\u0131m\u0131d\u0131r. Geleneksel y\u00f6ntemlerde olu\u015fabilecek hatalar\u0131 s\u0131f\u0131ra indirger. Bilgisayar destekli di\u015f tasar\u0131m\u0131 ve \u00fcretiminin deste\u011fiyle bir g\u00fcnde t\u00fcm di\u015flerin bitirilip yap\u0131\u015ft\u0131r\u0131lmas\u0131 m\u00fcmk\u00fcnd\u00fcr. Ayn\u0131 zamanda tasarlanan di\u015flerin a\u011f\u0131z i\u00e7indeki g\u00f6r\u00fcnt\u00fcleri ile hastan\u0131n profil g\u00f6r\u00fcnt\u00fcleri birle\u015ftirilerek i\u015flem sonras\u0131 hastada nas\u0131l bir g\u00fcl\u00fc\u015f elde edilece\u011fi \u00f6nceden g\u00f6r\u00fclebilir. Bu da estetik tedavilerde memnuniyet oran\u0131n\u0131 y\u00fckseltir.<\/p>\n\n\t\t<\/div>\n\t<\/div>\n<\/div><\/div><div class=\"vc_column_container col-md-6\"><div class=\"wpb_wrapper vc_column-inner\">\n\t<div class=\"wpb_raw_code wpb_content_element wpb_raw_html\" >\n\t\t<div class=\"wpb_wrapper\">\n\t\t\t<div class=\"inci-tab-video-wrap\">\n  <div class=\"inci-tab-video\">\n    <video class=\"inci-auto-tab-video\" muted playsinline preload=\"metadata\" controls autoplay>\n      <source src=\"https:\/\/www.incidis.com.tr\/wp-content\/uploads\/2026\/03\/Dijital-Dis-Hekimligi-1.mp4\" type=\"video\/mp4\">\n    <\/video>\n  <\/div>\n<\/div>\n\t\t<\/div>\n\t<\/div>\n<\/div><\/div><\/div><\/div><\/div><div class=\"vc_tta-panel\" id=\"1677269219237-26d47ed9-6aca\" data-vc-content=\".vc_tta-panel-body\"><div class=\"vc_tta-panel-heading\"><h4 class=\"vc_tta-panel-title\"><a href=\"#1677269219237-26d47ed9-6aca\" data-vc-accordion data-vc-container=\".vc_tta-container\"><span class=\"vc_tta-title-text\">G\u00fcl\u00fc\u015f Tasar\u0131m\u0131 \u2013 Smile Design<\/span><\/a><\/h4><\/div><div class=\"vc_tta-panel-body\"><div class=\"vc_row wpb_row vc_inner row\"><div class=\"vc_column_container col-md-6\"><div class=\"wpb_wrapper vc_column-inner\">\n\t<div class=\"wpb_text_column wpb_content_element\" >\n\t\t<div class=\"wpb_wrapper\">\n\t\t\t<p style=\"text-align: Justify;\">G\u00fcl\u00fc\u015f tasar\u0131m\u0131, anatomik, fiziksel ve karakteristik \u00f6zelliklerine g\u00f6re \u201cKozmetik Di\u015f Hekimleri\u201d taraf\u0131ndan hastaya di\u015f tasar\u0131m\u0131 ve di\u015f dizilimi uygulanmas\u0131 i\u015flemidir.\u00a0G\u00fcl\u00fc\u015f tasar\u0131m\u0131 di\u015f laminalar\u0131, emax di\u015fler, porselen di\u015fler, tam protezler, implantlar, di\u015f eti d\u00fczenlemeleri ve hatta ortodonti ile yap\u0131labilir.\u00a0K\u0131saca \u201cG\u00fcl\u00fc\u015f Tasar\u0131m\u0131\u201d t\u00fcm di\u015f tedavilerini i\u00e7erir. Hastalar\u0131n y\u00fcz hatlar\u0131na en uygun protezler hasta-hekim-teknisyen birlikteli\u011fi ile tasarlan\u0131r ve tedaviye ba\u015flamadan \u00f6nce hastalar\u0131n onay\u0131na sunma imk\u00e2n\u0131 sa\u011flar.<\/p>\n<p style=\"text-align: Justify;\">Yeni bir g\u00fcl\u00fcmseme hayat\u0131n\u0131z\u0131 de\u011fi\u015ftirebilir, sadece fiziksel g\u00f6r\u00fcn\u00fcm\u00fcn\u00fcz\u00fc ve ba\u015fkalar\u0131na verdi\u011finiz imaj\u0131 iyile\u015ftirmekle kalmaz, ayn\u0131 zamanda ruh halinizi ve \u00f6zg\u00fcveninizi de geli\u015ftirir. Kendinize aynada bakman\u0131z bile \u00f6zg\u00fcven kazanman\u0131z\u0131 ve daha mutlu olman\u0131z\u0131 sa\u011flar!<\/p>\n\n\t\t<\/div>\n\t<\/div>\n<\/div><\/div><div class=\"vc_column_container col-md-6\"><div class=\"wpb_wrapper vc_column-inner\">\n\t<div class=\"wpb_raw_code wpb_content_element wpb_raw_html\" >\n\t\t<div class=\"wpb_wrapper\">\n\t\t\t<div class=\"inci-tab-video-wrap\">\n  <div class=\"inci-tab-video\">\n    <video class=\"inci-auto-tab-video\" muted playsinline preload=\"metadata\" controls autoplay>\n      <source src=\"https:\/\/www.incidis.com.tr\/wp-content\/uploads\/2026\/03\/Gulus-Tasarimi-Smile-Design-1.mp4\" type=\"video\/mp4\">\n    <\/video>\n  <\/div>\n<\/div>\n\t\t<\/div>\n\t<\/div>\n<\/div><\/div><\/div><\/div><\/div><div class=\"vc_tta-panel\" id=\"1677269219388-d40e8a08-520b\" data-vc-content=\".vc_tta-panel-body\"><div class=\"vc_tta-panel-heading\"><h4 class=\"vc_tta-panel-title\"><a href=\"#1677269219388-d40e8a08-520b\" data-vc-accordion data-vc-container=\".vc_tta-container\"><span class=\"vc_tta-title-text\">Hasta Takip Sistemi<\/span><\/a><\/h4><\/div><div class=\"vc_tta-panel-body\"><div class=\"vc_row wpb_row vc_inner row\"><div class=\"vc_column_container col-md-6\"><div class=\"wpb_wrapper vc_column-inner\">\n\t<div class=\"wpb_text_column wpb_content_element\" >\n\t\t<div class=\"wpb_wrapper\">\n\t\t\t<p style=\"text-align: Justify;\">Kulland\u0131\u011f\u0131m\u0131z yaz\u0131l\u0131m ile randevu takibi, hasta bilgileri ve takibi, gelir-gider takibi, raporlama, dok\u00fcmantasyon ve ar\u015fivleme gibi y\u00f6netimsel i\u015flemlerimizi ger\u00e7ekle\u015ftiriyor, hastalar\u0131m\u0131za ait ki\u015fisel bilgileri g\u00fcvenli bir \u015fekilde sakl\u0131yoruz. Kolay kullan\u0131m\u0131 ve daima yenilenen alt yap\u0131s\u0131 ile hasta takibimizi ger\u00e7ekle\u015ftirebiliyoruz.<\/p>\n\n\t\t<\/div>\n\t<\/div>\n<\/div><\/div><div class=\"vc_column_container col-md-6\"><div class=\"wpb_wrapper vc_column-inner\">\n\t<div class=\"wpb_raw_code wpb_content_element wpb_raw_html\" >\n\t\t<div class=\"wpb_wrapper\">\n\t\t\t<div class=\"inci-tab-video-wrap\">\n  <div class=\"inci-tab-video\">\n    <video class=\"inci-auto-tab-video\" muted playsinline preload=\"metadata\" controls autoplay>\n      <source src=\"https:\/\/www.incidis.com.tr\/wp-content\/uploads\/2026\/03\/HASTA-TAKP-1.mp4\" type=\"video\/mp4\">\n    <\/video>\n  <\/div>\n<\/div>\n\t\t<\/div>\n\t<\/div>\n<\/div><\/div><\/div><\/div><\/div><div class=\"vc_tta-panel\" id=\"1677269219497-90e93931-d8e3\" data-vc-content=\".vc_tta-panel-body\"><div class=\"vc_tta-panel-heading\"><h4 class=\"vc_tta-panel-title\"><a href=\"#1677269219497-90e93931-d8e3\" data-vc-accordion data-vc-container=\".vc_tta-container\"><span class=\"vc_tta-title-text\">Panaromik R\u00f6ntgen<\/span><\/a><\/h4><\/div><div class=\"vc_tta-panel-body\"><div class=\"vc_row wpb_row vc_inner row\"><div class=\"vc_column_container col-md-6 vc_custom_1654773069750\"><div class=\"wpb_wrapper vc_column-inner\">\n\t<div class=\"wpb_text_column wpb_content_element\" >\n\t\t<div class=\"wpb_wrapper\">\n\t\t\t<p style=\"text-align: Justify;\">Tedavi yolunun belirlenmesi i\u00e7in ilk muayeneden \u00f6nce \u00e7ekilmesi \u00f6nerilir. Geleneksel 2 boyutlu g\u00f6r\u00fcnt\u00fclemenin \u00f6tesine ge\u00e7en bu ola\u011fan\u00fcst\u00fc cihaz, a\u011f\u0131z i\u00e7i anatomisini en ince ayr\u0131nt\u0131s\u0131na kadar ay\u0131rt etmemize yard\u0131mc\u0131 olur!\u00a0Bu \u00fcnite ayn\u0131 zamanda hastaya d\u00fc\u015f\u00fck bir X-\u0131\u015f\u0131n\u0131 dozu sa\u011flay\u0131p ultra y\u00fcksek performans\u0131 korurken; \u00e7al\u0131\u015fma konforunu da en \u00fcst d\u00fczeye \u00e7\u0131kar\u0131r<\/p>\n\n\t\t<\/div>\n\t<\/div>\n<\/div><\/div><div class=\"vc_column_container col-md-6\"><div class=\"wpb_wrapper vc_column-inner\">\n\t<div class=\"wpb_raw_code wpb_content_element wpb_raw_html\" >\n\t\t<div class=\"wpb_wrapper\">\n\t\t\t<div class=\"inci-tab-video-wrap\">\n  <div class=\"inci-tab-video\">\n    <video class=\"inci-auto-tab-video\" muted playsinline preload=\"metadata\" controls autoplay>\n      <source src=\"https:\/\/www.incidis.com.tr\/wp-content\/uploads\/2026\/03\/Tomografi-ve-Rontgen-1.mp4\" type=\"video\/mp4\">\n    <\/video>\n  <\/div>\n<\/div>\n\t\t<\/div>\n\t<\/div>\n<\/div><\/div><\/div><\/div><\/div><\/div><\/div><\/div><\/div><\/div><\/div><\/div>\n<\/section>","protected":false},"excerpt":{"rendered":"Klinik Teknolojilerimiz SterilizasyonCad-CamDijital Di\u015f Hekimli\u011fiG\u00fcl\u00fc\u015f Tasar\u0131m\u0131 \u2013 Smile DesignHasta Takip SistemiPanaromik R\u00f6ntgenSterilizasyon Sterilizasyon bir nesne ya da obje \u00fczerindeki t\u00fcm zararl\u0131 zarars\u0131z mikroorganizmalar\u0131n yok edilmesidir. Klini\u011fimizde otoklav ad\u0131n\u0131 verdi\u011fimiz y\u00fcksek nemli \u0131s\u0131 (su buhar\u0131) ile sterilizasyon yapan cihazlar kullan\u0131lmaktad\u0131r. Otoklavlar, farkl\u0131 t\u00fcrde ekipman, alet ve malzemeleri y\u00fcksek s\u0131cakl\u0131kta buharla sterilize etmek i\u00e7in kullan\u0131lan cihazlard\u0131r. Otoklavlar, [...]","protected":false},"author":1,"featured_media":0,"parent":550,"menu_order":0,"comment_status":"closed","ping_status":"closed","template":"","meta":{"footnotes":""},"_links":{"self":[{"href":"https:\/\/www.incidis.com.tr\/en\/wp-json\/wp\/v2\/pages\/582"}],"collection":[{"href":"https:\/\/www.incidis.com.tr\/en\/wp-json\/wp\/v2\/pages"}],"about":[{"href":"https:\/\/www.incidis.com.tr\/en\/wp-json\/wp\/v2\/types\/page"}],"author":[{"embeddable":true,"href":"https:\/\/www.incidis.com.tr\/en\/wp-json\/wp\/v2\/users\/1"}],"replies":[{"embeddable":true,"href":"https:\/\/www.incidis.com.tr\/en\/wp-json\/wp\/v2\/comments?post=582"}],"version-history":[{"count":71,"href":"https:\/\/www.incidis.com.tr\/en\/wp-json\/wp\/v2\/pages\/582\/revisions"}],"predecessor-version":[{"id":10735,"href":"https:\/\/www.incidis.com.tr\/en\/wp-json\/wp\/v2\/pages\/582\/revisions\/10735"}],"up":[{"embeddable":true,"href":"https:\/\/www.incidis.com.tr\/en\/wp-json\/wp\/v2\/pages\/550"}],"wp:attachment":[{"href":"https:\/\/www.incidis.com.tr\/en\/wp-json\/wp\/v2\/media?parent=582"}],"curies":[{"name":"wp","href":"https:\/\/api.w.org\/{rel}","templated":true}]}}