{"id":569,"date":"2022-05-06T22:17:33","date_gmt":"2022-05-06T19:17:33","guid":{"rendered":"http:\/\/incidis.com.tr\/?page_id=569"},"modified":"2025-06-17T13:29:27","modified_gmt":"2025-06-17T10:29:27","slug":"inci-group","status":"publish","type":"page","link":"https:\/\/www.incidis.com.tr\/en\/kurumsal\/inci-group\/","title":{"rendered":"Inci Group"},"content":{"rendered":"<section class=\"wpb-content-wrapper\"><div class=\"vc_row wpb_row row top-row vc_custom_1654679970048\"><div class=\"vc_column_container col-md-12\"><div class=\"wpb_wrapper vc_column-inner\">\n\t<div class=\"wpb_text_column wpb_content_element\" >\n\t\t<div class=\"wpb_wrapper\">\n\t\t\t<h1 style=\"text-align: center;\">Inci Group Healthcare Services<\/h1>\n\n\t\t<\/div>\n\t<\/div>\n<div class=\"porto-separator\"><hr class=\"separator-line  vc_custom_1654679992280 align_center\" style=\"background-image: -webkit-linear-gradient(left, transparent, #00b2e3, transparent); background-image: linear-gradient(to right, transparent, #00b2e3, transparent);height:2px;width:30%;\"><\/div><\/div><\/div><\/div><div class=\"vc_row wpb_row row top-row\"><div class=\"vc_column_container col-md-8 vc_custom_1651863666103\"><div class=\"wpb_wrapper vc_column-inner\">\n\t<div class=\"wpb_text_column wpb_content_element  vc_custom_1750156164071\" >\n\t\t<div class=\"wpb_wrapper\">\n\t\t\t<p style=\"text-align: Justify;\">Inci Group operates in the healthcare sector in the fields of dental clinics, dental laboratories, occupational health and safety, medical tourism, and the import and export of medical supplies.<\/p>\n<p style=\"text-align: Justify;\">Specializing in dental and oral health since 2013, \u0130nci Group, with its five fully equipped clinics, treats both domestic and international patients suffering from dental and oral problems using high technology and modern medical methods, helping them achieve healthy smiles through its comprehensive health tourism services.<\/p>\n<p style=\"text-align: Justify;\">The modern laboratory within the \u0130nci Group is the most important institution in its field in T\u00fcrkiye, thanks to its collaborations with the world&#039;s leading manufacturers of oral and dental health equipment.<\/p>\n<p style=\"text-align: Justify;\">At the clinics within the \u0130nci Group, all treatments are performed by expert dentists and their assistants. With its high-quality materials, state-of-the-art equipment, and expert physicians, \u0130nci Group, which applies the world&#039;s best treatment methods, is progressing towards becoming the best institution in Europe in the field of dental health.<\/p>\n<p style=\"text-align: Justify;\"><a href=\"https:\/\/incigroup.com.tr\/\" target=\"_blank\">www.incigroup.com.tr<\/a><\/p>\n\n\t\t<\/div>\n\t<\/div>\n<\/div><\/div><div class=\"vc_column_container col-md-4 vc_custom_1654680161144\"><div class=\"wpb_wrapper vc_column-inner\">\r\n\t<div class=\"wpb_single_image wpb_content_element vc_align_left  vc_custom_1654285322477\">\r\n\t\t<div class=\"wpb_wrapper\">\r\n\t\t\t\r\n\t\t\t<div class=\"vc_single_image-wrapper   vc_box_border_grey\"><img decoding=\"async\" class=\"vc_single_image-img\" src=\"https:\/\/www.incidis.com.tr\/wp-content\/uploads\/2022\/06\/incigroupyeni.png\" width=\"358\" height=\"235\" alt=\"incigroupyeni\" title=\"incigroupyeni\" \/><\/div>\r\n\t\t<\/div>\r\n\t<\/div>\r\n<\/div><\/div><\/div><div class=\"vc_row wpb_row row top-row\"><div class=\"vc_column_container col-md-12\"><div class=\"wpb_wrapper vc_column-inner\">\n\t<div class=\"wpb_text_column wpb_content_element\" >\n\t\t<div class=\"wpb_wrapper\">\n\t\t\t\n\t\t<\/div>\n\t<\/div>\n<\/div><\/div><\/div>\n<\/section>","protected":false},"excerpt":{"rendered":"\u0130nci Group Sa\u011fl\u0131k Hizmetleri \u0130nci Group sa\u011fl\u0131k sekt\u00f6r\u00fcnde di\u015f klinikleri, di\u015f laboratuvar\u0131, i\u015f sa\u011fl\u0131\u011f\u0131 ve g\u00fcvenli\u011fi, medikal turizm ve t\u0131bb\u0131 malzeme ithalat ve ihracat\u0131 alanlar\u0131nda faaliyet g\u00f6stermektedir. Di\u015f ve a\u011f\u0131z sa\u011fl\u0131\u011f\u0131 konusunda 2013\u2019den beri uzmanla\u015fan \u0130nci Group, say\u0131s\u0131 5\u2019i bulan tam donan\u0131ml\u0131 kinikleriyle di\u015f ve a\u011f\u0131z problemleri ya\u015fayan yerli hastalar\u0131 ve verdi\u011fi tam kapsaml\u0131 sa\u011fl\u0131k [...]","protected":false},"author":1,"featured_media":0,"parent":550,"menu_order":0,"comment_status":"closed","ping_status":"closed","template":"","meta":{"footnotes":""},"_links":{"self":[{"href":"https:\/\/www.incidis.com.tr\/en\/wp-json\/wp\/v2\/pages\/569"}],"collection":[{"href":"https:\/\/www.incidis.com.tr\/en\/wp-json\/wp\/v2\/pages"}],"about":[{"href":"https:\/\/www.incidis.com.tr\/en\/wp-json\/wp\/v2\/types\/page"}],"author":[{"embeddable":true,"href":"https:\/\/www.incidis.com.tr\/en\/wp-json\/wp\/v2\/users\/1"}],"replies":[{"embeddable":true,"href":"https:\/\/www.incidis.com.tr\/en\/wp-json\/wp\/v2\/comments?post=569"}],"version-history":[{"count":30,"href":"https:\/\/www.incidis.com.tr\/en\/wp-json\/wp\/v2\/pages\/569\/revisions"}],"predecessor-version":[{"id":10138,"href":"https:\/\/www.incidis.com.tr\/en\/wp-json\/wp\/v2\/pages\/569\/revisions\/10138"}],"up":[{"embeddable":true,"href":"https:\/\/www.incidis.com.tr\/en\/wp-json\/wp\/v2\/pages\/550"}],"wp:attachment":[{"href":"https:\/\/www.incidis.com.tr\/en\/wp-json\/wp\/v2\/media?parent=569"}],"curies":[{"name":"wp","href":"https:\/\/api.w.org\/{rel}","templated":true}]}}