{"id":550,"date":"2022-05-06T21:52:31","date_gmt":"2022-05-06T18:52:31","guid":{"rendered":"http:\/\/incidis.com.tr\/?page_id=550"},"modified":"2026-02-13T17:47:13","modified_gmt":"2026-02-13T14:47:13","slug":"kurumsal","status":"publish","type":"page","link":"https:\/\/www.incidis.com.tr\/en\/kurumsal\/","title":{"rendered":"Corporate"},"content":{"rendered":"<section class=\"wpb-content-wrapper\"><div class=\"vc_row wpb_row row top-row vc_custom_1654684026462\"><div class=\"vc_column_container col-md-12\"><div class=\"wpb_wrapper vc_column-inner\">\n\t<div class=\"wpb_text_column wpb_content_element\" >\n\t\t<div class=\"wpb_wrapper\">\n\t\t\t<h1 style=\"text-align: center;\">About Us<\/h1>\n\n\t\t<\/div>\n\t<\/div>\n<div class=\"porto-separator\"><hr class=\"separator-line  vc_custom_1654684043207 align_center\" style=\"background-image: -webkit-linear-gradient(left, transparent, #00b2e3, transparent); background-image: linear-gradient(to right, transparent, #00b2e3, transparent);height:2px;width:30%;\"><\/div><\/div><\/div><\/div><div class=\"vc_row wpb_row row top-row vc_custom_1654320631306\"><div class=\"vc_column_container col-md-12 vc_custom_1651863666103\"><div class=\"wpb_wrapper vc_column-inner\">\n\t<div class=\"wpb_text_column wpb_content_element  vc_custom_1770993929805\" >\n\t\t<div class=\"wpb_wrapper\">\n\t\t\t<p><span style=\"font-weight: 400;\">As \u0130nci Oral and Dental Health Clinic, we have been providing oral and dental health services in Istanbul since 2013. Since our establishment, we have been operating with an understanding that prioritizes ethical values, patient safety, and service quality. By closely following current dental practices and integrating modern treatment approaches into our clinic, we aim to provide reliable and sustainable healthcare services to every patient.<\/span><\/p>\n<p><span style=\"font-weight: 400;\">Our expert team, comprised of experienced dentists and healthcare professionals, applies current and scientific treatment methods by continuously supporting their professional development with ongoing training. We provide a holistic assessment of our patients through our services in various branches such as orthodontics, implantology, pedodontics, prosthetic dentistry, and oral and maxillofacial surgery.<\/span><\/p>\n<p><span style=\"font-weight: 400;\">By integrating advanced technologies such as digital imaging systems and computer-aided planning tools, which support modern dentistry, into our treatment processes, we make the diagnosis and treatment phases more controlled, comfortable, and predictable.<\/span><\/p>\n<p><span style=\"font-weight: 400;\">With our clinics located in Ba\u015fak\u015fehir, Bah\u00e7e\u015fehir, Levent, Pendik, and G\u00f6kt\u00fcrk, we provide easy accessibility to our patients by serving different parts of Istanbul. Hygiene, sterilization, and patient safety are our priorities in all our clinics. Through transparent information and strong patient-doctor communication, we adopt a trust-based, long-term service approach in the field of oral and dental health.<\/span><\/p>\n\n\t\t<\/div>\n\t<\/div>\n<\/div><\/div><\/div><div class=\"vc_row wpb_row row top-row vc_custom_1654684026462\"><div class=\"vc_column_container col-md-12\"><div class=\"wpb_wrapper vc_column-inner\">\n\t<div class=\"wpb_text_column wpb_content_element\" >\n\t\t<div class=\"wpb_wrapper\">\n\t\t\t<h1 style=\"text-align: center;\">Our Vision<\/h1>\n\n\t\t<\/div>\n\t<\/div>\n<div class=\"porto-separator\"><hr class=\"separator-line  vc_custom_1654684043207 align_center\" style=\"background-image: -webkit-linear-gradient(left, transparent, #00b2e3, transparent); background-image: linear-gradient(to right, transparent, #00b2e3, transparent);height:2px;width:30%;\"><\/div><\/div><\/div><\/div><div class=\"vc_row wpb_row row top-row vc_custom_1654320631306\"><div class=\"vc_column_container col-md-12 vc_custom_1651863666103\"><div class=\"wpb_wrapper vc_column-inner\">\n\t<div class=\"wpb_text_column wpb_content_element  vc_custom_1770994032077\" >\n\t\t<div class=\"wpb_wrapper\">\n\t\t\t<p><strong>\u201c&quot;To become T\u00fcrkiye&#039;s global benchmark in smile health.&quot;\u201d<\/strong><\/p>\n<p><span style=\"font-weight: 400;\">At \u0130nci Di\u015f, we aim to be a trusted and preferred brand in oral and dental health services, not only in T\u00fcrkiye but also internationally. By combining technology, scientific innovation, and a human-centered approach, we constantly strive for excellence to ensure that every individual achieves a healthier, more aesthetically pleasing, and more confident smile.<\/span><\/p>\n\n\t\t<\/div>\n\t<\/div>\n<\/div><\/div><\/div><div class=\"vc_row wpb_row row top-row vc_custom_1654684026462\"><div class=\"vc_column_container col-md-12\"><div class=\"wpb_wrapper vc_column-inner\">\n\t<div class=\"wpb_text_column wpb_content_element\" >\n\t\t<div class=\"wpb_wrapper\">\n\t\t\t<h1 style=\"text-align: center;\">Our Mission<\/h1>\n\n\t\t<\/div>\n\t<\/div>\n<div class=\"porto-separator\"><hr class=\"separator-line  vc_custom_1654684043207 align_center\" style=\"background-image: -webkit-linear-gradient(left, transparent, #00b2e3, transparent); background-image: linear-gradient(to right, transparent, #00b2e3, transparent);height:2px;width:30%;\"><\/div><\/div><\/div><\/div><div class=\"vc_row wpb_row row top-row vc_custom_1654320631306\"><div class=\"vc_column_container col-md-12 vc_custom_1651863666103\"><div class=\"wpb_wrapper vc_column-inner\">\n\t<div class=\"wpb_text_column wpb_content_element  vc_custom_1770993998797\" >\n\t\t<div class=\"wpb_wrapper\">\n\t\t\t<p><strong>\u201c&quot;Embracing every patient&#039;s health journey with respect, science, and technology.&quot;\u201d<\/p>\n<p><\/strong><\/p>\n<p><span style=\"font-weight: 400;\">* To offer every individual who comes to our clinic the highest quality and personalized treatment plans.<\/span><\/p>\n<p><span style=\"font-weight: 400;\">* Achieving reliable, comfortable, and effective results using modern dental technologies.<\/span><\/p>\n<p><span style=\"font-weight: 400;\">* To always prioritize ethical values, hygiene standards, and patient safety.<\/span><\/p>\n<p><span style=\"font-weight: 400;\">* To improve the international patient experience and increase patient satisfaction.<\/span><\/p>\n<p><span style=\"font-weight: 400;\">* To strengthen the professional development of our medical staff through continuous training and development, and to progress as a model institution in the healthcare sector.<\/span><\/p>\n\n\t\t<\/div>\n\t<\/div>\n<\/div><\/div><\/div><div class=\"vc_row wpb_row row top-row\"><div class=\"vc_column_container col-md-12\"><div class=\"wpb_wrapper vc_column-inner\">\n\t<div class=\"wpb_text_column wpb_content_element\" >\n\t\t<div class=\"wpb_wrapper\">\n\t\t\t\n\t\t<\/div>\n\t<\/div>\n<\/div><\/div><\/div><div class=\"vc_row wpb_row row top-row\"><div class=\"vc_column_container col-md-12\"><div class=\"wpb_wrapper vc_column-inner\">\n\t<div class=\"wpb_text_column wpb_content_element\" >\n\t\t<div class=\"wpb_wrapper\">\n\t\t\t\n\t\t<\/div>\n\t<\/div>\n<\/div><\/div><\/div>\n<\/section>","protected":false},"excerpt":{"rendered":"Hakk\u0131m\u0131zda \u0130nci A\u011f\u0131z ve Di\u015f Sa\u011fl\u0131\u011f\u0131 Poliklini\u011fi olarak 2013 y\u0131l\u0131ndan bu yana \u0130stanbul\u2019da a\u011f\u0131z ve di\u015f sa\u011fl\u0131\u011f\u0131 alan\u0131nda hizmet sunuyoruz. Kuruldu\u011fumuz g\u00fcnden itibaren etik de\u011ferlere ba\u011fl\u0131, hasta g\u00fcvenli\u011fini ve hizmet kalitesini \u00f6n planda tutan bir anlay\u0131\u015fla \u00e7al\u0131\u015fmalar\u0131m\u0131z\u0131 s\u00fcrd\u00fcr\u00fcyoruz. G\u00fcncel di\u015f hekimli\u011fi uygulamalar\u0131n\u0131 yak\u0131ndan takip ederek modern tedavi yakla\u015f\u0131mlar\u0131n\u0131 klini\u011fimize entegre ediyor, her hastam\u0131za g\u00fcvenilir ve [...]","protected":false},"author":1,"featured_media":0,"parent":0,"menu_order":0,"comment_status":"closed","ping_status":"closed","template":"","meta":{"footnotes":""},"_links":{"self":[{"href":"https:\/\/www.incidis.com.tr\/en\/wp-json\/wp\/v2\/pages\/550"}],"collection":[{"href":"https:\/\/www.incidis.com.tr\/en\/wp-json\/wp\/v2\/pages"}],"about":[{"href":"https:\/\/www.incidis.com.tr\/en\/wp-json\/wp\/v2\/types\/page"}],"author":[{"embeddable":true,"href":"https:\/\/www.incidis.com.tr\/en\/wp-json\/wp\/v2\/users\/1"}],"replies":[{"embeddable":true,"href":"https:\/\/www.incidis.com.tr\/en\/wp-json\/wp\/v2\/comments?post=550"}],"version-history":[{"count":70,"href":"https:\/\/www.incidis.com.tr\/en\/wp-json\/wp\/v2\/pages\/550\/revisions"}],"predecessor-version":[{"id":10607,"href":"https:\/\/www.incidis.com.tr\/en\/wp-json\/wp\/v2\/pages\/550\/revisions\/10607"}],"wp:attachment":[{"href":"https:\/\/www.incidis.com.tr\/en\/wp-json\/wp\/v2\/media?parent=550"}],"curies":[{"name":"wp","href":"https:\/\/api.w.org\/{rel}","templated":true}]}}