{"id":4829,"date":"2023-03-15T23:39:21","date_gmt":"2023-03-15T20:39:21","guid":{"rendered":"http:\/\/incidis.com.tr\/?page_id=4829"},"modified":"2025-08-20T11:21:03","modified_gmt":"2025-08-20T08:21:03","slug":"gokturk","status":"publish","type":"page","link":"https:\/\/www.incidis.com.tr\/en\/gokturk\/","title":{"rendered":"Gokturk"},"content":{"rendered":"<section class=\"wpb-content-wrapper\"><div class=\"vc_row wpb_row row top-row\"><div class=\"vc_column_container col-md-12\"><div class=\"wpb_wrapper vc_column-inner\">\n\t<div class=\"wpb_text_column wpb_content_element\" >\n\t\t<div class=\"wpb_wrapper\">\n\t\t\t\n\t\t<\/div>\n\t<\/div>\n<\/div><\/div><\/div><div class=\"vc_row wpb_row row top-row\"><div class=\"vc_column_container col-md-12\"><div class=\"wpb_wrapper vc_column-inner\">\n\t<div class=\"wpb_text_column wpb_content_element\" >\n\t\t<div class=\"wpb_wrapper\">\n\t\t\t<h1 style=\"text-align: center;\">\u0130nci Di\u015f G\u00f6kt\u00fcrk Di\u015f Klini\u011fi<\/h1>\n\n\t\t<\/div>\n\t<\/div>\n<div class=\"porto-separator\"><hr class=\"separator-line  vc_custom_1654683218777 align_center\" style=\"background-image: -webkit-linear-gradient(left, transparent, #00b2e3, transparent); background-image: linear-gradient(to right, transparent, #00b2e3, transparent);height:2px;width:20%;\"><\/div><\/div><\/div><\/div><div class=\"vc_row wpb_row row top-row\"><div class=\"vc_column_container col-md-12\"><div class=\"wpb_wrapper vc_column-inner\">\n\t<div class=\"wpb_text_column wpb_content_element\" >\n\t\t<div class=\"wpb_wrapper\">\n\t\t\t\n\t\t<\/div>\n\t<\/div>\n<div class=\"vc_row wpb_row vc_inner row vc_row-o-content-middle vc_row-flex\"><div class=\"vc_column_container col-md-6 vc_custom_1653648285385\"><div class=\"wpb_wrapper vc_column-inner\">\n\t<div class=\"wpb_text_column wpb_content_element\" >\n\t\t<div class=\"wpb_wrapper\">\n\t\t\t<script type=\"text\/javascript\">\r\ndocument.addEventListener(\"DOMContentLoaded\", function(event) { \r\n\tjQuery( '#slider-pro-3-4189' ).sliderPro({\r\n\t\t\/\/width\r\n\t\t\t\twidth: 1000,\r\n\t\t\t\t\r\n\t\t\/\/height\r\n\t\t\t\theight: 500,\r\n\t\t\t\t\r\n\t\t\/\/auto play\r\n\t\t\t\tautoplay:  true,\r\n\t\tautoplayOnHover: 'none',\r\n\t\t\t\t\t\t\t\tautoplayDelay: 5000,\r\n\t\t\r\n\t\t\r\n\t\tarrows: true,\r\n\t\tbuttons: true,\r\n\t\tsmallSize: 500,\r\n\t\tmediumSize: 1000,\r\n\t\tlargeSize: 3000,\r\n\t\tfade: true,\r\n\t\t\r\n\t\t\/\/thumbnail\r\n\t\tthumbnailArrows: true,\r\n\t\tthumbnailWidth: 120,\r\n\t\tthumbnailHeight: 120,\r\n\t\t\t\t\t\tthumbnailsPosition: 'bottom',\r\n\t\t\t\t\t\tcenterImage: true,\r\n\t\timageScaleMode: 'contain',\r\n\t\tallowScaleUp: true,\r\n\t\t\t\tstartSlide: 0,\r\n\t\tloop: true,\r\n\t\tslideDistance: 5,\r\n\t\tautoplayDirection: 'normal',\r\n\t\ttouchSwipe: true,\r\n\t\tfullScreen: true,\r\n\t});\r\n});\r\n<\/script>\r\n<style>\r\n\/* Layout 3 *\/\r\n\/* border *\/\r\n#slider-pro-3-4189 .sp-selected-thumbnail {\r\n\tborder: 4px solid #000000;\r\n}\r\n\r\n\/* font + color *\/\r\n.title-in  {\r\n\tfont-family: Arial !important;\r\n\tcolor: #FFFFFF !important;\r\n\tbackground-color: #000000 !important;\r\n\topacity: 0.7 !important;\r\n}\r\n.desc-in  {\r\n\tfont-family: Arial !important;\r\n\tcolor: #FFFFFF !important;\r\n\tbackground-color: #00000 !important;\r\n\topacity: 0.7 !important;\r\n}\r\n\r\n\/* bullets color *\/\r\n.sp-button  {\r\n\tborder: 2px solid #000000 !important;\r\n}\r\n.sp-selected-button  {\r\n\tbackground-color: #000000 !important;\r\n}\r\n\r\n\/* pointer color - bottom *\/\r\n.sp-selected-thumbnail::before {\r\n\tborder-bottom: 5px solid #000000 !important;\r\n}\r\n.sp-selected-thumbnail::after {\r\n\tborder-bottom: 13px solid #000000 !important;\r\n}\r\n\r\n\/* pointer color - top *\/\r\n\r\n\/* full screen icon *\/\r\n.sp-full-screen-button::before {\r\n    color: #FFFFFF !important;\r\n}\r\n\r\n\/* hover navigation icon color *\/\r\n.sp-next-arrow::after, .sp-next-arrow::before {\r\n\tbackground-color: #FFFFFF !important;\r\n}\r\n.sp-previous-arrow::after, .sp-previous-arrow::before {\r\n\tbackground-color: #FFFFFF !important;\r\n}\r\n\r\n#slider-pro-3-4189 .title-in {\r\n\tcolor: #FFFFFF !important;\r\n\tfont-weight: bolder;\r\n\ttext-align: center;\r\n}\r\n\r\n#slider-pro-3-4189 .title-in-bg {\r\n\tbackground: rgba(255, 255, 255, 0.7); !important;\r\n\twhite-space: unset !important;\r\n\tmax-width: 90%;\r\n\tmin-width: 40%;\r\n\ttransform: initial !important;\r\n\t-webkit-transform: initial !important;\r\n\tfont-size: 14px !important;\r\n}\r\n\r\n#slider-pro-3-4189 .desc-in {\r\n\tcolor: #FFFFFF !important;\r\n\ttext-align: center;\r\n}\r\n#slider-pro-3-4189 .desc-in-bg {\r\n\tbackground: rgba(#00000, 0.7) !important;\r\n\twhite-space: unset !important;\r\n\twidth: 80% !important;\r\n\tmin-width: 30%;\r\n\ttransform: initial !important;\r\n\t-webkit-transform: initial !important;\r\n\tfont-size: 13px !important;\r\n}\r\n\r\n@media (max-width: 640px) {\r\n\t#slider-pro-3-4189 .hide-small-screen {\r\n\t\tdisplay: none;\r\n\t}\r\n}\r\n\r\n@media (max-width: 860px) {\r\n\t#slider-pro-3-4189 .sp-layer {\r\n\t\tfont-size: 18px;\r\n\t}\r\n\t\r\n\t#slider-pro-3-4189 .hide-medium-screen {\r\n\t\tdisplay: none;\r\n\t}\r\n}\r\n.slides-not-found {\r\n\tbackground-color: #a92929;\r\n\tborder-radius: 5px;\r\n\tcolor: #fff;\r\n\tfont-family: initial;\r\n\ttext-align: center;\r\n\tpadding:12px;\r\n}\r\n\/* Custom CSS *\/\r\n<\/style>\r\n<h3 class=\"uris-slider-post-title\"><\/h3>\r\n\t\t<div id=\"slider-pro-3-4189\" class=\"slider-pro\">\r\n\t\t\t<!---- slides div start ---->\r\n\t\t\t<div class=\"sp-slides\">\r\n\t\t\t\t\t\t\t\t\t\t<div class=\"sp-slide\">\r\n\t\t\t\t\t\t\t<img decoding=\"async\" class=\"sp-image\" loading=\"lazy\" alt=\"Inci-Dis-Gokturk-4\" src=\"https:\/\/www.incidis.com.tr\/wp-content\/plugins\/ultimate-responsive-image-slider\/assets\/css\/images\/blank.gif\" data-src=\"https:\/\/www.incidis.com.tr\/wp-content\/uploads\/2023\/02\/Inci-Dis-Gokturk-4.webp\" \/>\r\n\r\n\t\t\t\t\t\t\t\r\n\t\t\t\t\t\t\t\t\t\t\t\t\t<\/div>\r\n\t\t\t\t\t\t\t\t\t\t\t\t<div class=\"sp-slide\">\r\n\t\t\t\t\t\t\t<img decoding=\"async\" class=\"sp-image\" loading=\"lazy\" alt=\"Inci-Dis-Gokturk-3\" src=\"https:\/\/www.incidis.com.tr\/wp-content\/plugins\/ultimate-responsive-image-slider\/assets\/css\/images\/blank.gif\" data-src=\"https:\/\/www.incidis.com.tr\/wp-content\/uploads\/2023\/02\/Inci-Dis-Gokturk-3.webp\" \/>\r\n\r\n\t\t\t\t\t\t\t\r\n\t\t\t\t\t\t\t\t\t\t\t\t\t<\/div>\r\n\t\t\t\t\t\t\t\t\t\t\t\t<div class=\"sp-slide\">\r\n\t\t\t\t\t\t\t<img decoding=\"async\" class=\"sp-image\" loading=\"lazy\" alt=\"Inci-Dis-Gokturk-2\" src=\"https:\/\/www.incidis.com.tr\/wp-content\/plugins\/ultimate-responsive-image-slider\/assets\/css\/images\/blank.gif\" data-src=\"https:\/\/www.incidis.com.tr\/wp-content\/uploads\/2023\/02\/Inci-Dis-Gokturk-2.webp\" \/>\r\n\r\n\t\t\t\t\t\t\t\r\n\t\t\t\t\t\t\t\t\t\t\t\t\t<\/div>\r\n\t\t\t\t\t\t\t\t\t\t\t\t<div class=\"sp-slide\">\r\n\t\t\t\t\t\t\t<img decoding=\"async\" class=\"sp-image\" loading=\"lazy\" alt=\"Inci-Dis-Gokturk-5\" src=\"https:\/\/www.incidis.com.tr\/wp-content\/plugins\/ultimate-responsive-image-slider\/assets\/css\/images\/blank.gif\" data-src=\"https:\/\/www.incidis.com.tr\/wp-content\/uploads\/2023\/02\/Inci-Dis-Gokturk-5.webp\" \/>\r\n\r\n\t\t\t\t\t\t\t\r\n\t\t\t\t\t\t\t\t\t\t\t\t\t<\/div>\r\n\t\t\t\t\t\t\t\t\t\t\t\t<div class=\"sp-slide\">\r\n\t\t\t\t\t\t\t<img decoding=\"async\" class=\"sp-image\" loading=\"lazy\" alt=\"Inci-Dis-Gokturk-1\" src=\"https:\/\/www.incidis.com.tr\/wp-content\/plugins\/ultimate-responsive-image-slider\/assets\/css\/images\/blank.gif\" data-src=\"https:\/\/www.incidis.com.tr\/wp-content\/uploads\/2023\/02\/Inci-Dis-Gokturk-1.webp\" \/>\r\n\r\n\t\t\t\t\t\t\t\r\n\t\t\t\t\t\t\t\t\t\t\t\t\t<\/div>\r\n\t\t\t\t\t\t\t\t\t<\/div>\r\n\t\t\t\r\n\t\t\t<!---- slides div end ---->\r\n\t\t\t\t\t\t<!-- slides thumbnails div start -->\r\n\t\t\t<div class=\"sp-thumbnails\">\r\n\t\t\t\t\t\t\t\t\t\t<img decoding=\"async\" class=\"sp-thumbnail\" loading=\"lazy\" src=\"https:\/\/www.incidis.com.tr\/wp-content\/plugins\/ultimate-responsive-image-slider\/assets\/img\/loading.gif\" data-src=\"https:\/\/www.incidis.com.tr\/wp-content\/uploads\/2023\/02\/Inci-Dis-Gokturk-4-300x169.webp\" alt=\"Inci-Dis-Gokturk-4\"\/>\r\n\t\t\t\t\t\t\t\t\t\t\t<img decoding=\"async\" class=\"sp-thumbnail\" loading=\"lazy\" src=\"https:\/\/www.incidis.com.tr\/wp-content\/plugins\/ultimate-responsive-image-slider\/assets\/img\/loading.gif\" data-src=\"https:\/\/www.incidis.com.tr\/wp-content\/uploads\/2023\/02\/Inci-Dis-Gokturk-3-300x169.webp\" alt=\"Inci-Dis-Gokturk-3\"\/>\r\n\t\t\t\t\t\t\t\t\t\t\t<img decoding=\"async\" class=\"sp-thumbnail\" loading=\"lazy\" src=\"https:\/\/www.incidis.com.tr\/wp-content\/plugins\/ultimate-responsive-image-slider\/assets\/img\/loading.gif\" data-src=\"https:\/\/www.incidis.com.tr\/wp-content\/uploads\/2023\/02\/Inci-Dis-Gokturk-2-169x300.webp\" alt=\"Inci-Dis-Gokturk-2\"\/>\r\n\t\t\t\t\t\t\t\t\t\t\t<img decoding=\"async\" class=\"sp-thumbnail\" loading=\"lazy\" src=\"https:\/\/www.incidis.com.tr\/wp-content\/plugins\/ultimate-responsive-image-slider\/assets\/img\/loading.gif\" data-src=\"https:\/\/www.incidis.com.tr\/wp-content\/uploads\/2023\/02\/Inci-Dis-Gokturk-5-300x169.webp\" alt=\"Inci-Dis-Gokturk-5\"\/>\r\n\t\t\t\t\t\t\t\t\t\t\t<img decoding=\"async\" class=\"sp-thumbnail\" loading=\"lazy\" src=\"https:\/\/www.incidis.com.tr\/wp-content\/plugins\/ultimate-responsive-image-slider\/assets\/img\/loading.gif\" data-src=\"https:\/\/www.incidis.com.tr\/wp-content\/uploads\/2023\/02\/Inci-Dis-Gokturk-1-300x169.webp\" alt=\"Inci-Dis-Gokturk-1\"\/>\r\n\t\t\t\t\t\t\t\t<\/div>\r\n\t\t\t\t\t\t<!-- slides thumbnails div end -->\r\n\t\t<\/div>\r\n\n\n\t\t<\/div>\n\t<\/div>\n<\/div><\/div><div class=\"vc_column_container col-md-6\"><div class=\"wpb_wrapper vc_column-inner\"><h4 style=\"color: #00b2e3\" class=\"vc_custom_heading align-left\" >Adres<\/h4>\n\t<div class=\"wpb_text_column wpb_content_element  vc_custom_1755678060129\" >\n\t\t<div class=\"wpb_wrapper\">\n\t\t\t<p><a href=\"https:\/\/g.page\/incidisgokturk?share\"><span style=\"color: black;\">G\u00f6kt\u00fcrk Merkez, G\u00f6kt\u00fcrk Merkez Mah Kemer Corner Sitesi, Tan Sk. No:18-19 D:1 A, 34077 Ey\u00fcpsultan\/\u0130stanbul<\/span><\/a><\/p>\n\n\t\t<\/div>\n\t<\/div>\n<h4 style=\"color: #00b2e3\" class=\"vc_custom_heading vc_custom_1653645799911 align-left\" >Telefon<\/h4>\n\t<div class=\"wpb_text_column wpb_content_element  vc_custom_1706171615046\" >\n\t\t<div class=\"wpb_wrapper\">\n\t\t\t<p><a href=\"tel:4446240\"><span style=\"color: #000000;\">444 6 240<\/span><\/a><\/p>\n\n\t\t<\/div>\n\t<\/div>\n<h4 style=\"color: #00b2e3\" class=\"vc_custom_heading vc_custom_1653645808993 align-left\" >\u00c7al\u0131\u015fma Saatleri<\/h4>\n\t<div class=\"wpb_text_column wpb_content_element  vc_custom_1706083561438\" >\n\t\t<div class=\"wpb_wrapper\">\n\t\t\t<p><span class=\"selectable-text copyable-text\">Pazartesi &#8211; Cumartesi : 09:00-18:00<br \/>\n<\/span><span class=\"selectable-text copyable-text\">Pazar: Kapal\u0131<\/span><\/p>\n\n\t\t<\/div>\n\t<\/div>\n\n\t<div class=\"wpb_text_column wpb_content_element\" >\n\t\t<div class=\"wpb_wrapper\">\n\t\t\t\n\t\t<\/div>\n\t<\/div>\n<div class=\"vc_btn3-container vc_btn3-inline\" >\r\n\t<a onmouseleave=\"this.style.borderColor=&#039;#02769e&#039;; this.style.backgroundColor=&#039;transparent&#039;; this.style.color=&#039;#02769e&#039;\" onmouseenter=\"this.style.borderColor=\\&#039;#02769e\\&#039;; this.style.backgroundColor=\\&#039;#02769e\\&#039;; this.style.color=\\&#039;#ffffff\\&#039;;\" class=\"vc_general vc_btn3 vc_btn3-size-md vc_btn3-shape-round vc_btn3-style-outline-custom wpb_custom_6687b26f39488ddbb85ddb3c1ce8e111 vc_btn3-icon-right btn\" style=\"border-color:#02769e; color:#02769e;\" href=\"https:\/\/www.incidis.com.tr\/en\/klinikler\/inci-dis-gokturk-2\/\" title=\"\u0130nci Di\u015f G\u00f6kt\u00fcrk\">\u015eube Sayfas\u0131na Git <i class=\"vc_btn3-icon fas fa-arrow-right\"><\/i><\/a>\t<\/div>\r\n<\/div><\/div><\/div><\/div><\/div><\/div><div class=\"vc_row wpb_row row top-row\"><div class=\"vc_column_container col-md-12\"><div class=\"wpb_wrapper vc_column-inner\">\n\t<div class=\"wpb_text_column wpb_content_element\" >\n\t\t<div class=\"wpb_wrapper\">\n\t\t\t<p>A\u011f\u0131z i\u00e7erisinde ki t\u00fcm i\u015flemleri yapacak geni\u015f yelpazede tedavi se\u00e7enekleri ve b\u00f6l\u00fcmlere sahip kadromuz mevcuttur. Yap\u0131lan i\u015flemlerden bir ka\u00e7\u0131 \u015fu \u015fekildedir;<\/p>\n<ul>\n<li>Hollywood smile<\/li>\n<li>Inv\u0131saling (\u015feffaf plak)<\/li>\n<li>Tel tedavisi<\/li>\n<li><a href=\"https:\/\/www.incidis.com.tr\/en\/tedaviler\/dis-beyazlatma\/\">Di\u015f Beyazlatma (Bleaching)<\/a><\/li>\n<li>Estetik dolgu<\/li>\n<li><a href=\"https:\/\/www.incidis.com.tr\/en\/tedaviler\/kuretaj\/\">Di\u015f ta\u015f\u0131 temizli\u011fi<\/a><\/li>\n<li>Implant tedavisi<\/li>\n<li><a href=\"https:\/\/www.incidis.com.tr\/en\/tedaviler\/endodonti-2\/\">Kanal Tedavisi<\/a><\/li>\n<\/ul>\n<p>Gibi bir\u00e7ok i\u015flem \u015fubemizde yap\u0131lmaktad\u0131r.<\/p>\n\n\t\t<\/div>\n\t<\/div>\n<\/div><\/div><\/div><div class=\"vc_row wpb_row row top-row\"><div class=\"vc_column_container col-md-12\"><div class=\"wpb_wrapper vc_column-inner\">\n\t<div class=\"wpb_text_column wpb_content_element\" >\n\t\t<div class=\"wpb_wrapper\">\n\t\t\t\n\t\t<\/div>\n\t<\/div>\n<\/div><\/div><\/div><div class=\"vc_row wpb_row row top-row\"><div class=\"vc_column_container col-md-12\"><div class=\"wpb_wrapper vc_column-inner\">\n<div class=\"wpcf7 no-js\" id=\"wpcf7-f3761-o1\" lang=\"en-US\" dir=\"ltr\">\n<div class=\"screen-reader-response\"><p role=\"status\" aria-live=\"polite\" aria-atomic=\"true\"><\/p> <ul><\/ul><\/div>\n<form action=\"\/en\/wp-json\/wp\/v2\/pages\/4829#wpcf7-f3761-o1\" method=\"post\" class=\"wpcf7-form init\" aria-label=\"Contact form\" novalidate=\"novalidate\" data-status=\"init\" data-trp-original-action=\"\/en\/wp-json\/wp\/v2\/pages\/4829#wpcf7-f3761-o1\">\n<div style=\"display: none;\">\n<input type=\"hidden\" name=\"_wpcf7\" value=\"3761\" \/>\n<input type=\"hidden\" name=\"_wpcf7_version\" value=\"5.9.3\" \/>\n<input type=\"hidden\" name=\"_wpcf7_locale\" value=\"en_US\" \/>\n<input type=\"hidden\" name=\"_wpcf7_unit_tag\" value=\"wpcf7-f3761-o1\" \/>\n<input type=\"hidden\" name=\"_wpcf7_container_post\" value=\"0\" \/>\n<input type=\"hidden\" name=\"_wpcf7_posted_data_hash\" value=\"\" \/>\n<\/div>\n<div class=\"wpb_wrapper\">\n\t<h2 style=\"text-align: center;\">Detayl\u0131 Bilgi Almak \u0130\u00e7in Formu Doldurun\n\t<\/h2>\n<\/div>\n<div class=\"row\">\n\t<div class=\"column\">\n\t\t<p>Name Surname <span class=\"wpcf7-form-control-wrap\" data-name=\"first-name\"><input size=\"40\" class=\"wpcf7-form-control wpcf7-text wpcf7-validates-as-required\" aria-required=\"true\" aria-invalid=\"false\" value=\"\" type=\"text\" name=\"first-name\" \/><\/span>\n\t\t<\/p>\n\t<\/div>\n\t<div class=\"column\">\n\t\t<p>Mobile Phone <span class=\"wpcf7-form-control-wrap telephone\"><input class=\"wpcf7-form-control wpcf7-intl_tel wpcf7-validates-as-required wpcf7-intl-tel\" aria-required=\"true\" aria-invalid=\"false\" data-initialcountry=\"tr\" data-preferredcountries=\"tr-de-uk-gb-fr-nl-be-es-uk\" value=\"\" type=\"tel\" name=\"telephone-cf7it-national\" \/><input name=\"telephone\" type=\"hidden\" class=\"wpcf7-intl-tel-full\" \/><input type=\"hidden\" name=\"telephone-cf7it-country-name\" class=\"wpcf7-intl-tel-country-name\" \/><input type=\"hidden\" name=\"telephone-cf7it-country-code\" class=\"wpcf7-intl-tel-country-code\" \/><input type=\"hidden\" name=\"telephone-cf7it-country-iso2\" class=\"wpcf7-intl-tel-country-iso2\" \/><\/span>\n\t\t<\/p>\n\t<\/div>\n\t<div class=\"column\">\n\t\t<p>Mesaj\u0131n\u0131z <span class=\"wpcf7-form-control-wrap\" data-name=\"your-subject\"><input size=\"40\" class=\"wpcf7-form-control wpcf7-text wpcf7-validates-as-required\" aria-required=\"true\" aria-invalid=\"false\" value=\"\" type=\"text\" name=\"your-subject\" \/><\/span>\n\t\t<\/p>\n\t<\/div>\n<\/div>\n<div class=\"wpb_wrapper\">\n\t<div style=\"display: flex;    align-items: center;    justify-content: center;\">\n\t\t<p><input class=\"wpcf7-form-control wpcf7-submit has-spinner\" type=\"submit\" value=\"Bilgi Al\" \/>\n\t\t<\/p>\n\t<\/div>\n<\/div><p style=\"display: none !important;\" class=\"akismet-fields-container\" data-prefix=\"_wpcf7_ak_\"><label>\u0394<textarea name=\"_wpcf7_ak_hp_textarea\" cols=\"45\" rows=\"8\" maxlength=\"100\"><\/textarea><\/label><input type=\"hidden\" id=\"ak_js_1\" name=\"_wpcf7_ak_js\" value=\"172\"\/><script>document.getElementById( \"ak_js_1\" ).setAttribute( \"value\", ( new Date() ).getTime() );<\/script><\/p><input type='hidden' class='wpcf7-pum' value='{\"closepopup\":false,\"closedelay\":0,\"openpopup\":false,\"openpopup_id\":0}' \/><div class=\"wpcf7-response-output\" aria-hidden=\"true\"><\/div>\n<input type=\"hidden\" name=\"trp-form-language\" value=\"en\"\/><\/form>\n<\/div>\n<\/div><\/div><\/div><div class=\"vc_row wpb_row row top-row\"><div class=\"vc_column_container col-md-12\"><div class=\"wpb_wrapper vc_column-inner\">\n\t<div class=\"wpb_text_column wpb_content_element\" >\n\t\t<div class=\"wpb_wrapper\">\n\t\t\t\n\t\t<\/div>\n\t<\/div>\n<\/div><\/div><\/div>\n<\/section>","protected":false},"excerpt":{"rendered":"","protected":false},"author":1,"featured_media":0,"parent":0,"menu_order":0,"comment_status":"closed","ping_status":"closed","template":"","meta":{"footnotes":""},"_links":{"self":[{"href":"https:\/\/www.incidis.com.tr\/en\/wp-json\/wp\/v2\/pages\/4829"}],"collection":[{"href":"https:\/\/www.incidis.com.tr\/en\/wp-json\/wp\/v2\/pages"}],"about":[{"href":"https:\/\/www.incidis.com.tr\/en\/wp-json\/wp\/v2\/types\/page"}],"author":[{"embeddable":true,"href":"https:\/\/www.incidis.com.tr\/en\/wp-json\/wp\/v2\/users\/1"}],"replies":[{"embeddable":true,"href":"https:\/\/www.incidis.com.tr\/en\/wp-json\/wp\/v2\/comments?post=4829"}],"version-history":[{"count":24,"href":"https:\/\/www.incidis.com.tr\/en\/wp-json\/wp\/v2\/pages\/4829\/revisions"}],"predecessor-version":[{"id":10353,"href":"https:\/\/www.incidis.com.tr\/en\/wp-json\/wp\/v2\/pages\/4829\/revisions\/10353"}],"wp:attachment":[{"href":"https:\/\/www.incidis.com.tr\/en\/wp-json\/wp\/v2\/media?parent=4829"}],"curies":[{"name":"wp","href":"https:\/\/api.w.org\/{rel}","templated":true}]}}