{"id":4816,"date":"2023-03-15T23:29:57","date_gmt":"2023-03-15T20:29:57","guid":{"rendered":"http:\/\/incidis.com.tr\/?page_id=4816"},"modified":"2026-02-11T18:02:25","modified_gmt":"2026-02-11T15:02:25","slug":"levent","status":"publish","type":"page","link":"https:\/\/www.incidis.com.tr\/en\/levent\/","title":{"rendered":"Levent"},"content":{"rendered":"<section class=\"wpb-content-wrapper\"><div class=\"vc_row wpb_row row top-row\"><div class=\"vc_column_container col-md-12\"><div class=\"wpb_wrapper vc_column-inner\">\n\t<div class=\"wpb_text_column wpb_content_element\" >\n\t\t<div class=\"wpb_wrapper\">\n\t\t\t\n\t\t<\/div>\n\t<\/div>\n<\/div><\/div><\/div><div class=\"vc_row wpb_row row top-row\"><div class=\"vc_column_container col-md-12\"><div class=\"wpb_wrapper vc_column-inner\">\n\t<div class=\"wpb_text_column wpb_content_element\" >\n\t\t<div class=\"wpb_wrapper\">\n\t\t\t<h1 style=\"text-align: center;\">\u0130nci Di\u015f Levent Di\u015f Klini\u011fi<\/h1>\n\n\t\t<\/div>\n\t<\/div>\n<div class=\"porto-separator\"><hr class=\"separator-line  vc_custom_1654683218777 align_center\" style=\"background-image: -webkit-linear-gradient(left, transparent, #00b2e3, transparent); background-image: linear-gradient(to right, transparent, #00b2e3, transparent);height:2px;width:20%;\"><\/div><\/div><\/div><\/div><div class=\"vc_row wpb_row row top-row\"><div class=\"vc_column_container col-md-12\"><div class=\"wpb_wrapper vc_column-inner\">\n\t<div class=\"wpb_text_column wpb_content_element\" >\n\t\t<div class=\"wpb_wrapper\">\n\t\t\t\n\t\t<\/div>\n\t<\/div>\n<div class=\"vc_row wpb_row vc_inner row vc_row-o-content-middle vc_row-flex\"><div class=\"vc_column_container col-md-6\"><div class=\"wpb_wrapper vc_column-inner\">\n\t<div class=\"wpb_text_column wpb_content_element\" >\n\t\t<div class=\"wpb_wrapper\">\n\t\t\t<script type=\"text\/javascript\">\r\ndocument.addEventListener(\"DOMContentLoaded\", function(event) { \r\n\tjQuery( '#slider-pro-3-2217' ).sliderPro({\r\n\t\t\/\/width\r\n\t\t\t\twidth: 1000,\r\n\t\t\t\t\r\n\t\t\/\/height\r\n\t\t\t\theight: 500,\r\n\t\t\t\t\r\n\t\t\/\/auto play\r\n\t\t\t\tautoplay:  true,\r\n\t\tautoplayOnHover: 'none',\r\n\t\t\t\t\t\t\t\tautoplayDelay: 5000,\r\n\t\t\r\n\t\t\r\n\t\tarrows: true,\r\n\t\tbuttons: true,\r\n\t\tsmallSize: 500,\r\n\t\tmediumSize: 1000,\r\n\t\tlargeSize: 3000,\r\n\t\tfade: true,\r\n\t\t\r\n\t\t\/\/thumbnail\r\n\t\tthumbnailArrows: true,\r\n\t\tthumbnailWidth: 120,\r\n\t\tthumbnailHeight: 120,\r\n\t\t\t\t\t\tthumbnailsPosition: 'bottom',\r\n\t\t\t\t\t\tcenterImage: true,\r\n\t\timageScaleMode: 'cover',\r\n\t\tallowScaleUp: true,\r\n\t\t\t\tstartSlide: 0,\r\n\t\tloop: true,\r\n\t\tslideDistance: 5,\r\n\t\tautoplayDirection: 'normal',\r\n\t\ttouchSwipe: true,\r\n\t\tfullScreen: true,\r\n\t});\r\n});\r\n<\/script>\r\n<style>\r\n\/* Layout 3 *\/\r\n\/* border *\/\r\n#slider-pro-3-2217 .sp-selected-thumbnail {\r\n\tborder: 4px solid #00b2e3;\r\n}\r\n\r\n\/* font + color *\/\r\n.title-in  {\r\n\tfont-family: Arial !important;\r\n\tcolor: #FFFFFF !important;\r\n\tbackground-color: #000000 !important;\r\n\topacity: 0.7 !important;\r\n}\r\n.desc-in  {\r\n\tfont-family: Arial !important;\r\n\tcolor: #FFFFFF !important;\r\n\tbackground-color: #00000 !important;\r\n\topacity: 0.7 !important;\r\n}\r\n\r\n\/* bullets color *\/\r\n.sp-button  {\r\n\tborder: 2px solid #00b2e3 !important;\r\n}\r\n.sp-selected-button  {\r\n\tbackground-color: #00b2e3 !important;\r\n}\r\n\r\n\/* pointer color - bottom *\/\r\n.sp-selected-thumbnail::before {\r\n\tborder-bottom: 5px solid #00b2e3 !important;\r\n}\r\n.sp-selected-thumbnail::after {\r\n\tborder-bottom: 13px solid #00b2e3 !important;\r\n}\r\n\r\n\/* pointer color - top *\/\r\n\r\n\/* full screen icon *\/\r\n.sp-full-screen-button::before {\r\n    color: #FFFFFF !important;\r\n}\r\n\r\n\/* hover navigation icon color *\/\r\n.sp-next-arrow::after, .sp-next-arrow::before {\r\n\tbackground-color: #FFFFFF !important;\r\n}\r\n.sp-previous-arrow::after, .sp-previous-arrow::before {\r\n\tbackground-color: #FFFFFF !important;\r\n}\r\n\r\n#slider-pro-3-2217 .title-in {\r\n\tcolor: #FFFFFF !important;\r\n\tfont-weight: bolder;\r\n\ttext-align: center;\r\n}\r\n\r\n#slider-pro-3-2217 .title-in-bg {\r\n\tbackground: rgba(255, 255, 255, 0.7); !important;\r\n\twhite-space: unset !important;\r\n\tmax-width: 90%;\r\n\tmin-width: 40%;\r\n\ttransform: initial !important;\r\n\t-webkit-transform: initial !important;\r\n\tfont-size: 14px !important;\r\n}\r\n\r\n#slider-pro-3-2217 .desc-in {\r\n\tcolor: #FFFFFF !important;\r\n\ttext-align: center;\r\n}\r\n#slider-pro-3-2217 .desc-in-bg {\r\n\tbackground: rgba(#00000, 0.7) !important;\r\n\twhite-space: unset !important;\r\n\twidth: 80% !important;\r\n\tmin-width: 30%;\r\n\ttransform: initial !important;\r\n\t-webkit-transform: initial !important;\r\n\tfont-size: 13px !important;\r\n}\r\n\r\n@media (max-width: 640px) {\r\n\t#slider-pro-3-2217 .hide-small-screen {\r\n\t\tdisplay: none;\r\n\t}\r\n}\r\n\r\n@media (max-width: 860px) {\r\n\t#slider-pro-3-2217 .sp-layer {\r\n\t\tfont-size: 18px;\r\n\t}\r\n\t\r\n\t#slider-pro-3-2217 .hide-medium-screen {\r\n\t\tdisplay: none;\r\n\t}\r\n}\r\n.slides-not-found {\r\n\tbackground-color: #a92929;\r\n\tborder-radius: 5px;\r\n\tcolor: #fff;\r\n\tfont-family: initial;\r\n\ttext-align: center;\r\n\tpadding:12px;\r\n}\r\n\/* Custom CSS *\/\r\n<\/style>\r\n\t\t<div id=\"slider-pro-3-2217\" class=\"slider-pro\">\r\n\t\t\t<!---- slides div start ---->\r\n\t\t\t<div class=\"sp-slides\">\r\n\t\t\t\t\t\t\t\t\t\t<div class=\"sp-slide\">\r\n\t\t\t\t\t\t\t<img decoding=\"async\" class=\"sp-image\" loading=\"lazy\" alt=\"levent di\u015f sa\u011fl\u0131\u011f\u0131 merkezi\" src=\"https:\/\/www.incidis.com.tr\/wp-content\/plugins\/ultimate-responsive-image-slider\/assets\/css\/images\/blank.gif\" data-src=\"https:\/\/www.incidis.com.tr\/wp-content\/uploads\/2022\/06\/5.jpg-1.webp\" \/>\r\n\r\n\t\t\t\t\t\t\t\r\n\t\t\t\t\t\t\t\t\t\t\t\t\t<\/div>\r\n\t\t\t\t\t\t\t\t\t\t\t\t<div class=\"sp-slide\">\r\n\t\t\t\t\t\t\t<img decoding=\"async\" class=\"sp-image\" loading=\"lazy\" alt=\"levent di\u015f sa\u011fl\u0131\u011f\u0131 merkezi\" src=\"https:\/\/www.incidis.com.tr\/wp-content\/plugins\/ultimate-responsive-image-slider\/assets\/css\/images\/blank.gif\" data-src=\"https:\/\/www.incidis.com.tr\/wp-content\/uploads\/2022\/06\/1.jpg-1.webp\" \/>\r\n\r\n\t\t\t\t\t\t\t\r\n\t\t\t\t\t\t\t\t\t\t\t\t\t<\/div>\r\n\t\t\t\t\t\t\t\t\t\t\t\t<div class=\"sp-slide\">\r\n\t\t\t\t\t\t\t<img decoding=\"async\" class=\"sp-image\" loading=\"lazy\" alt=\"levent di\u015f sa\u011fl\u0131\u011f\u0131 merkezi\" src=\"https:\/\/www.incidis.com.tr\/wp-content\/plugins\/ultimate-responsive-image-slider\/assets\/css\/images\/blank.gif\" data-src=\"https:\/\/www.incidis.com.tr\/wp-content\/uploads\/2022\/06\/2.jpg-1.webp\" \/>\r\n\r\n\t\t\t\t\t\t\t\r\n\t\t\t\t\t\t\t\t\t\t\t\t\t<\/div>\r\n\t\t\t\t\t\t\t\t\t\t\t\t<div class=\"sp-slide\">\r\n\t\t\t\t\t\t\t<img decoding=\"async\" class=\"sp-image\" loading=\"lazy\" alt=\"levent di\u015f sa\u011fl\u0131\u011f\u0131 merkezi\" src=\"https:\/\/www.incidis.com.tr\/wp-content\/plugins\/ultimate-responsive-image-slider\/assets\/css\/images\/blank.gif\" data-src=\"https:\/\/www.incidis.com.tr\/wp-content\/uploads\/2022\/06\/4.jpg-1.webp\" \/>\r\n\r\n\t\t\t\t\t\t\t\r\n\t\t\t\t\t\t\t\t\t\t\t\t\t<\/div>\r\n\t\t\t\t\t\t\t\t\t\t\t\t<div class=\"sp-slide\">\r\n\t\t\t\t\t\t\t<img decoding=\"async\" class=\"sp-image\" loading=\"lazy\" alt=\"levent di\u015f sa\u011fl\u0131\u011f\u0131 merkezi\" src=\"https:\/\/www.incidis.com.tr\/wp-content\/plugins\/ultimate-responsive-image-slider\/assets\/css\/images\/blank.gif\" data-src=\"https:\/\/www.incidis.com.tr\/wp-content\/uploads\/2022\/06\/7.jpg-1.webp\" \/>\r\n\r\n\t\t\t\t\t\t\t\r\n\t\t\t\t\t\t\t\t\t\t\t\t\t<\/div>\r\n\t\t\t\t\t\t\t\t\t\t\t\t<div class=\"sp-slide\">\r\n\t\t\t\t\t\t\t<img decoding=\"async\" class=\"sp-image\" loading=\"lazy\" alt=\"levent di\u015f sa\u011fl\u0131\u011f\u0131 merkezi\" src=\"https:\/\/www.incidis.com.tr\/wp-content\/plugins\/ultimate-responsive-image-slider\/assets\/css\/images\/blank.gif\" data-src=\"https:\/\/www.incidis.com.tr\/wp-content\/uploads\/2022\/06\/16.jpg-1.webp\" \/>\r\n\r\n\t\t\t\t\t\t\t\r\n\t\t\t\t\t\t\t\t\t\t\t\t\t<\/div>\r\n\t\t\t\t\t\t\t\t\t\t\t\t<div class=\"sp-slide\">\r\n\t\t\t\t\t\t\t<img decoding=\"async\" class=\"sp-image\" loading=\"lazy\" alt=\"levent di\u015f sa\u011fl\u0131\u011f\u0131 merkezi\" src=\"https:\/\/www.incidis.com.tr\/wp-content\/plugins\/ultimate-responsive-image-slider\/assets\/css\/images\/blank.gif\" data-src=\"https:\/\/www.incidis.com.tr\/wp-content\/uploads\/2022\/06\/levent-dis-sagligi-merkezi.webp\" \/>\r\n\r\n\t\t\t\t\t\t\t\r\n\t\t\t\t\t\t\t\t\t\t\t\t\t<\/div>\r\n\t\t\t\t\t\t\t\t\t\t\t\t<div class=\"sp-slide\">\r\n\t\t\t\t\t\t\t<img decoding=\"async\" class=\"sp-image\" loading=\"lazy\" alt=\"levent di\u015f tedavi merkezi\" src=\"https:\/\/www.incidis.com.tr\/wp-content\/plugins\/ultimate-responsive-image-slider\/assets\/css\/images\/blank.gif\" data-src=\"https:\/\/www.incidis.com.tr\/wp-content\/uploads\/2022\/06\/levent-dis-tedavi-merkezi.webp\" \/>\r\n\r\n\t\t\t\t\t\t\t\r\n\t\t\t\t\t\t\t\t\t\t\t\t\t<\/div>\r\n\t\t\t\t\t\t\t\t\t\t\t\t<div class=\"sp-slide\">\r\n\t\t\t\t\t\t\t<img decoding=\"async\" class=\"sp-image\" loading=\"lazy\" alt=\"levent a\u011f\u0131z ve di\u015f sa\u011fl\u0131\u011f\u0131 merkezi\" src=\"https:\/\/www.incidis.com.tr\/wp-content\/plugins\/ultimate-responsive-image-slider\/assets\/css\/images\/blank.gif\" data-src=\"https:\/\/www.incidis.com.tr\/wp-content\/uploads\/2022\/06\/levent-agiz-ve-dis-sagligi-merkezi.webp\" \/>\r\n\r\n\t\t\t\t\t\t\t\r\n\t\t\t\t\t\t\t\t\t\t\t\t\t<\/div>\r\n\t\t\t\t\t\t\t\t\t<\/div>\r\n\t\t\t\r\n\t\t\t<!---- slides div end ---->\r\n\t\t\t\t\t\t<!-- slides thumbnails div start -->\r\n\t\t\t<div class=\"sp-thumbnails\">\r\n\t\t\t\t\t\t\t\t\t\t<img decoding=\"async\" class=\"sp-thumbnail\" loading=\"lazy\" src=\"https:\/\/www.incidis.com.tr\/wp-content\/plugins\/ultimate-responsive-image-slider\/assets\/img\/loading.gif\" data-src=\"https:\/\/www.incidis.com.tr\/wp-content\/uploads\/2022\/06\/5.jpg-1-300x200.webp\" alt=\"levent di\u015f sa\u011fl\u0131\u011f\u0131 merkezi\"\/>\r\n\t\t\t\t\t\t\t\t\t\t\t<img decoding=\"async\" class=\"sp-thumbnail\" loading=\"lazy\" src=\"https:\/\/www.incidis.com.tr\/wp-content\/plugins\/ultimate-responsive-image-slider\/assets\/img\/loading.gif\" data-src=\"https:\/\/www.incidis.com.tr\/wp-content\/uploads\/2022\/06\/1.jpg-1-300x200.webp\" alt=\"levent di\u015f sa\u011fl\u0131\u011f\u0131 merkezi\"\/>\r\n\t\t\t\t\t\t\t\t\t\t\t<img decoding=\"async\" class=\"sp-thumbnail\" loading=\"lazy\" src=\"https:\/\/www.incidis.com.tr\/wp-content\/plugins\/ultimate-responsive-image-slider\/assets\/img\/loading.gif\" data-src=\"https:\/\/www.incidis.com.tr\/wp-content\/uploads\/2022\/06\/2.jpg-1-300x200.webp\" alt=\"levent di\u015f sa\u011fl\u0131\u011f\u0131 merkezi\"\/>\r\n\t\t\t\t\t\t\t\t\t\t\t<img decoding=\"async\" class=\"sp-thumbnail\" loading=\"lazy\" src=\"https:\/\/www.incidis.com.tr\/wp-content\/plugins\/ultimate-responsive-image-slider\/assets\/img\/loading.gif\" data-src=\"https:\/\/www.incidis.com.tr\/wp-content\/uploads\/2022\/06\/4.jpg-1-300x200.webp\" alt=\"levent di\u015f sa\u011fl\u0131\u011f\u0131 merkezi\"\/>\r\n\t\t\t\t\t\t\t\t\t\t\t<img decoding=\"async\" class=\"sp-thumbnail\" loading=\"lazy\" src=\"https:\/\/www.incidis.com.tr\/wp-content\/plugins\/ultimate-responsive-image-slider\/assets\/img\/loading.gif\" data-src=\"https:\/\/www.incidis.com.tr\/wp-content\/uploads\/2022\/06\/7.jpg-1-300x200.webp\" alt=\"levent di\u015f sa\u011fl\u0131\u011f\u0131 merkezi\"\/>\r\n\t\t\t\t\t\t\t\t\t\t\t<img decoding=\"async\" class=\"sp-thumbnail\" loading=\"lazy\" src=\"https:\/\/www.incidis.com.tr\/wp-content\/plugins\/ultimate-responsive-image-slider\/assets\/img\/loading.gif\" data-src=\"https:\/\/www.incidis.com.tr\/wp-content\/uploads\/2022\/06\/16.jpg-1-300x200.webp\" alt=\"levent di\u015f sa\u011fl\u0131\u011f\u0131 merkezi\"\/>\r\n\t\t\t\t\t\t\t\t\t\t\t<img decoding=\"async\" class=\"sp-thumbnail\" loading=\"lazy\" src=\"https:\/\/www.incidis.com.tr\/wp-content\/plugins\/ultimate-responsive-image-slider\/assets\/img\/loading.gif\" data-src=\"https:\/\/www.incidis.com.tr\/wp-content\/uploads\/2022\/06\/levent-dis-sagligi-merkezi-300x200.webp\" alt=\"levent di\u015f sa\u011fl\u0131\u011f\u0131 merkezi\"\/>\r\n\t\t\t\t\t\t\t\t\t\t\t<img decoding=\"async\" class=\"sp-thumbnail\" loading=\"lazy\" src=\"https:\/\/www.incidis.com.tr\/wp-content\/plugins\/ultimate-responsive-image-slider\/assets\/img\/loading.gif\" data-src=\"https:\/\/www.incidis.com.tr\/wp-content\/uploads\/2022\/06\/levent-dis-tedavi-merkezi-300x227.webp\" alt=\"levent di\u015f tedavi merkezi\"\/>\r\n\t\t\t\t\t\t\t\t\t\t\t<img decoding=\"async\" class=\"sp-thumbnail\" loading=\"lazy\" src=\"https:\/\/www.incidis.com.tr\/wp-content\/plugins\/ultimate-responsive-image-slider\/assets\/img\/loading.gif\" data-src=\"https:\/\/www.incidis.com.tr\/wp-content\/uploads\/2022\/06\/levent-agiz-ve-dis-sagligi-merkezi-300x200.webp\" alt=\"levent a\u011f\u0131z ve di\u015f sa\u011fl\u0131\u011f\u0131 merkezi\"\/>\r\n\t\t\t\t\t\t\t\t<\/div>\r\n\t\t\t\t\t\t<!-- slides thumbnails div end -->\r\n\t\t<\/div>\r\n\n\n\t\t<\/div>\n\t<\/div>\n<\/div><\/div><div class=\"vc_column_container col-md-6\"><div class=\"wpb_wrapper vc_column-inner\"><h4 style=\"color: #00b2e3\" class=\"vc_custom_heading align-left\" >Adres<\/h4>\n\t<div class=\"wpb_text_column wpb_content_element  vc_custom_1758190613320\" >\n\t\t<div class=\"wpb_wrapper\">\n\t\t\t<p><a href=\"https:\/\/goo.gl\/maps\/rzG4FL1KWV3Guc5v6\"><span style=\"color: black;\">Sultan Selim Mahallesi, Sultan Selim Cad. No:22\/A Levent \/ Ka\u011f\u0131thane\/ \u0130stanbul<\/span><\/a><\/p>\n\n\t\t<\/div>\n\t<\/div>\n<h4 style=\"color: #00b2e3\" class=\"vc_custom_heading vc_custom_1653645799911 align-left\" >Telefon<\/h4>\n\t<div class=\"wpb_text_column wpb_content_element  vc_custom_1706171488628\" >\n\t\t<div class=\"wpb_wrapper\">\n\t\t\t<p><a href=\"tel:4446240\"><span style=\"color: #000000;\">444 6 240<\/span><\/a><\/p>\n\n\t\t<\/div>\n\t<\/div>\n<h4 style=\"color: #00b2e3\" class=\"vc_custom_heading vc_custom_1653645808993 align-left\" >\u00c7al\u0131\u015fma Saatleri<\/h4>\n\t<div class=\"wpb_text_column wpb_content_element  vc_custom_1758190519911\" >\n\t\t<div class=\"wpb_wrapper\">\n\t\t\t<p><span class=\"selectable-text copyable-text\">Her g\u00fcn : 09:00 &#8211; 22:00<br \/>\n<\/span><\/p>\n\n\t\t<\/div>\n\t<\/div>\n<\/div><\/div><\/div><\/div><\/div><\/div><div class=\"vc_row wpb_row row top-row\"><div class=\"vc_column_container col-md-12 d-none\"><div class=\"wpb_wrapper vc_column-inner\">\n\t<div class=\"wpb_text_column wpb_content_element\" >\n\t\t<div class=\"wpb_wrapper\">\n\t\t\t<p>Levent A\u011f\u0131z ve Di\u015f Sa\u011fl\u0131\u011f\u0131 Poliklini\u011fi, ilk a\u00e7\u0131ld\u0131\u011f\u0131 d\u00f6nemlerde g\u00fcnl\u00fck ortalama 70 hasta bakarken, g\u00fcn\u00fcm\u00fczde bu say\u0131y\u0131 3 kat\u0131na \u00e7\u0131kararak g\u00fcnl\u00fck ortalama 200\u2019e yak\u0131n hasta bakmaya ba\u015flam\u0131\u015ft\u0131r. Bunun sebebi daima kaliteli hizmet prosed\u00fcrlerini eksiksiz uygulamas\u0131 ve tamamen hasta odakl\u0131 profesyonel bir ekiple \u00e7al\u0131\u015fmas\u0131d\u0131r. Hastalar\u0131na \u00fccretsiz muayene imkan\u0131 sunan \u0130nci Di\u015f Sa\u011fl\u0131\u011f\u0131 Poliklini\u011fi, ayn\u0131 zamanda hastalar\u0131n deneyimli ve alan\u0131nda uzman hekimler taraf\u0131ndan detayl\u0131 planlama yap\u0131lmas\u0131na olanak sa\u011flam\u0131\u015ft\u0131r. Bu sayede en do\u011fru endikasyonlar\u0131 hastalara vererek b\u00f6lgenin tercih edilen poliklinik olmu\u015ftur.<\/p>\n<p>\u0130nci Di\u015f Poliklini\u011fi, sekt\u00f6re 28 personelle ba\u015flam\u0131\u015f ve g\u00fcn ge\u00e7tik\u00e7e b\u00fcy\u00fcy\u00fcp geli\u015ferek \u00e7al\u0131\u015fan say\u0131s\u0131n\u0131 41\u2019e y\u00fckseltmi\u015ftir. Operasyonlarda kaliteli malzeme kullan\u0131m\u0131, yeni nesil cihazlar, uzman hekimler ve modern \u00e7al\u0131\u015fma alanlar\u0131yla farkl\u0131 bran\u015flar i\u00e7in tasarlanm\u0131\u015f 13 \u00fcnitesi, son teknoloji t\u0131p ekipmanlar\u0131 ile haftan\u0131n 7 g\u00fcn\u00fc hizmet vermektedir. Hafta i\u00e7leri ve cumartesi g\u00fcnleri sabah 09.00 itibariyle hizmet vermeye ba\u015flamakta olup, ak\u015fam 21.00 itibariyle kapan\u0131\u015f yapmaktad\u0131r. Pazar g\u00fcnleri acil servis olarak 10.00-18.00 aras\u0131 \u00e7al\u0131\u015fmaktad\u0131r.<\/p>\n<p>Alan\u0131n\u0131n en ba\u015far\u0131l\u0131 hekimleri ile \u00e7al\u0131\u015fan \u0130nci di\u015f Levent, t\u00fcm tedavi b\u00f6l\u00fcmlerine sahiptir. Oral Diagnoz ve Radyoloji, Genel Anestezi, <a href=\"https:\/\/www.incidis.com.tr\/en\/tedaviler\/endodonti-2\/\">Endodontics<\/a>, Ortodonti, <a href=\"https:\/\/www.incidis.com.tr\/en\/tedaviler\/pedodonti\/\">Pedodontics<\/a>, Periodontoloji, \u0130mplant Cerrahisi, A\u011f\u0131z, Di\u015f ve \u00c7ene cerrahisi, Zirkonyum Kaplama, <a href=\"https:\/\/www.incidis.com.tr\/en\/tedaviler\/dijital-gulus-tasarimi\/\">Hollywood Smile,<\/a> Di\u015f Beyazlatma, G\u00fcl\u00fc\u015f Tasar\u0131m\u0131, <a href=\"https:\/\/www.incidis.com.tr\/en\/tedaviler\/protez-2\/\">Prosthesis<\/a> ve Restoratif ve bunun gibi bir\u00e7ok alanda hizmet vermektedir. Bunlar\u0131n yan\u0131 s\u0131ra \u0130nci Di\u015f, uzmanla\u015fm\u0131\u015f di\u015f doktorlar\u0131 ve kendisine ait laboratuvara sahip oldu\u011fu i\u00e7in tedavi s\u00fcrecini h\u0131zl\u0131 bir \u015fekilde tamamlamaktad\u0131r.<\/p>\n<p>Farkl\u0131 \u00fclkelerden gelip \u0130nci Di\u015f\u2019i tercih eden y\u00fczlerce yabanc\u0131 hastay\u0131 b\u00fcnyesinde a\u011f\u0131rlayan, tedavisini profesyonel ve eksiksiz bir \u015fekilde tamamlay\u0131p, \u00fclkesine memnuniyetle d\u00f6nmesini sa\u011flayan \u0130nci Di\u015f, uluslararas\u0131 ba\u015far\u0131lara da imza att\u0131\u011f\u0131n\u0131 kan\u0131tlam\u0131\u015ft\u0131r. Di\u015f hekimli\u011fine farkl\u0131 ve yeni bir bak\u0131\u015f a\u00e7\u0131s\u0131 kazand\u0131rmay\u0131 ve uluslararas\u0131 alanda \u00fclkesini en iyi \u015fekilde temsil etmeyi ba\u015farm\u0131\u015ft\u0131r. Sa\u011fl\u0131k turizminde \u00f6nc\u00fc kliniklerden biri haline gelen Levent \u0130nci Di\u015f Sa\u011fl\u0131\u011f\u0131 Merkezi, ad\u0131n\u0131 yabanc\u0131 \u00fclkelere tan\u0131tmay\u0131 hedefleyip bu alanda \u00f6zveri ile \u00e7al\u0131\u015fmaya devam etmektedir.<\/p>\n<p>Her konuda y\u00fcksek ba\u015far\u0131 elde etmi\u015f olan \u0130nci Di\u015f Levent, en zor vakalarda bile en iyi sonu\u00e7lar\u0131 elde etmi\u015ftir. Hastalar\u0131n her zaman \u00f6nce sa\u011fl\u0131\u011f\u0131n\u0131 g\u00f6z \u00f6n\u00fcnde bulundurarak hareket edilmi\u015f ve i\u00e7eriye giren her ki\u015fi i\u00e7in \u00f6zel ilgi ile muayene ve tedavi yap\u0131lm\u0131\u015ft\u0131r. Hasta memnuniyet anlay\u0131\u015f\u0131n\u0131 benimseyen \u0130nci Di\u015f Levent her zaman kurallar\u0131n\u0131 bozmadan her y\u0131l daha ba\u015far\u0131l\u0131 olarak ilerlemeye devam etmektedir. Haftan\u0131n her g\u00fcn\u00fc olduk\u00e7a yo\u011fun olan \u0130nci Di\u015f Levent klini\u011fi bulundu\u011fu b\u00f6lgenin g\u00f6zdesi olarak kalmay\u0131 hedeflemi\u015ftir.<\/p>\n\n\t\t<\/div>\n\t<\/div>\n<\/div><\/div><\/div><div class=\"vc_row wpb_row row top-row\"><div class=\"vc_column_container col-md-12\"><div class=\"wpb_wrapper vc_column-inner\">\n\t<div class=\"wpb_text_column wpb_content_element\" >\n\t\t<div class=\"wpb_wrapper\">\n\t\t\t\n\t\t<\/div>\n\t<\/div>\n<\/div><\/div><\/div><div class=\"vc_row wpb_row row top-row\"><div class=\"vc_column_container col-md-12\"><div class=\"wpb_wrapper vc_column-inner\">\n<div class=\"wpcf7 no-js\" id=\"wpcf7-f3761-o1\" lang=\"en-US\" dir=\"ltr\">\n<div class=\"screen-reader-response\"><p role=\"status\" aria-live=\"polite\" aria-atomic=\"true\"><\/p> <ul><\/ul><\/div>\n<form action=\"\/en\/wp-json\/wp\/v2\/pages\/4816#wpcf7-f3761-o1\" method=\"post\" class=\"wpcf7-form init\" aria-label=\"Contact form\" novalidate=\"novalidate\" data-status=\"init\" data-trp-original-action=\"\/en\/wp-json\/wp\/v2\/pages\/4816#wpcf7-f3761-o1\">\n<div style=\"display: none;\">\n<input type=\"hidden\" name=\"_wpcf7\" value=\"3761\" \/>\n<input type=\"hidden\" name=\"_wpcf7_version\" value=\"5.9.3\" \/>\n<input type=\"hidden\" name=\"_wpcf7_locale\" value=\"en_US\" \/>\n<input type=\"hidden\" name=\"_wpcf7_unit_tag\" value=\"wpcf7-f3761-o1\" \/>\n<input type=\"hidden\" name=\"_wpcf7_container_post\" value=\"0\" \/>\n<input type=\"hidden\" name=\"_wpcf7_posted_data_hash\" value=\"\" \/>\n<\/div>\n<div class=\"wpb_wrapper\">\n\t<h2 style=\"text-align: center;\">Detayl\u0131 Bilgi Almak \u0130\u00e7in Formu Doldurun\n\t<\/h2>\n<\/div>\n<div class=\"row\">\n\t<div class=\"column\">\n\t\t<p>Name Surname <span class=\"wpcf7-form-control-wrap\" data-name=\"first-name\"><input size=\"40\" class=\"wpcf7-form-control wpcf7-text wpcf7-validates-as-required\" aria-required=\"true\" aria-invalid=\"false\" value=\"\" type=\"text\" name=\"first-name\" \/><\/span>\n\t\t<\/p>\n\t<\/div>\n\t<div class=\"column\">\n\t\t<p>Mobile Phone <span class=\"wpcf7-form-control-wrap telephone\"><input class=\"wpcf7-form-control wpcf7-intl_tel wpcf7-validates-as-required wpcf7-intl-tel\" aria-required=\"true\" aria-invalid=\"false\" data-initialcountry=\"tr\" data-preferredcountries=\"tr-de-uk-gb-fr-nl-be-es-uk\" value=\"\" type=\"tel\" name=\"telephone-cf7it-national\" \/><input name=\"telephone\" type=\"hidden\" class=\"wpcf7-intl-tel-full\" \/><input type=\"hidden\" name=\"telephone-cf7it-country-name\" class=\"wpcf7-intl-tel-country-name\" \/><input type=\"hidden\" name=\"telephone-cf7it-country-code\" class=\"wpcf7-intl-tel-country-code\" \/><input type=\"hidden\" name=\"telephone-cf7it-country-iso2\" class=\"wpcf7-intl-tel-country-iso2\" \/><\/span>\n\t\t<\/p>\n\t<\/div>\n\t<div class=\"column\">\n\t\t<p>Mesaj\u0131n\u0131z <span class=\"wpcf7-form-control-wrap\" data-name=\"your-subject\"><input size=\"40\" class=\"wpcf7-form-control wpcf7-text wpcf7-validates-as-required\" aria-required=\"true\" aria-invalid=\"false\" value=\"\" type=\"text\" name=\"your-subject\" \/><\/span>\n\t\t<\/p>\n\t<\/div>\n<\/div>\n<div class=\"wpb_wrapper\">\n\t<div style=\"display: flex;    align-items: center;    justify-content: center;\">\n\t\t<p><input class=\"wpcf7-form-control wpcf7-submit has-spinner\" type=\"submit\" value=\"Bilgi Al\" \/>\n\t\t<\/p>\n\t<\/div>\n<\/div><p style=\"display: none !important;\" class=\"akismet-fields-container\" data-prefix=\"_wpcf7_ak_\"><label>\u0394<textarea name=\"_wpcf7_ak_hp_textarea\" cols=\"45\" rows=\"8\" maxlength=\"100\"><\/textarea><\/label><input type=\"hidden\" id=\"ak_js_1\" name=\"_wpcf7_ak_js\" value=\"1\"\/><script>document.getElementById( \"ak_js_1\" ).setAttribute( \"value\", ( new Date() ).getTime() );<\/script><\/p><input type='hidden' class='wpcf7-pum' value='{\"closepopup\":false,\"closedelay\":0,\"openpopup\":false,\"openpopup_id\":0}' \/><div class=\"wpcf7-response-output\" aria-hidden=\"true\"><\/div>\n<input type=\"hidden\" name=\"trp-form-language\" value=\"en\"\/><\/form>\n<\/div>\n<\/div><\/div><\/div>\n<\/section>","protected":false},"excerpt":{"rendered":"","protected":false},"author":1,"featured_media":0,"parent":0,"menu_order":0,"comment_status":"closed","ping_status":"closed","template":"","meta":{"footnotes":""},"_links":{"self":[{"href":"https:\/\/www.incidis.com.tr\/en\/wp-json\/wp\/v2\/pages\/4816"}],"collection":[{"href":"https:\/\/www.incidis.com.tr\/en\/wp-json\/wp\/v2\/pages"}],"about":[{"href":"https:\/\/www.incidis.com.tr\/en\/wp-json\/wp\/v2\/types\/page"}],"author":[{"embeddable":true,"href":"https:\/\/www.incidis.com.tr\/en\/wp-json\/wp\/v2\/users\/1"}],"replies":[{"embeddable":true,"href":"https:\/\/www.incidis.com.tr\/en\/wp-json\/wp\/v2\/comments?post=4816"}],"version-history":[{"count":25,"href":"https:\/\/www.incidis.com.tr\/en\/wp-json\/wp\/v2\/pages\/4816\/revisions"}],"predecessor-version":[{"id":10604,"href":"https:\/\/www.incidis.com.tr\/en\/wp-json\/wp\/v2\/pages\/4816\/revisions\/10604"}],"wp:attachment":[{"href":"https:\/\/www.incidis.com.tr\/en\/wp-json\/wp\/v2\/media?parent=4816"}],"curies":[{"name":"wp","href":"https:\/\/api.w.org\/{rel}","templated":true}]}}