{"id":4810,"date":"2023-03-15T23:26:37","date_gmt":"2023-03-15T20:26:37","guid":{"rendered":"http:\/\/incidis.com.tr\/?page_id=4810"},"modified":"2025-06-25T13:31:56","modified_gmt":"2025-06-25T10:31:56","slug":"basaksehir-2","status":"publish","type":"page","link":"https:\/\/www.incidis.com.tr\/en\/klinikler\/basaksehir-2\/","title":{"rendered":"Basaksehir"},"content":{"rendered":"<section class=\"wpb-content-wrapper\"><div class=\"vc_row wpb_row row top-row\"><div class=\"vc_column_container col-md-12\"><div class=\"wpb_wrapper vc_column-inner\">\n\t<div class=\"wpb_text_column wpb_content_element\" >\n\t\t<div class=\"wpb_wrapper\">\n\t\t\t\n\t\t<\/div>\n\t<\/div>\n<\/div><\/div><\/div><div class=\"vc_row wpb_row row top-row\"><div class=\"vc_column_container col-md-12\"><div class=\"wpb_wrapper vc_column-inner\">\n\t<div class=\"wpb_text_column wpb_content_element\" >\n\t\t<div class=\"wpb_wrapper\">\n\t\t\t<h1 style=\"text-align: center;\">\u0130nci Di\u015f Ba\u015fak\u015fehir Di\u015f Klini\u011fi<\/h1>\n\n\t\t<\/div>\n\t<\/div>\n<div class=\"porto-separator\"><hr class=\"separator-line  vc_custom_1654683218777 align_center\" style=\"background-image: -webkit-linear-gradient(left, transparent, #00b2e3, transparent); background-image: linear-gradient(to right, transparent, #00b2e3, transparent);height:2px;width:20%;\"><\/div><\/div><\/div><\/div><div class=\"vc_row wpb_row row top-row\"><div class=\"vc_column_container col-md-12\"><div class=\"wpb_wrapper vc_column-inner\">\n\t<div class=\"wpb_text_column wpb_content_element\" >\n\t\t<div class=\"wpb_wrapper\">\n\t\t\t\n\t\t<\/div>\n\t<\/div>\n<div class=\"vc_row wpb_row vc_inner row vc_row-o-content-middle vc_row-flex\"><div class=\"vc_column_container col-md-6\"><div class=\"wpb_wrapper vc_column-inner\">\n\t<div class=\"wpb_text_column wpb_content_element\" >\n\t\t<div class=\"wpb_wrapper\">\n\t\t\t<script type=\"text\/javascript\">\r\ndocument.addEventListener(\"DOMContentLoaded\", function(event) { \r\n\tjQuery( '#slider-pro-3-2204' ).sliderPro({\r\n\t\t\/\/width\r\n\t\t\t\twidth: 1000,\r\n\t\t\t\t\r\n\t\t\/\/height\r\n\t\t\t\theight: 500,\r\n\t\t\t\t\r\n\t\t\/\/auto play\r\n\t\t\t\tautoplay:  true,\r\n\t\tautoplayOnHover: 'none',\r\n\t\t\t\t\t\t\t\tautoplayDelay: 5000,\r\n\t\t\r\n\t\t\r\n\t\tarrows: true,\r\n\t\tbuttons: true,\r\n\t\tsmallSize: 500,\r\n\t\tmediumSize: 1000,\r\n\t\tlargeSize: 3000,\r\n\t\tfade: true,\r\n\t\t\r\n\t\t\/\/thumbnail\r\n\t\tthumbnailArrows: true,\r\n\t\tthumbnailWidth: 120,\r\n\t\tthumbnailHeight: 120,\r\n\t\t\t\t\t\tthumbnailsPosition: 'bottom',\r\n\t\t\t\t\t\tcenterImage: true,\r\n\t\timageScaleMode: 'cover',\r\n\t\tallowScaleUp: true,\r\n\t\t\t\tstartSlide: 0,\r\n\t\tloop: true,\r\n\t\tslideDistance: 5,\r\n\t\tautoplayDirection: 'normal',\r\n\t\ttouchSwipe: true,\r\n\t\tfullScreen: true,\r\n\t});\r\n});\r\n<\/script>\r\n<style>\r\n\/* Layout 3 *\/\r\n\/* border *\/\r\n#slider-pro-3-2204 .sp-selected-thumbnail {\r\n\tborder: 4px solid #00b2e3;\r\n}\r\n\r\n\/* font + color *\/\r\n.title-in  {\r\n\tfont-family: Arial !important;\r\n\tcolor: #FFFFFF !important;\r\n\tbackground-color: #000000 !important;\r\n\topacity: 0.7 !important;\r\n}\r\n.desc-in  {\r\n\tfont-family: Arial !important;\r\n\tcolor: #FFFFFF !important;\r\n\tbackground-color: #00000 !important;\r\n\topacity: 0.7 !important;\r\n}\r\n\r\n\/* bullets color *\/\r\n.sp-button  {\r\n\tborder: 2px solid #00b2e3 !important;\r\n}\r\n.sp-selected-button  {\r\n\tbackground-color: #00b2e3 !important;\r\n}\r\n\r\n\/* pointer color - bottom *\/\r\n.sp-selected-thumbnail::before {\r\n\tborder-bottom: 5px solid #00b2e3 !important;\r\n}\r\n.sp-selected-thumbnail::after {\r\n\tborder-bottom: 13px solid #00b2e3 !important;\r\n}\r\n\r\n\/* pointer color - top *\/\r\n\r\n\/* full screen icon *\/\r\n.sp-full-screen-button::before {\r\n    color: #FFFFFF !important;\r\n}\r\n\r\n\/* hover navigation icon color *\/\r\n.sp-next-arrow::after, .sp-next-arrow::before {\r\n\tbackground-color: #FFFFFF !important;\r\n}\r\n.sp-previous-arrow::after, .sp-previous-arrow::before {\r\n\tbackground-color: #FFFFFF !important;\r\n}\r\n\r\n#slider-pro-3-2204 .title-in {\r\n\tcolor: #FFFFFF !important;\r\n\tfont-weight: bolder;\r\n\ttext-align: center;\r\n}\r\n\r\n#slider-pro-3-2204 .title-in-bg {\r\n\tbackground: rgba(255, 255, 255, 0.7); !important;\r\n\twhite-space: unset !important;\r\n\tmax-width: 90%;\r\n\tmin-width: 40%;\r\n\ttransform: initial !important;\r\n\t-webkit-transform: initial !important;\r\n\tfont-size: 14px !important;\r\n}\r\n\r\n#slider-pro-3-2204 .desc-in {\r\n\tcolor: #FFFFFF !important;\r\n\ttext-align: center;\r\n}\r\n#slider-pro-3-2204 .desc-in-bg {\r\n\tbackground: rgba(#00000, 0.7) !important;\r\n\twhite-space: unset !important;\r\n\twidth: 80% !important;\r\n\tmin-width: 30%;\r\n\ttransform: initial !important;\r\n\t-webkit-transform: initial !important;\r\n\tfont-size: 13px !important;\r\n}\r\n\r\n@media (max-width: 640px) {\r\n\t#slider-pro-3-2204 .hide-small-screen {\r\n\t\tdisplay: none;\r\n\t}\r\n}\r\n\r\n@media (max-width: 860px) {\r\n\t#slider-pro-3-2204 .sp-layer {\r\n\t\tfont-size: 18px;\r\n\t}\r\n\t\r\n\t#slider-pro-3-2204 .hide-medium-screen {\r\n\t\tdisplay: none;\r\n\t}\r\n}\r\n.slides-not-found {\r\n\tbackground-color: #a92929;\r\n\tborder-radius: 5px;\r\n\tcolor: #fff;\r\n\tfont-family: initial;\r\n\ttext-align: center;\r\n\tpadding:12px;\r\n}\r\n\/* Custom CSS *\/\r\n<\/style>\r\n\t\t<div id=\"slider-pro-3-2204\" class=\"slider-pro\">\r\n\t\t\t<!---- slides div start ---->\r\n\t\t\t<div class=\"sp-slides\">\r\n\t\t\t\t\t\t\t\t\t\t<div class=\"sp-slide\">\r\n\t\t\t\t\t\t\t<img decoding=\"async\" class=\"sp-image\" loading=\"lazy\" alt=\"ba\u015fak\u015fehir di\u015f tedavi merkezi\" src=\"https:\/\/www.incidis.com.tr\/wp-content\/plugins\/ultimate-responsive-image-slider\/assets\/css\/images\/blank.gif\" data-src=\"https:\/\/www.incidis.com.tr\/wp-content\/uploads\/2022\/06\/basaksehir-dis-tedavi-merkezi.webp\" \/>\r\n\r\n\t\t\t\t\t\t\t\r\n\t\t\t\t\t\t\t\t\t\t\t\t\t<\/div>\r\n\t\t\t\t\t\t\t\t\t\t\t\t<div class=\"sp-slide\">\r\n\t\t\t\t\t\t\t<img decoding=\"async\" class=\"sp-image\" loading=\"lazy\" alt=\"ba\u015fak\u015fehir di\u015f tedavisi\" src=\"https:\/\/www.incidis.com.tr\/wp-content\/plugins\/ultimate-responsive-image-slider\/assets\/css\/images\/blank.gif\" data-src=\"https:\/\/www.incidis.com.tr\/wp-content\/uploads\/2022\/06\/basaksehir-dis-tedavisi.webp\" \/>\r\n\r\n\t\t\t\t\t\t\t\r\n\t\t\t\t\t\t\t\t\t\t\t\t\t<\/div>\r\n\t\t\t\t\t\t\t\t\t\t\t\t<div class=\"sp-slide\">\r\n\t\t\t\t\t\t\t<img decoding=\"async\" class=\"sp-image\" loading=\"lazy\" alt=\"ba\u015fak\u015fehir di\u015f sa\u011fl\u0131k merkezi\" src=\"https:\/\/www.incidis.com.tr\/wp-content\/plugins\/ultimate-responsive-image-slider\/assets\/css\/images\/blank.gif\" data-src=\"https:\/\/www.incidis.com.tr\/wp-content\/uploads\/2022\/06\/basaksehir-dis-saglik-merkezi.webp\" \/>\r\n\r\n\t\t\t\t\t\t\t\r\n\t\t\t\t\t\t\t\t\t\t\t\t\t<\/div>\r\n\t\t\t\t\t\t\t\t\t\t\t\t<div class=\"sp-slide\">\r\n\t\t\t\t\t\t\t<img decoding=\"async\" class=\"sp-image\" loading=\"lazy\" alt=\"ba\u015fak\u015fehir di\u015f merkezi\" src=\"https:\/\/www.incidis.com.tr\/wp-content\/plugins\/ultimate-responsive-image-slider\/assets\/css\/images\/blank.gif\" data-src=\"https:\/\/www.incidis.com.tr\/wp-content\/uploads\/2022\/06\/basaksehir-dis-merkezi.webp\" \/>\r\n\r\n\t\t\t\t\t\t\t\r\n\t\t\t\t\t\t\t\t\t\t\t\t\t<\/div>\r\n\t\t\t\t\t\t\t\t\t<\/div>\r\n\t\t\t\r\n\t\t\t<!---- slides div end ---->\r\n\t\t\t\t\t\t<!-- slides thumbnails div start -->\r\n\t\t\t<div class=\"sp-thumbnails\">\r\n\t\t\t\t\t\t\t\t\t\t<img decoding=\"async\" class=\"sp-thumbnail\" loading=\"lazy\" src=\"https:\/\/www.incidis.com.tr\/wp-content\/plugins\/ultimate-responsive-image-slider\/assets\/img\/loading.gif\" data-src=\"https:\/\/www.incidis.com.tr\/wp-content\/uploads\/2022\/06\/basaksehir-dis-tedavi-merkezi-300x225.webp\" alt=\"ba\u015fak\u015fehir di\u015f tedavi merkezi\"\/>\r\n\t\t\t\t\t\t\t\t\t\t\t<img decoding=\"async\" class=\"sp-thumbnail\" loading=\"lazy\" src=\"https:\/\/www.incidis.com.tr\/wp-content\/plugins\/ultimate-responsive-image-slider\/assets\/img\/loading.gif\" data-src=\"https:\/\/www.incidis.com.tr\/wp-content\/uploads\/2022\/06\/basaksehir-dis-tedavisi-300x225.webp\" alt=\"ba\u015fak\u015fehir di\u015f tedavisi\"\/>\r\n\t\t\t\t\t\t\t\t\t\t\t<img decoding=\"async\" class=\"sp-thumbnail\" loading=\"lazy\" src=\"https:\/\/www.incidis.com.tr\/wp-content\/plugins\/ultimate-responsive-image-slider\/assets\/img\/loading.gif\" data-src=\"https:\/\/www.incidis.com.tr\/wp-content\/uploads\/2022\/06\/basaksehir-dis-saglik-merkezi-300x225.webp\" alt=\"ba\u015fak\u015fehir di\u015f sa\u011fl\u0131k merkezi\"\/>\r\n\t\t\t\t\t\t\t\t\t\t\t<img decoding=\"async\" class=\"sp-thumbnail\" loading=\"lazy\" src=\"https:\/\/www.incidis.com.tr\/wp-content\/plugins\/ultimate-responsive-image-slider\/assets\/img\/loading.gif\" data-src=\"https:\/\/www.incidis.com.tr\/wp-content\/uploads\/2022\/06\/basaksehir-dis-merkezi-300x225.webp\" alt=\"ba\u015fak\u015fehir di\u015f merkezi\"\/>\r\n\t\t\t\t\t\t\t\t<\/div>\r\n\t\t\t\t\t\t<!-- slides thumbnails div end -->\r\n\t\t<\/div>\r\n\n\n\t\t<\/div>\n\t<\/div>\n<\/div><\/div><div class=\"vc_column_container col-md-6\"><div class=\"wpb_wrapper vc_column-inner\"><h4 style=\"color: #00b2e3\" class=\"vc_custom_heading align-left\" >Adres<\/h4>\n\t<div class=\"wpb_text_column wpb_content_element  vc_custom_1653646759719\" >\n\t\t<div class=\"wpb_wrapper\">\n\t\t\t<p><a href=\"https:\/\/g.page\/incidismerkezi?share\"><span style=\"color: black;\">Ba\u015fak Mah. Ye\u015fil Vadi Cad. Metrokent Sit. D1 Blok No:3\/2F Ba\u015fak\u015fehir, \u0130stanbul,<\/span><\/a><\/p>\n\n\t\t<\/div>\n\t<\/div>\n<h4 style=\"color: #00b2e3\" class=\"vc_custom_heading vc_custom_1653645799911 align-left\" >Telefon<\/h4>\n\t<div class=\"wpb_text_column wpb_content_element  vc_custom_1706171462427\" >\n\t\t<div class=\"wpb_wrapper\">\n\t\t\t<p><a id=\"dynamicPhoneNumber\" href=\"tel:4446240\"><span style=\"color: #000000;\">444 6 240<\/span><\/a><\/p>\n\n\t\t<\/div>\n\t<\/div>\n<h4 style=\"color: #00b2e3\" class=\"vc_custom_heading vc_custom_1653645808993 align-left\" >\u00c7al\u0131\u015fma Saatleri<\/h4>\n\t<div class=\"wpb_text_column wpb_content_element  vc_custom_1658217320648\" >\n\t\t<div class=\"wpb_wrapper\">\n\t\t\t<p><span class=\"selectable-text copyable-text\">Pazartesi &#8211; Cumartesi : 09:00 &#8211; 21:00<br \/>\n<\/span><span class=\"selectable-text copyable-text\">Pazar: 10:00 &#8211; 18:00<\/span><\/p>\n\n\t\t<\/div>\n\t<\/div>\n<\/div><\/div><\/div><\/div><\/div><\/div><div class=\"vc_row wpb_row row top-row\"><div class=\"vc_column_container col-md-12\"><div class=\"wpb_wrapper vc_column-inner\">\n\t<div class=\"wpb_text_column wpb_content_element\" >\n\t\t<div class=\"wpb_wrapper\">\n\t\t\t<p>Ba\u015fak\u015fehir\u2019de 2013 y\u0131l\u0131ndan bu yana hizmet veren Ba\u015fak\u015fehir \u0130nci Di\u015f Merkezi, bulundu\u011fu b\u00f6lgenin ve \u0130stanbul genelinin en s\u0131k tercih edilen ve en iyi <a href=\"https:\/\/www.incidis.com.tr\/en\/\">di\u015f poliklini\u011fi<\/a> haline gelmi\u015ftir. Bunun nedenlerinin en \u00f6nemlisi profesyonel bir ekiple \u00e7al\u0131\u015fmas\u0131 ve daima kaliteli hizmet prosed\u00fcrlerini, disiplinli bir \u015fekilde uygulamas\u0131d\u0131r.<\/p>\n<p>A\u00e7\u0131l\u0131\u015f yapt\u0131\u011f\u0131 d\u00f6nemde g\u00fcnde ortalama 50 hastaya hizmet veren klinik, her ge\u00e7en y\u0131l h\u0131zla b\u00fcy\u00fcyerek bu say\u0131y\u0131 3 kat\u0131na \u00e7\u0131karmay\u0131 ba\u015far\u0131p, \u015fu an g\u00fcnde ortalama 150-200 hastaya hizmet vermektedir. Hasta memnuniyetleri artt\u0131k\u00e7a hasta kazan\u0131m\u0131 da artm\u0131\u015ft\u0131r. \u0130nci Di\u015f \u00e7at\u0131s\u0131 alt\u0131ndaki t\u00fcm hastalara ayn\u0131 titizlikle yakla\u015f\u0131l\u0131r. Bu nedenle a\u011f\u0131z ve di\u015f sa\u011fl\u0131\u011f\u0131 ile alakal\u0131 sorunlar ya\u015fayan hastalar\u0131n en g\u00f6zde tercihi haline gelmi\u015ftir.<\/p>\n<p>Ba\u015fak\u015fehir A\u011f\u0131z ve Di\u015f Sa\u011fl\u0131\u011f\u0131 Merkezi olarak da bilinen bu poliklinikte alabilece\u011finiz hizmetler a\u015fa\u011f\u0131daki gibidir;<\/p>\n<ul>\n<li><a href=\"https:\/\/www.incidis.com.tr\/en\/tedaviler\/dis-cerrahisi\/\">\u00c7ene Cerrahisi<\/a><\/li>\n<li><a href=\"https:\/\/www.incidis.com.tr\/en\/dis-teli-nedir\/\">Ortodonti (Di\u015f Teli)<\/a><\/li>\n<li>Pedodonti (\u00c7ocuk Di\u015f Hekimli\u011fi)<\/li>\n<li>Periodontoloji (Di\u015f Eti Tedavileri)<\/li>\n<li>Endodonti (Kanal Tedavisi)<\/li>\n<li>Protetik Di\u015f Tedavisi (Protez)<\/li>\n<li>General Anesthesia<\/li>\n<li>\u0130mplant Tedavisi<\/li>\n<li>Hollywood Smile<\/li>\n<li>G\u00fcl\u00fc\u015f Tasar\u0131m\u0131<\/li>\n<li>Oral Diagnosis and Radiology<\/li>\n<li><a href=\"https:\/\/www.incidis.com.tr\/en\/blog\/dis-beyazlatma-yontemleri\/\">Teeth Whitening<\/a><\/li>\n<li><a href=\"https:\/\/www.incidis.com.tr\/en\/zirkonyum-kaplama-nedir\/\">Zirconium Coating<\/a><\/li>\n<\/ul>\n<p>Yukar\u0131da belirtilen maddelerde g\u00f6r\u00fcld\u00fc\u011f\u00fc gibi di\u015f sa\u011fl\u0131\u011f\u0131na dair t\u00fcm i\u015flemleri kolayl\u0131kla ve ba\u015far\u0131yla uygulayan Ba\u015fak\u015fehir \u0130nci Di\u015f\u2019in b\u00fcnyesinde Avrupa men\u015feili y\u00fcksek kaliteli malzeme ve ileri teknolojik ekipmanlar kullan\u0131lmaktad\u0131r. Buna ve uzman di\u015f hekimi kadrosunun \u00f6zverili \u00e7al\u0131\u015fma prensibine istinaden verilen hizmet \u00fcst d\u00fczey ve ba\u015far\u0131l\u0131d\u0131r.<\/p>\n<p>\u0130nci Di\u015f\u2019in ilk \u015fubesi olarak hizmete a\u00e7\u0131lan Ba\u015fak\u015fehir \u0130nci Di\u015f Merkezi, Pazar g\u00fcn\u00fc de d\u00e2hil olmak \u00fczere haftan\u0131n 7 g\u00fcn\u00fc hastalara durmaks\u0131z\u0131n hizmet vermektedir. \u00d6zverili \u00e7al\u0131\u015fma prensibi ile \u00e7al\u0131\u015fan uzman di\u015f doktorlar\u0131 ve personeli sayesinde ad\u0131n\u0131 k\u0131sa zamanda t\u00fcm T\u00fcrkiye\u2019ye duyurmu\u015ftur. Sadece bununla yetinmeyip sa\u011fl\u0131k turizmi alan\u0131nda ciddi \u00e7al\u0131\u015fmalara imza atm\u0131\u015ft\u0131r. D\u00fcnyan\u0131n farkl\u0131 \u00fclkelerinden gelen yabanc\u0131 veya gurbet\u00e7i hastalar\u0131n\u0131 misafir edip en iyi hizmeti vermektedir.<\/p>\n<p>\u0130nci Di\u015f Ba\u015fak\u015fehir her alanda yenilik\u00e7i olup, koruyucu tedavi yakla\u015f\u0131m\u0131 ile tak\u0131m \u00e7al\u0131\u015fmas\u0131na \u00f6nem vererek \u00e7al\u0131\u015fmaktad\u0131r. Hekim ve hasta aras\u0131ndaki ili\u015fkilere \u00e7ok \u00f6nem veren, konfor ve do\u011fall\u0131\u011f\u0131 \u00f6n planda tutan bir di\u015f poliklini\u011fi olmaya devam etmektedir. Son teknoloji aletlerle, bilimsel b\u00fct\u00fcn geli\u015fmeleri yak\u0131ndan takip eden \u0130nci Di\u015f Ba\u015fak\u015fehir kaliteli ve konforlu hizmeti en k\u0131sa s\u00fcrede sunmaktad\u0131r.<\/p>\n<p>\u0130nci Di\u015f yetkililerinin en \u00f6nem verdi\u011fi konulardan bir tanesi de \u00e7al\u0131\u015fanlar\u0131n\u0131n e\u011fitimidir. \u0130nci Di\u015f\u2019in b\u00fcnyesine d\u00e2hil olan her personel s\u0131k\u0131 bir e\u011fitim s\u00fcrecinden ge\u00e7mektedir. Y\u00f6netim kurulu yetkilileri bu konuda ciddi \u00e7al\u0131\u015fmalar yapmakta ve \u00e7al\u0131\u015fanlar\u0131n\u0131n s\u00fcrekli olarak kendilerini geli\u015ftirmelerini desteklemektedir.<\/p>\n<p>Ayn\u0131 zamanda Dental Turizm i\u00e7in \u00e7al\u0131\u015fmalar yapmakta olan Ba\u015fak\u015fehir \u0130nci Di\u015f Klini\u011fi sa\u011fl\u0131k sekt\u00f6r\u00fcnde sahip oldu\u011fu uygun ko\u015fullar ve g\u00fcvenilir hizmeti en iyi \u015fekilde sunmaktad\u0131r. Tecr\u00fcbeli, uzman ve ba\u015far\u0131l\u0131 doktorlar\u0131 ile t\u00fcm d\u00fcnyada \u00f6nemli rol olmaya haz\u0131rlanmaktad\u0131r.<\/p>\n\n\t\t<\/div>\n\t<\/div>\n<\/div><\/div><\/div><div class=\"vc_row wpb_row row top-row\"><div class=\"vc_column_container col-md-12\"><div class=\"wpb_wrapper vc_column-inner\">\n\t<div class=\"wpb_text_column wpb_content_element\" >\n\t\t<div class=\"wpb_wrapper\">\n\t\t\t\n\t\t<\/div>\n\t<\/div>\n<\/div><\/div><\/div><div class=\"vc_row wpb_row row top-row\"><div class=\"vc_column_container col-md-12\"><div class=\"wpb_wrapper vc_column-inner\">\n<div class=\"wpcf7 no-js\" id=\"wpcf7-f3761-o1\" lang=\"en-US\" dir=\"ltr\">\n<div class=\"screen-reader-response\"><p role=\"status\" aria-live=\"polite\" aria-atomic=\"true\"><\/p> <ul><\/ul><\/div>\n<form action=\"\/en\/wp-json\/wp\/v2\/pages\/4810#wpcf7-f3761-o1\" method=\"post\" class=\"wpcf7-form init\" aria-label=\"Contact form\" novalidate=\"novalidate\" data-status=\"init\" data-trp-original-action=\"\/en\/wp-json\/wp\/v2\/pages\/4810#wpcf7-f3761-o1\">\n<div style=\"display: none;\">\n<input type=\"hidden\" name=\"_wpcf7\" value=\"3761\" \/>\n<input type=\"hidden\" name=\"_wpcf7_version\" value=\"5.9.3\" \/>\n<input type=\"hidden\" name=\"_wpcf7_locale\" value=\"en_US\" \/>\n<input type=\"hidden\" name=\"_wpcf7_unit_tag\" value=\"wpcf7-f3761-o1\" \/>\n<input type=\"hidden\" name=\"_wpcf7_container_post\" value=\"0\" \/>\n<input type=\"hidden\" name=\"_wpcf7_posted_data_hash\" value=\"\" \/>\n<\/div>\n<div class=\"wpb_wrapper\">\n\t<h2 style=\"text-align: center;\">Detayl\u0131 Bilgi Almak \u0130\u00e7in Formu Doldurun\n\t<\/h2>\n<\/div>\n<div class=\"row\">\n\t<div class=\"column\">\n\t\t<p>Name Surname <span class=\"wpcf7-form-control-wrap\" data-name=\"first-name\"><input size=\"40\" class=\"wpcf7-form-control wpcf7-text wpcf7-validates-as-required\" aria-required=\"true\" aria-invalid=\"false\" value=\"\" type=\"text\" name=\"first-name\" \/><\/span>\n\t\t<\/p>\n\t<\/div>\n\t<div class=\"column\">\n\t\t<p>Mobile Phone <span class=\"wpcf7-form-control-wrap telephone\"><input class=\"wpcf7-form-control wpcf7-intl_tel wpcf7-validates-as-required wpcf7-intl-tel\" aria-required=\"true\" aria-invalid=\"false\" data-initialcountry=\"tr\" data-preferredcountries=\"tr-de-uk-gb-fr-nl-be-es-uk\" value=\"\" type=\"tel\" name=\"telephone-cf7it-national\" \/><input name=\"telephone\" type=\"hidden\" class=\"wpcf7-intl-tel-full\" \/><input type=\"hidden\" name=\"telephone-cf7it-country-name\" class=\"wpcf7-intl-tel-country-name\" \/><input type=\"hidden\" name=\"telephone-cf7it-country-code\" class=\"wpcf7-intl-tel-country-code\" \/><input type=\"hidden\" name=\"telephone-cf7it-country-iso2\" class=\"wpcf7-intl-tel-country-iso2\" \/><\/span>\n\t\t<\/p>\n\t<\/div>\n\t<div class=\"column\">\n\t\t<p>Mesaj\u0131n\u0131z <span class=\"wpcf7-form-control-wrap\" data-name=\"your-subject\"><input size=\"40\" class=\"wpcf7-form-control wpcf7-text wpcf7-validates-as-required\" aria-required=\"true\" aria-invalid=\"false\" value=\"\" type=\"text\" name=\"your-subject\" \/><\/span>\n\t\t<\/p>\n\t<\/div>\n<\/div>\n<div class=\"wpb_wrapper\">\n\t<div style=\"display: flex;    align-items: center;    justify-content: center;\">\n\t\t<p><input class=\"wpcf7-form-control wpcf7-submit has-spinner\" type=\"submit\" value=\"Bilgi Al\" \/>\n\t\t<\/p>\n\t<\/div>\n<\/div><p style=\"display: none !important;\" class=\"akismet-fields-container\" data-prefix=\"_wpcf7_ak_\"><label>\u0394<textarea name=\"_wpcf7_ak_hp_textarea\" cols=\"45\" rows=\"8\" maxlength=\"100\"><\/textarea><\/label><input type=\"hidden\" id=\"ak_js_1\" name=\"_wpcf7_ak_js\" value=\"160\"\/><script>document.getElementById( \"ak_js_1\" ).setAttribute( \"value\", ( new Date() ).getTime() );<\/script><\/p><input type='hidden' class='wpcf7-pum' value='{\"closepopup\":false,\"closedelay\":0,\"openpopup\":false,\"openpopup_id\":0}' \/><div class=\"wpcf7-response-output\" aria-hidden=\"true\"><\/div>\n<input type=\"hidden\" name=\"trp-form-language\" value=\"en\"\/><\/form>\n<\/div>\n<\/div><\/div><\/div>\n<\/section>","protected":false},"excerpt":{"rendered":"","protected":false},"author":1,"featured_media":0,"parent":937,"menu_order":0,"comment_status":"closed","ping_status":"closed","template":"","meta":{"footnotes":""},"_links":{"self":[{"href":"https:\/\/www.incidis.com.tr\/en\/wp-json\/wp\/v2\/pages\/4810"}],"collection":[{"href":"https:\/\/www.incidis.com.tr\/en\/wp-json\/wp\/v2\/pages"}],"about":[{"href":"https:\/\/www.incidis.com.tr\/en\/wp-json\/wp\/v2\/types\/page"}],"author":[{"embeddable":true,"href":"https:\/\/www.incidis.com.tr\/en\/wp-json\/wp\/v2\/users\/1"}],"replies":[{"embeddable":true,"href":"https:\/\/www.incidis.com.tr\/en\/wp-json\/wp\/v2\/comments?post=4810"}],"version-history":[{"count":16,"href":"https:\/\/www.incidis.com.tr\/en\/wp-json\/wp\/v2\/pages\/4810\/revisions"}],"predecessor-version":[{"id":10177,"href":"https:\/\/www.incidis.com.tr\/en\/wp-json\/wp\/v2\/pages\/4810\/revisions\/10177"}],"up":[{"embeddable":true,"href":"https:\/\/www.incidis.com.tr\/en\/wp-json\/wp\/v2\/pages\/937"}],"wp:attachment":[{"href":"https:\/\/www.incidis.com.tr\/en\/wp-json\/wp\/v2\/media?parent=4810"}],"curies":[{"name":"wp","href":"https:\/\/api.w.org\/{rel}","templated":true}]}}