{"id":4550,"date":"2023-03-04T00:45:14","date_gmt":"2023-03-03T21:45:14","guid":{"rendered":"http:\/\/incidis.com.tr\/?page_id=4550"},"modified":"2025-03-11T11:55:04","modified_gmt":"2025-03-11T08:55:04","slug":"eklem-splinti","status":"publish","type":"page","link":"https:\/\/www.incidis.com.tr\/en\/tedaviler\/eklem-splinti\/","title":{"rendered":"Joint Splint"},"content":{"rendered":"<section class=\"wpb-content-wrapper\"><div class=\"vc_row wpb_row row top-row vc_custom_1654765319085\"><div class=\"vc_column_container col-md-12\"><div class=\"wpb_wrapper vc_column-inner\">\n\t<div class=\"wpb_text_column wpb_content_element\" >\n\t\t<div class=\"wpb_wrapper\">\n\t\t\t<div class=\"page-section-heading\">\n<h1 style=\"text-align: center;\"><span data-sheets-value=\"{&quot;1&quot;:2,&quot;2&quot;:&quot;\u00c7ene ve Eklem Splinti Tedavisi&quot;}\" data-sheets-userformat=\"{&quot;2&quot;:573,&quot;3&quot;:{&quot;1&quot;:0},&quot;5&quot;:{&quot;1&quot;:&#091;{&quot;1&quot;:2,&quot;2&quot;:0,&quot;5&quot;:{&quot;1&quot;:2,&quot;2&quot;:0}},{&quot;1&quot;:0,&quot;2&quot;:0,&quot;3&quot;:3},{&quot;1&quot;:1,&quot;2&quot;:0,&quot;4&quot;:1}&#093;},&quot;6&quot;:{&quot;1&quot;:&#091;{&quot;1&quot;:2,&quot;2&quot;:0,&quot;5&quot;:{&quot;1&quot;:2,&quot;2&quot;:0}},{&quot;1&quot;:0,&quot;2&quot;:0,&quot;3&quot;:3},{&quot;1&quot;:1,&quot;2&quot;:0,&quot;4&quot;:1}&#093;},&quot;7&quot;:{&quot;1&quot;:&#091;{&quot;1&quot;:2,&quot;2&quot;:0,&quot;5&quot;:{&quot;1&quot;:2,&quot;2&quot;:0}},{&quot;1&quot;:0,&quot;2&quot;:0,&quot;3&quot;:3},{&quot;1&quot;:1,&quot;2&quot;:0,&quot;4&quot;:1}&#093;},&quot;8&quot;:{&quot;1&quot;:&#091;{&quot;1&quot;:2,&quot;2&quot;:0,&quot;5&quot;:{&quot;1&quot;:2,&quot;2&quot;:0}},{&quot;1&quot;:0,&quot;2&quot;:0,&quot;3&quot;:3},{&quot;1&quot;:1,&quot;2&quot;:0,&quot;4&quot;:1}&#093;},&quot;12&quot;:0}\">\u00c7ene ve Eklem Splinti Tedavisi<\/span><\/h1>\n<\/div>\n\n\t\t<\/div>\n\t<\/div>\n<div class=\"porto-separator\"><hr class=\"separator-line  vc_custom_1654765293151 align_center\" style=\"background-image: -webkit-linear-gradient(left, transparent, #00b2e3, transparent); background-image: linear-gradient(to right, transparent, #00b2e3, transparent);height:2px;width:30%;\"><\/div><\/div><\/div><\/div><div class=\"vc_row wpb_row row top-row swap-on-mobile vc_custom_1712316390652\"><div class=\"vc_column_container col-md-8\"><div class=\"wpb_wrapper vc_column-inner\">\n\t<div class=\"wpb_text_column wpb_content_element\" >\n\t\t<div class=\"wpb_wrapper\">\n\t\t\t<p style=\"font-weight: 400; text-align: Justify;\">\u00c7ene ekleminde ve ba\u015f boyun b\u00f6lgesinde a\u011fr\u0131lar, \u00e7eneyi a\u00e7\u0131p kapat\u0131rken ses gelmesi, a\u011f\u0131z a\u00e7\u0131kl\u0131\u011f\u0131nda k\u0131s\u0131tl\u0131l\u0131k, \u00e7i\u011fneme-esneme gibi hareketler s\u0131ras\u0131nda zorlanma ve a\u011fr\u0131, di\u015f y\u00fczeylerinde a\u015f\u0131nma, \u00e7enenin kayarak a\u00e7\u0131lmas\u0131 ve kitlenmesi \u00e7ene eklem rahats\u0131zl\u0131klar\u0131n\u0131n ba\u015fl\u0131ca belirtileri aras\u0131nda yer almaktad\u0131r.<br \/>\n\u00c7ene eklem rahats\u0131zl\u0131klar\u0131n\u0131n tedavisi eklem splinti ile yap\u0131lmaktad\u0131r. Tedavide ama\u00e7 hastan\u0131n a\u011fr\u0131 \u015fikayetini ortadan kald\u0131rmak ve normal a\u011f\u0131z a\u00e7\u0131kl\u0131\u011f\u0131n\u0131 tekrar kazand\u0131rmakt\u0131r. Eklem splinti hastaya g\u00f6re yap\u0131lmaktad\u0131r ve tedavi s\u00fcresi hastal\u0131\u011f\u0131n \u015fiddetine g\u00f6re de\u011fi\u015fiklik g\u00f6sterebilmektedir.<\/p>\n<p>&nbsp;<\/p>\n<p><img decoding=\"async\" class=\"alignnone size-full wp-image-8346\" src=\"https:\/\/www.incidis.com.tr\/wp-content\/uploads\/2024\/06\/coronavirus-sample-procedure-1-Orta-1.webp\" alt=\"\" width=\"960\" height=\"768\" srcset=\"https:\/\/www.incidis.com.tr\/wp-content\/uploads\/2024\/06\/coronavirus-sample-procedure-1-Orta-1.webp 960w, https:\/\/www.incidis.com.tr\/wp-content\/uploads\/2024\/06\/coronavirus-sample-procedure-1-Orta-1-768x614.webp 768w, https:\/\/www.incidis.com.tr\/wp-content\/uploads\/2024\/06\/coronavirus-sample-procedure-1-Orta-1-640x512.webp 640w, https:\/\/www.incidis.com.tr\/wp-content\/uploads\/2024\/06\/coronavirus-sample-procedure-1-Orta-1-400x320.webp 400w\" sizes=\"(max-width: 960px) 100vw, 960px\" \/><\/p>\n\n\t\t<\/div>\n\t<\/div>\n\n\t<div class=\"wpb_text_column wpb_content_element\" >\n\t\t<div class=\"wpb_wrapper\">\n\t\t\t\n\n\t\t<\/div>\n\t<\/div>\n<div class=\"porto-price-boxes pricing-table\"><div class=\"row\"><div class=\"col-lg-12 col-md-12\"><div class=\"porto-price-box plan   wpb_custom_66b8d1ac21af7585ef8d4c4e31e4d6ea plan-primary plan-btn-top\"><h3><strong>Gece Pla\u011f\u0131 Nedir? (Eklem Splinti Tedavisi) Hizmeti Fiyatlar\u0131<\/strong><span class=\"plan-price\"><span class=\"price\">3.000 \u20ba - 13.000 \u20ba<\/span><\/span><\/h3><ul>\n<li>Nitelikli ve Profesyonel Ekip<\/li>\n<li>Y\u00fcksek Teknoloji Di\u015f Laboratuvar\u0131<\/li>\n<\/ul>\n<\/div><\/div><\/div><\/div><\/div><\/div><div class=\"vc_column_container col-md-4\"><div class=\"vc_column-inner\" data-plugin-sticky data-plugin-options=\"{&quot;containerSelector&quot;:&quot;.vc_row&quot;,&quot;minWidth&quot;:767,&quot;padding&quot;:{&quot;top&quot;:110,&quot;bottom&quot;:0},&quot;activeClass&quot;:&quot;sticky-active&quot;}\"><div class=\"wpb_wrapper\"><div class=\"vc_row wpb_row vc_inner row\"><div data-plugin-sticky data-plugin-options=\"{&quot;containerSelector&quot;:&quot;.swap-on-mobile&quot;,&quot;minWidth&quot;:767,&quot;padding&quot;:{&quot;top&quot;:110,&quot;bottom&quot;:0},&quot;activeClass&quot;:&quot;sticky-active&quot;}\"><div class=\"vc_column_container col-md-12\"><div class=\"wpb_wrapper vc_column-inner\">\n\t<div class=\"wpb_text_column wpb_content_element  vc_custom_1711109809912 tedavi-sag\" >\n\t\t<div class=\"wpb_wrapper\">\n\t\t\t<p style=\"text-align: center;\"><span style=\"font-size: 20px;\"><strong>Online Appointment<\/strong><\/span><\/p>\n<p style=\"text-align: center;\">\n<div class=\"wpcf7 no-js\" id=\"wpcf7-f1518-o1\" lang=\"tr-TR\" dir=\"ltr\">\n<div class=\"screen-reader-response\"><p role=\"status\" aria-live=\"polite\" aria-atomic=\"true\"><\/p> <ul><\/ul><\/div>\n<form action=\"\/en\/wp-json\/wp\/v2\/pages\/4550#wpcf7-f1518-o1\" method=\"post\" class=\"wpcf7-form init\" aria-label=\"Contact form\" novalidate=\"novalidate\" data-status=\"init\" data-trp-original-action=\"\/en\/wp-json\/wp\/v2\/pages\/4550#wpcf7-f1518-o1\">\n<div style=\"display: none;\">\n<input type=\"hidden\" name=\"_wpcf7\" value=\"1518\" \/>\n<input type=\"hidden\" name=\"_wpcf7_version\" value=\"5.9.3\" \/>\n<input type=\"hidden\" name=\"_wpcf7_locale\" value=\"tr_TR\" \/>\n<input type=\"hidden\" name=\"_wpcf7_unit_tag\" value=\"wpcf7-f1518-o1\" \/>\n<input type=\"hidden\" name=\"_wpcf7_container_post\" value=\"0\" \/>\n<input type=\"hidden\" name=\"_wpcf7_posted_data_hash\" value=\"\" \/>\n<\/div>\n<p><label> Name Surname <span style=\"color: red;\">*<\/span><br \/>\n<span class=\"wpcf7-form-control-wrap\" data-name=\"your-name\"><input size=\"40\" class=\"wpcf7-form-control wpcf7-text wpcf7-validates-as-required\" aria-required=\"true\" aria-invalid=\"false\" placeholder=\"Please write your first and last name.\" value=\"\" type=\"text\" name=\"your-name\" \/><\/span> <\/label>\n<\/p>\n<p><label> Mobile Phone <span style=\"color: red;\">*<\/span><br \/>\n<span class=\"wpcf7-form-control-wrap telephone\"><input class=\"wpcf7-form-control wpcf7-intl_tel wpcf7-validates-as-required wpcf7-intl-tel\" aria-required=\"true\" aria-invalid=\"false\" data-initialcountry=\"tr\" data-preferredcountries=\"tr-de-uk-gb-fr-nl-be-es-uk\" value=\"\" type=\"tel\" name=\"telephone-cf7it-national\" \/><input name=\"telephone\" type=\"hidden\" class=\"wpcf7-intl-tel-full\" \/><input type=\"hidden\" name=\"telephone-cf7it-country-name\" class=\"wpcf7-intl-tel-country-name\" \/><input type=\"hidden\" name=\"telephone-cf7it-country-code\" class=\"wpcf7-intl-tel-country-code\" \/><input type=\"hidden\" name=\"telephone-cf7it-country-iso2\" class=\"wpcf7-intl-tel-country-iso2\" \/><\/span><br \/>\n<\/label>\n<\/p>\n<p><label> Email<br \/>\n<span class=\"wpcf7-form-control-wrap\" data-name=\"your-email\"><input size=\"40\" class=\"wpcf7-form-control wpcf7-email wpcf7-text wpcf7-validates-as-email\" aria-invalid=\"false\" placeholder=\"Please enter your email address.\" value=\"\" type=\"email\" name=\"your-email\" \/><\/span> <\/label>\n<\/p>\n<p><label> Message<br \/>\n<span class=\"wpcf7-form-control-wrap\" data-name=\"your-subject\"><input size=\"40\" class=\"wpcf7-form-control wpcf7-text\" aria-invalid=\"false\" value=\"\" type=\"text\" name=\"your-subject\" \/><\/span> <\/label>\n<\/p>\n<p><input class=\"wpcf7-form-control wpcf7-submit has-spinner\" type=\"submit\" value=\"Book an Appointment\" \/>\n<\/p><p style=\"display: none !important;\" class=\"akismet-fields-container\" data-prefix=\"_wpcf7_ak_\"><label>\u0394<textarea name=\"_wpcf7_ak_hp_textarea\" cols=\"45\" rows=\"8\" maxlength=\"100\"><\/textarea><\/label><input type=\"hidden\" id=\"ak_js_1\" name=\"_wpcf7_ak_js\" value=\"5\"\/><script>document.getElementById( \"ak_js_1\" ).setAttribute( \"value\", ( new Date() ).getTime() );<\/script><\/p><input type='hidden' class='wpcf7-pum' value='{\"closepopup\":false,\"closedelay\":0,\"openpopup\":false,\"openpopup_id\":0}' \/><div class=\"wpcf7-response-output\" aria-hidden=\"true\"><\/div>\n<input type=\"hidden\" name=\"trp-form-language\" value=\"en\"\/><\/form>\n<\/div>\n\n\t\t<\/div>\n\t<\/div>\n<\/div><\/div><\/div><\/div><\/div><\/div><\/div><\/div><div class=\"vc_row wpb_row row top-row\"><div class=\"vc_column_container col-md-12\"><div class=\"wpb_wrapper vc_column-inner\"><div class=\"vc_tta-container\" data-vc-action=\"collapse\"><div class=\"vc_general vc_tta vc_tta-accordion vc_tta-color-grey vc_tta-style-classic vc_tta-shape-rounded vc_tta-o-shape-group vc_tta-gap-10 vc_tta-controls-align-left  accordion-custom\"><div class=\"vc_tta-panels-container\"><div class=\"vc_tta-panels\"><div class=\"vc_tta-panel vc_active\" id=\"1675499651337-116a5609-6f92\" data-vc-content=\".vc_tta-panel-body\"><div class=\"vc_tta-panel-heading\"><h4 class=\"vc_tta-panel-title vc_tta-controls-icon-position-left\"><a href=\"#1675499651337-116a5609-6f92\" data-vc-accordion data-vc-container=\".vc_tta-container\"><span class=\"vc_tta-title-text\">Eklem splinti nedir?<\/span><i class=\"vc_tta-controls-icon vc_tta-controls-icon-plus\"><\/i><\/a><\/h4><\/div><div class=\"vc_tta-panel-body\">\n\t<div class=\"wpb_text_column wpb_content_element\" >\n\t\t<div class=\"wpb_wrapper\">\n\t\t\t<p style=\"text-align: justify;\">Eklem splinti yani gece pla\u011f\u0131, \u00e7ene eklemlerinde a\u011fr\u0131, di\u015f s\u0131kma, k\u0131s\u0131tl\u0131 a\u011f\u0131z a\u00e7\u0131kl\u0131\u011f\u0131 \u015fikayetleri olan hastalara uygulanan bir tedavi \u00e7e\u015fididir. Hastadan a\u011f\u0131z i\u00e7i \u00f6l\u00e7\u00fc al\u0131n\u0131r ve tamamen hastaya \u00f6zel plaklar yap\u0131l\u0131r.<\/p>\n\n\t\t<\/div>\n\t<\/div>\n<\/div><\/div><div class=\"vc_tta-panel\" id=\"1675499651337-dd1fd8bb-21d9\" data-vc-content=\".vc_tta-panel-body\"><div class=\"vc_tta-panel-heading\"><h4 class=\"vc_tta-panel-title vc_tta-controls-icon-position-left\"><a href=\"#1675499651337-dd1fd8bb-21d9\" data-vc-accordion data-vc-container=\".vc_tta-container\"><span class=\"vc_tta-title-text\">Eklem splinti tedavisi ne kadar s\u00fcrer?<\/span><i class=\"vc_tta-controls-icon vc_tta-controls-icon-plus\"><\/i><\/a><\/h4><\/div><div class=\"vc_tta-panel-body\">\n\t<div class=\"wpb_text_column wpb_content_element\" >\n\t\t<div class=\"wpb_wrapper\">\n\t\t\t<p>Tedavi s\u00fcreci ki\u015fiden ki\u015fiye, vakadan vakaya de\u011fi\u015fiklik g\u00f6stermektedir.<\/p>\n\n\t\t<\/div>\n\t<\/div>\n<\/div><\/div><div class=\"vc_tta-panel\" id=\"1675500110505-782f18cf-aabb\" data-vc-content=\".vc_tta-panel-body\"><div class=\"vc_tta-panel-heading\"><h4 class=\"vc_tta-panel-title vc_tta-controls-icon-position-left\"><a href=\"#1675500110505-782f18cf-aabb\" data-vc-accordion data-vc-container=\".vc_tta-container\"><span class=\"vc_tta-title-text\">Eklem splintini gece takmam \u015fart m\u0131?<\/span><i class=\"vc_tta-controls-icon vc_tta-controls-icon-plus\"><\/i><\/a><\/h4><\/div><div class=\"vc_tta-panel-body\">\n\t<div class=\"wpb_text_column wpb_content_element\" >\n\t\t<div class=\"wpb_wrapper\">\n\t\t\t<p style=\"text-align: justify;\">Genelde uyurken, bilin\u00e7siz halde di\u015flerimizi s\u0131kt\u0131\u011f\u0131m\u0131z i\u00e7in geceleri tak\u0131lmas\u0131 gerekir. G\u00fcn i\u00e7erisinde de kullan\u0131labilir.<\/p>\n\n\t\t<\/div>\n\t<\/div>\n<\/div><\/div><div class=\"vc_tta-panel\" id=\"1675500107880-1a18ceb2-97a0\" data-vc-content=\".vc_tta-panel-body\"><div class=\"vc_tta-panel-heading\"><h4 class=\"vc_tta-panel-title vc_tta-controls-icon-position-left\"><a href=\"#1675500107880-1a18ceb2-97a0\" data-vc-accordion data-vc-container=\".vc_tta-container\"><span class=\"vc_tta-title-text\">Eklem splinti \u00e7ene a\u011fr\u0131lar\u0131m\u0131 tamamen ge\u00e7irir mi?<\/span><i class=\"vc_tta-controls-icon vc_tta-controls-icon-plus\"><\/i><\/a><\/h4><\/div><div class=\"vc_tta-panel-body\">\n\t<div class=\"wpb_text_column wpb_content_element\" >\n\t\t<div class=\"wpb_wrapper\">\n\t\t\t<p>Di\u015f s\u0131kma ne kadar azal\u0131rsa, \u00e7ene a\u011fr\u0131lar\u0131 da do\u011fru orant\u0131da azalacakt\u0131r. Kullan\u0131lan plaklara ek olarak doktorunuzun verdi\u011fi \u00e7ene egzersizlerini de yapman\u0131z gerekebilir.<\/p>\n\n\t\t<\/div>\n\t<\/div>\n<\/div><\/div><div class=\"vc_tta-panel\" id=\"1675500104888-d5e75b1e-9997\" data-vc-content=\".vc_tta-panel-body\"><div class=\"vc_tta-panel-heading\"><h4 class=\"vc_tta-panel-title vc_tta-controls-icon-position-left\"><a href=\"#1675500104888-d5e75b1e-9997\" data-vc-accordion data-vc-container=\".vc_tta-container\"><span class=\"vc_tta-title-text\">Eklem splinti ka\u00e7 ya\u015f\u0131ndan itibaren uygulan\u0131r?<\/span><i class=\"vc_tta-controls-icon vc_tta-controls-icon-plus\"><\/i><\/a><\/h4><\/div><div class=\"vc_tta-panel-body\">\n\t<div class=\"wpb_text_column wpb_content_element\" >\n\t\t<div class=\"wpb_wrapper\">\n\t\t\t<p style=\"text-align: justify;\">18 ya\u015f\u0131n\u0131 dolduran ve kemik geli\u015fimini tamamlayan t\u00fcm hastalara uygulanabilir.<\/p>\n\n\t\t<\/div>\n\t<\/div>\n<\/div><\/div><\/div><\/div><\/div><\/div><\/div><\/div><\/div>\n<\/section>","protected":false},"excerpt":{"rendered":"\u00c7ene ve Eklem Splinti Tedavisi \u00c7ene ekleminde ve ba\u015f boyun b\u00f6lgesinde a\u011fr\u0131lar, \u00e7eneyi a\u00e7\u0131p kapat\u0131rken ses gelmesi, a\u011f\u0131z a\u00e7\u0131kl\u0131\u011f\u0131nda k\u0131s\u0131tl\u0131l\u0131k, \u00e7i\u011fneme-esneme gibi hareketler s\u0131ras\u0131nda zorlanma ve a\u011fr\u0131, di\u015f y\u00fczeylerinde a\u015f\u0131nma, \u00e7enenin kayarak a\u00e7\u0131lmas\u0131 ve kitlenmesi \u00e7ene eklem rahats\u0131zl\u0131klar\u0131n\u0131n ba\u015fl\u0131ca belirtileri aras\u0131nda yer almaktad\u0131r. \u00c7ene eklem rahats\u0131zl\u0131klar\u0131n\u0131n tedavisi eklem splinti ile yap\u0131lmaktad\u0131r. Tedavide ama\u00e7 hastan\u0131n a\u011fr\u0131 [...]","protected":false},"author":15,"featured_media":0,"parent":610,"menu_order":0,"comment_status":"closed","ping_status":"closed","template":"","meta":{"footnotes":""},"_links":{"self":[{"href":"https:\/\/www.incidis.com.tr\/en\/wp-json\/wp\/v2\/pages\/4550"}],"collection":[{"href":"https:\/\/www.incidis.com.tr\/en\/wp-json\/wp\/v2\/pages"}],"about":[{"href":"https:\/\/www.incidis.com.tr\/en\/wp-json\/wp\/v2\/types\/page"}],"author":[{"embeddable":true,"href":"https:\/\/www.incidis.com.tr\/en\/wp-json\/wp\/v2\/users\/15"}],"replies":[{"embeddable":true,"href":"https:\/\/www.incidis.com.tr\/en\/wp-json\/wp\/v2\/comments?post=4550"}],"version-history":[{"count":15,"href":"https:\/\/www.incidis.com.tr\/en\/wp-json\/wp\/v2\/pages\/4550\/revisions"}],"predecessor-version":[{"id":7892,"href":"https:\/\/www.incidis.com.tr\/en\/wp-json\/wp\/v2\/pages\/4550\/revisions\/7892"}],"up":[{"embeddable":true,"href":"https:\/\/www.incidis.com.tr\/en\/wp-json\/wp\/v2\/pages\/610"}],"wp:attachment":[{"href":"https:\/\/www.incidis.com.tr\/en\/wp-json\/wp\/v2\/media?parent=4550"}],"curies":[{"name":"wp","href":"https:\/\/api.w.org\/{rel}","templated":true}]}}