{"id":4192,"date":"2023-02-14T19:44:05","date_gmt":"2023-02-14T16:44:05","guid":{"rendered":"http:\/\/incidis.com.tr\/?page_id=4192"},"modified":"2024-01-24T12:08:19","modified_gmt":"2024-01-24T09:08:19","slug":"inci-akademi","status":"publish","type":"page","link":"https:\/\/www.incidis.com.tr\/en\/kurumsal\/inci-akademi\/","title":{"rendered":"\u0130nci Akademi"},"content":{"rendered":"<section class=\"wpb-content-wrapper\"><div class=\"vc_row wpb_row row top-row vc_custom_1654680486563\"><div class=\"vc_column_container col-md-12\"><div class=\"wpb_wrapper vc_column-inner\">\n\t<div class=\"wpb_text_column wpb_content_element\" >\n\t\t<div class=\"wpb_wrapper\">\n\t\t\t<h1 style=\"text-align: center;\">\u0130nci Akademi<\/h1>\n\n\t\t<\/div>\n\t<\/div>\n<div class=\"porto-separator\"><hr class=\"separator-line  vc_custom_1654752215719 align_center\" style=\"background-image: -webkit-linear-gradient(left, transparent, #00b2e3, transparent); background-image: linear-gradient(to right, transparent, #00b2e3, transparent);height:2px;width:30%;\"><\/div><\/div><\/div><\/div><div class=\"vc_row wpb_row row top-row vc_custom_1675869828625\"><div class=\"vc_column_container col-md-8\"><div class=\"wpb_wrapper vc_column-inner\">\n\t<div class=\"wpb_text_column wpb_content_element  vc_custom_1676577460703\" >\n\t\t<div class=\"wpb_wrapper\">\n\t\t\t<p style=\"text-align: Justify;\">\u0130nci Akademi, 10 y\u0131ld\u0131r \u00e7e\u015fitli sekt\u00f6rlerde faaliyet g\u00f6steren Inci Group\u2019un yeni \u201cinci\u201dsi olarak 2023 y\u0131l\u0131nda faaliyete ge\u00e7mi\u015ftir.<br \/>\n\u0130nci Akademi\u2019de yenilik\u00e7i ve \u00f6zg\u00fcn e\u011fitimlerle di\u015f hekimlerine destek verilerek mesleki yeterlilik baz\u0131nda her zaman bir ad\u0131m \u00f6nde olmalar\u0131 ama\u00e7lanmaktad\u0131r. \u00dcst\u00fcn kalite ve hizmet misyonu ile uzman di\u015f hekimleri taraf\u0131ndan ger\u00e7ekle\u015ftirilen teorik ve uygulamal\u0131 e\u011fitimler sayesinde parlak bir gelecek ve mutlu g\u00fcl\u00fcmsemeler yaratacak di\u015f hekimlerinin sekt\u00f6rde ilerlemeleri sa\u011flanmaktad\u0131r.<br \/>\n\u0130nci Akademi\u2019yi faaliyete ge\u00e7irerek e\u011fitim alan\u0131nda da ba\u015far\u0131l\u0131 ad\u0131mlarla ilerleyen Inci Group, sekt\u00f6rde di\u015f hekimlerinin ihtiya\u00e7lar\u0131n\u0131 \u00f6nemseyerek onlar\u0131n yeterliliklerini her ge\u00e7en g\u00fcn art\u0131rma yolundad\u0131r.<\/p>\n<p><a href=\"https:\/\/akademinci.com\/\" target=\"_blank\">www.akademinci.com<\/a><\/p>\n\n\t\t<\/div>\n\t<\/div>\n<\/div><\/div><div class=\"vc_column_container col-md-4\"><div class=\"wpb_wrapper vc_column-inner\">\r\n\t<div class=\"wpb_single_image wpb_content_element vc_align_center\">\r\n\t\t<div class=\"wpb_wrapper\">\r\n\t\t\t\r\n\t\t\t<div class=\"vc_single_image-wrapper   vc_box_border_grey\"><img decoding=\"async\" class=\"vc_single_image-img\" src=\"https:\/\/www.incidis.com.tr\/wp-content\/uploads\/2023\/02\/inci_akademi_logo2-1-200x187.png\" width=\"200\" height=\"187\" alt=\"\u0130nci Di\u015f Akademi - \u0130nci Di\u015f\" title=\"inci_akademi_logo2 (1)\" \/><\/div>\r\n\t\t<\/div>\r\n\t<\/div>\r\n<\/div><\/div><\/div><div class=\"vc_row wpb_row row top-row\"><div class=\"vc_column_container col-md-12\"><div class=\"wpb_wrapper vc_column-inner\">\n\t<div class=\"wpb_text_column wpb_content_element\" >\n\t\t<div class=\"wpb_wrapper\">\n\t\t\t\n\t\t<\/div>\n\t<\/div>\n<\/div><\/div><\/div>\n<\/section>","protected":false},"excerpt":{"rendered":"\u0130nci Akademi \u0130nci Akademi, 10 y\u0131ld\u0131r \u00e7e\u015fitli sekt\u00f6rlerde faaliyet g\u00f6steren Inci Group\u2019un yeni \u201cinci\u201dsi olarak 2023 y\u0131l\u0131nda faaliyete ge\u00e7mi\u015ftir. \u0130nci Akademi\u2019de yenilik\u00e7i ve \u00f6zg\u00fcn e\u011fitimlerle di\u015f hekimlerine destek verilerek mesleki yeterlilik baz\u0131nda her zaman bir ad\u0131m \u00f6nde olmalar\u0131 ama\u00e7lanmaktad\u0131r. \u00dcst\u00fcn kalite ve hizmet misyonu ile uzman di\u015f hekimleri taraf\u0131ndan ger\u00e7ekle\u015ftirilen teorik ve uygulamal\u0131 e\u011fitimler sayesinde [...]","protected":false},"author":1,"featured_media":0,"parent":550,"menu_order":0,"comment_status":"closed","ping_status":"closed","template":"","meta":{"footnotes":""},"_links":{"self":[{"href":"https:\/\/www.incidis.com.tr\/en\/wp-json\/wp\/v2\/pages\/4192"}],"collection":[{"href":"https:\/\/www.incidis.com.tr\/en\/wp-json\/wp\/v2\/pages"}],"about":[{"href":"https:\/\/www.incidis.com.tr\/en\/wp-json\/wp\/v2\/types\/page"}],"author":[{"embeddable":true,"href":"https:\/\/www.incidis.com.tr\/en\/wp-json\/wp\/v2\/users\/1"}],"replies":[{"embeddable":true,"href":"https:\/\/www.incidis.com.tr\/en\/wp-json\/wp\/v2\/comments?post=4192"}],"version-history":[{"count":8,"href":"https:\/\/www.incidis.com.tr\/en\/wp-json\/wp\/v2\/pages\/4192\/revisions"}],"predecessor-version":[{"id":4873,"href":"https:\/\/www.incidis.com.tr\/en\/wp-json\/wp\/v2\/pages\/4192\/revisions\/4873"}],"up":[{"embeddable":true,"href":"https:\/\/www.incidis.com.tr\/en\/wp-json\/wp\/v2\/pages\/550"}],"wp:attachment":[{"href":"https:\/\/www.incidis.com.tr\/en\/wp-json\/wp\/v2\/media?parent=4192"}],"curies":[{"name":"wp","href":"https:\/\/api.w.org\/{rel}","templated":true}]}}