{"id":4053,"date":"2023-02-08T22:43:18","date_gmt":"2023-02-08T19:43:18","guid":{"rendered":"http:\/\/incidis.com.tr\/?page_id=4053"},"modified":"2024-04-05T19:17:56","modified_gmt":"2024-04-05T16:17:56","slug":"basinda","status":"publish","type":"page","link":"https:\/\/www.incidis.com.tr\/en\/basinda\/","title":{"rendered":"In the press"},"content":{"rendered":"<section class=\"wpb-content-wrapper\"><div class=\"vc_row wpb_row row top-row\"><div class=\"vc_column_container col-md-12\"><div class=\"wpb_wrapper vc_column-inner\">\n\t<div class=\"wpb_text_column wpb_content_element\" >\n\t\t<div class=\"wpb_wrapper\">\n\t\t\t<h1 style=\"text-align: center;\">IN THE PRESS<\/h1>\n\n\t\t<\/div>\n\t<\/div>\n<div class=\"porto-separator\"><hr class=\"separator-line  vc_custom_1699011432186 align_center\" style=\"background-image: -webkit-linear-gradient(left, transparent, #0db5e8, transparent); background-image: linear-gradient(to right, transparent, #0db5e8, transparent);height:2px;width:30%;\"><\/div><\/div><\/div><\/div><div class=\"vc_row wpb_row row top-row\"><div class=\"vc_column_container col-md-4\"><div class=\"wpb_wrapper vc_column-inner\"><div class=\"porto-image-frame\"><img decoding=\"async\" alt=\"Screen Shot 2024 02 26 at 14.51.56\" src=\"\/\/www.incidis.com.tr\/wp-content\/uploads\/2024\/02\/Screen-Shot-2024-02-26-at-14.51.56.png\" class=\"img-responsive img-rounded img-box-shadow\" width=\"1800\" height=\"2350\"><\/div><div class=\"porto-u-heading  wpb_custom_95aa9a11c17ad45cfabaf210d84ee7cc porto-u-7027\"><div class=\"porto-u-main-heading\"><h2  >Country Life Magazine<\/h2><\/div><div class=\"porto-u-sub-heading\" style=\"\">\n<h4>The Secret to Healthy Smiles: Tartar Removal and Whitening<\/h4>\n<p>February 2024<\/div><style>.porto-u-7027.porto-u-heading{text-align:center}<\/style><\/div><\/div><\/div><div class=\"vc_column_container col-md-4\"><div class=\"wpb_wrapper vc_column-inner\"><div class=\"porto-image-frame\"><img decoding=\"async\" alt=\"Screen Shot 2024 02 26 at 15.07.17\" src=\"\/\/www.incidis.com.tr\/wp-content\/uploads\/2024\/02\/Screen-Shot-2024-02-26-at-15.07.17.png\" class=\"img-responsive img-rounded img-box-shadow\" width=\"1776\" height=\"2354\"><\/div><div class=\"porto-u-heading  wpb_custom_95aa9a11c17ad45cfabaf210d84ee7cc porto-u-3715\"><div class=\"porto-u-main-heading\"><h2  >Country Life Magazine<\/h2><\/div><div class=\"porto-u-sub-heading\" style=\"\">\n<h4>When should wisdom teeth be extracted?<\/h4>\n<p>February 2024<\/div><style>.porto-u-3715.porto-u-heading{text-align:center}<\/style><\/div><\/div><\/div><div class=\"vc_column_container col-md-4\"><div class=\"wpb_wrapper vc_column-inner\"><div class=\"porto-image-frame\"><img decoding=\"async\" alt=\"\" src=\"\/\/www.incidis.com.tr\/wp-content\/uploads\/2024\/04\/basinda-biz2.webp\" class=\"img-responsive img-rounded img-box-shadow\" width=\"1776\" height=\"2354\"><\/div><div class=\"porto-u-heading  wpb_custom_95aa9a11c17ad45cfabaf210d84ee7cc porto-u-5794\"><div class=\"porto-u-main-heading\"><h2  >Regional Agenda<\/h2><\/div><div class=\"porto-u-sub-heading\" style=\"\">\n<h4>Private \u0130nci Dental Clinic&#039;s 5th Branch Opens in Pendik<\/h4>\n<p>June 2022<\/div><style>.porto-u-5794.porto-u-heading{text-align:center}<\/style><\/div><\/div><\/div><\/div>\n<\/section>","protected":false},"excerpt":{"rendered":"BASINDA Country Life Dergisi Sa\u011fl\u0131kl\u0131 G\u00fcl\u00fc\u015flerin S\u0131rr\u0131: Di\u015f Ta\u015f\u0131 Temizli\u011fi ve Beyazlatma \u015eubat 2024Country Life Dergisi 20 Ya\u015f Di\u015fi Ne Zaman \u00c7ekilmeli? \u015eubat 2024B\u00f6lge G\u00fcndem \u00d6zel \u0130nci Di\u015f'in 5'inci \u015eubesi Pendik'te A\u00e7\u0131ld\u0131 Haziran 2022","protected":false},"author":1,"featured_media":0,"parent":0,"menu_order":0,"comment_status":"closed","ping_status":"closed","template":"","meta":{"footnotes":""},"_links":{"self":[{"href":"https:\/\/www.incidis.com.tr\/en\/wp-json\/wp\/v2\/pages\/4053"}],"collection":[{"href":"https:\/\/www.incidis.com.tr\/en\/wp-json\/wp\/v2\/pages"}],"about":[{"href":"https:\/\/www.incidis.com.tr\/en\/wp-json\/wp\/v2\/types\/page"}],"author":[{"embeddable":true,"href":"https:\/\/www.incidis.com.tr\/en\/wp-json\/wp\/v2\/users\/1"}],"replies":[{"embeddable":true,"href":"https:\/\/www.incidis.com.tr\/en\/wp-json\/wp\/v2\/comments?post=4053"}],"version-history":[{"count":45,"href":"https:\/\/www.incidis.com.tr\/en\/wp-json\/wp\/v2\/pages\/4053\/revisions"}],"predecessor-version":[{"id":8109,"href":"https:\/\/www.incidis.com.tr\/en\/wp-json\/wp\/v2\/pages\/4053\/revisions\/8109"}],"wp:attachment":[{"href":"https:\/\/www.incidis.com.tr\/en\/wp-json\/wp\/v2\/media?parent=4053"}],"curies":[{"name":"wp","href":"https:\/\/api.w.org\/{rel}","templated":true}]}}