{"id":3409,"date":"2022-08-15T13:18:26","date_gmt":"2022-08-15T10:18:26","guid":{"rendered":"http:\/\/incidis.com.tr\/?page_id=3409"},"modified":"2022-08-23T11:29:45","modified_gmt":"2022-08-23T08:29:45","slug":"gizlilik-ilkesi","status":"publish","type":"page","link":"https:\/\/www.incidis.com.tr\/en\/gizlilik-ilkesi\/","title":{"rendered":"Gizlilik \u0130lkesi"},"content":{"rendered":"<section class=\"wpb-content-wrapper\"><div class=\"vc_row wpb_row row top-row vc_custom_1654684026462\"><div class=\"vc_column_container col-md-12\"><div class=\"wpb_wrapper vc_column-inner\">\n\t<div class=\"wpb_text_column wpb_content_element\" >\n\t\t<div class=\"wpb_wrapper\">\n\t\t\t<h1 style=\"text-align: center;\">Gizlilik \u0130lkesi<\/h1>\n\n\t\t<\/div>\n\t<\/div>\n<div class=\"porto-separator\"><hr class=\"separator-line  vc_custom_1654684043207 align_center\" style=\"background-image: -webkit-linear-gradient(left, transparent, #00b2e3, transparent); background-image: linear-gradient(to right, transparent, #00b2e3, transparent);height:2px;width:30%;\"><\/div><\/div><\/div><\/div><div class=\"vc_row wpb_row row top-row\"><div class=\"vc_column_container col-md-12\"><div class=\"wpb_wrapper vc_column-inner\">\n\t<div class=\"wpb_text_column wpb_content_element\" >\n\t\t<div class=\"wpb_wrapper\">\n\t\t\t\n\t\t<\/div>\n\t<\/div>\n<\/div><\/div><\/div><div class=\"vc_row wpb_row row top-row\"><div class=\"vc_column_container col-md-12\"><div class=\"wpb_wrapper vc_column-inner\">\n\t<div class=\"wpb_text_column wpb_content_element\" >\n\t\t<div class=\"wpb_wrapper\">\n\t\t\t<ul>\n<li>Kullan\u0131m ve gizlilik ko\u015fullar\u0131\u00a0<strong>\u0130nci Group Sa\u011fl\u0131k Hizmetleri A.\u015e<\/strong>&#8216;ye ait\u00a0<u>incidis.com.tr<\/u>\u00a0ve burada belirtilen \u0130nci Group Sa\u011fl\u0131k Hizmetleri A.\u015e tescilli logosunu ta\u015f\u0131yan, bu sayfada listelenen t\u00fcm mikro siteler i\u00e7in ge\u00e7erlidir. S\u00f6z konusu \u0130nci Group Sa\u011fl\u0131k Hizmetleri A.\u015e web sitelerini ziyaret etti\u011finizde sitelerde yer alan kullan\u0131m ko\u015fullar\u0131 ve gizlilik ilkelerini incelemelisiniz. Bu siteler haricindeki herhangi bir sitede\u00a0\u00a0<strong>\u0130nci Group Sa\u011fl\u0131k Hizmetleri A.\u015e&#8217;nin\u00a0<\/strong>logosunu g\u00f6rmeniz bu g\u00fcvenlik ve gizlilik kurallar\u0131n\u0131n o sitede ge\u00e7erli oldu\u011fu anlam\u0131n\u0131 ta\u015f\u0131maz.<\/li>\n<li><u>incidis.com.tr<\/u>\u00a0sitesinde yer alan t\u00fcm bilgiler ve yap\u0131lan y\u00f6nlendirmelerdeki t\u00fcm linkler tamamen ziyaret\u00e7iye bilgi vermek amac\u0131yla kullan\u0131c\u0131ya sunulmu\u015ftur ve yay\u0131nlanan bilgiler de hi\u00e7bir \u015fekilde ticari ama\u00e7 g\u00fctmeksizin yay\u0131nlanmaktad\u0131r.<\/li>\n<li>Yukar\u0131da belirtilen ilgili sitelerde yay\u0131nlanan t\u00fcm bilgiler \u0130nci Group Sa\u011fl\u0131k Hizmetleri A.\u015e&#8217;ye aittir.<\/li>\n<li>Bu web sitesinde bulunan bilgileri g\u00fcncellemek, de\u011fi\u015ftirmek, \u00e7\u0131karmak veya d\u00fczenlemek gibi i\u015flerin yap\u0131lmas\u0131 \u0130nci Group Sa\u011fl\u0131k Hizmetleri A.\u015e&#8217;ye ait olup, bu konudaki t\u00fcm haklara sahiptir.<\/li>\n<li>Yukar\u0131da belirtilen ilgili web sitesindeki bilgilerin g\u00fcncellemesi s\u0131ras\u0131nda sitede olabilecek muhtemel yanl\u0131\u015fl\u0131k, eksiklik ya da de\u011fi\u015fiklikten dolay\u0131 \u0130nci Group Sa\u011fl\u0131k Hizmetleri A.\u015e&#8217;ye sorumluluk y\u00fckletilemez.<\/li>\n<li>Ayn\u0131 zamanda yukar\u0131da s\u00f6z\u00fc ge\u00e7en web sitesinde kullan\u0131lan baz\u0131 ifadeler ileriye y\u00f6nelik oldu\u011fundan \u00e7e\u015fitli risk ve belirsizlikler i\u00e7ermesi m\u00fcmk\u00fcnd\u00fcr.<\/li>\n<li>\u0130nci Group Sa\u011fl\u0131k Hizmetleri A.\u015e&#8217;ye ait web sitesi ve ilgili mikro sitelerine eri\u015fimde bulunan ki\u015fi ya da ki\u015filer Kullan\u0131m Ko\u015fullar\u0131&#8217;n\u0131n en son halini kabul etmi\u015f olmakta ve ilgili web sitesindeki ziyaret\u00e7i, sitede bulunan bilgiler do\u011frultusunda her t\u00fcrl\u00fc karar ile ilgili t\u00fcm sorumluluklara sahiptir.<\/li>\n<li>\u0130lgili sitelerde yer alan bilgiler hi\u00e7bir zaman hekim tedavisinin veya kons\u00fcltasyonunun yerini alamaz.<\/li>\n<li>Site i\u00e7eri\u011fi ki\u015fisel te\u015fhis ve tedavi y\u00f6nteminin se\u00e7imi i\u00e7in de\u011ferlendirilemez.<\/li>\n<li>Anlat\u0131lan t\u00fcm t\u0131bbi i\u015flemler bilgi, yorum ve g\u00f6r\u00fcnt\u00fcler, ki\u015fileri bilgilendirme ama\u00e7l\u0131 olup; reklam, tan\u0131 ve tedaviye y\u00f6nlendirme amac\u0131 ta\u015f\u0131mamaktad\u0131r.<\/li>\n<li><u>incidis.com.tr<\/u>\u00a0sayfam\u0131zdaki t\u00fcm materyallerde sa\u011flanan yasal haklar \u0130nci Group Sa\u011fl\u0131k Hizmetleri A.\u015e taraf\u0131ndan veya materyalin orijinal olu\u015fturucusu taraf\u0131ndan tutulur.<\/li>\n<li>Burada belirtilenin d\u0131\u015f\u0131nda, hi\u00e7bir materyal kopya edilemez, da\u011f\u0131t\u0131lamaz, \u00e7e\u015fitli alt lisansla de\u011fi\u015ftirilemez, ileride kullan\u0131lmak \u00fczere saklanamaz ve ticari bir ama\u00e7la kullan\u0131lamaz ve kulland\u0131r\u0131lamaz.<\/li>\n<li>Bu sitedeki herhangi bir materyalin herhangi bir imzas\u0131z kullan\u0131m\u0131 kopyalama yasalar\u0131, ticari yasalar, g\u00fcvenlik ve tan\u0131t\u0131m yasalar\u0131 ve ileti\u015fim kanunlar\u0131 ve stat\u00fclerini i\u00e7erir.<\/li>\n<li>\u0130nci Group Sa\u011fl\u0131k Hizmetleri A.\u015e&#8217;ye ait web sitesi ve mikro sitelere ula\u015f\u0131m serbest ve anonimdir.<\/li>\n<li>Bu ilgili sitelerde yer alan herhangi bir bilgiyi, herhangi bir \u015fekilde tahrif etmek; her t\u00fcrl\u00fc hukuki ve cezai takibata neden olacakt\u0131r.<\/li>\n<li>\u0130nci Group Sa\u011fl\u0131k Hizmetleri A.\u015e&#8217;nin sponsorluk etti\u011fi marka ya da markalar\u0131 onaylad\u0131\u011f\u0131 anla\u015f\u0131lmamal\u0131d\u0131r.<\/li>\n<li>Web sitesinde ve yukar\u0131da belirtilen ilgili mikro sitelerde yay\u0131nlanan bilgiler do\u011frultusunda her t\u00fcrl\u00fc karar ve sorumluluk ziyaret\u00e7inin sorumlulu\u011fundad\u0131r ve olu\u015fabilecek ya da olu\u015fmu\u015f zarar veya kay\u0131plardan \u0130nci Group Sa\u011fl\u0131k Hizmetleri A.\u015e, hi\u00e7bir \u015fekilde sorumlu de\u011fildir.<\/li>\n<li>Ayn\u0131 zamanda yukar\u0131da bahsedilen ilgili web sitelerinde yer alan bilgiler hi\u00e7bir \u015fekilde kullan\u0131c\u0131 lehine bir taahh\u00fct i\u00e7ermemektedir.<\/li>\n<li><u>incidis.com.tr<\/u>\u00a0ve mikrositelerde\u00a0<strong>Online Hizmetler ve \u0130leti\u015fim Formlar\u0131\u00a0<\/strong>d\u0131\u015f\u0131nda bulunan t\u00fcm b\u00f6l\u00fcmleri ki\u015fisel bilgilerinizi vermeden diledi\u011finiz s\u0131kl\u0131kta ziyaret edebilir, gerekli a\u00e7\u0131klamalar\u0131 okuyabilir, Hastaneler grubumuz hakk\u0131nda daha detayl\u0131 bilgiye sahip olabilirsiniz. Online Hizmetler b\u00f6l\u00fcmlerimizi kullanabilmeniz i\u00e7in ki\u015fisel bilgilerinizi do\u011fru ve eksiksiz olarak doldurarak \u00fcyelik kayd\u0131 yapman\u0131z gerekmektedir.\u00a0<u>incidis.com.tr<\/u>\u00a0sayfam\u0131za \u00fcye olurken vermi\u015f oldu\u011funuz ad, soyad, do\u011fum tarihi, cinsiyet, medeni durum, e\u011fitim durumu, meslek, telefon, cep telefonu, adres, \u015fehir bilgileri hi\u00e7bir \u015fekilde \u00fc\u00e7\u00fcnc\u00fc \u015fah\u0131slar ile payla\u015f\u0131lmaz.<\/li>\n<li>Yukar\u0131da belirtilen ilgili site ve mikro sitelerde yer alan \u0130leti\u015fim Formlar\u0131 vas\u0131tas\u0131 ile payla\u015fm\u0131\u015f oldu\u011funuz ileti\u015fim (telefon ve e-posta) bilgileri \u0130nci Group Sa\u011fl\u0131k Hizmetleri A.\u015e ve\/veya yetkilendirdi\u011fi \u00e7\u00f6z\u00fcm ortaklar\u0131 arac\u0131l\u0131\u011f\u0131 ile istemi\u015f oldu\u011funuz bilginin size ula\u015ft\u0131r\u0131lmas\u0131 i\u00e7in kullan\u0131labilir.<\/li>\n<li>\u0130nci Group Sa\u011fl\u0131k Hizmetleri A.\u015e&#8217;ye ait web siteleri sayfas\u0131nda vermi\u015f oldu\u011funuz bilgiler ilgili bu sa\u011fl\u0131k kurumunun size daha k\u0131sa s\u00fcrede ula\u015fmas\u0131n\u0131 sa\u011flamak ve sizleri bilgilendirmek amac\u0131yla kullan\u0131lacakt\u0131r.<\/li>\n<li>Kendinize ait ekran\u0131n\u0131zdan bilgilerinizi sadece siz g\u00fcncelleyebilir veya silebilirsiniz.<\/li>\n<li><u>incidis.com.tr<\/u>\u00a0sayfam\u0131za \u00fcye olduktan sonra \u015fifrenizi kimseyle payla\u015fmaman\u0131z gerekmektedir.<\/li>\n<li>Sitemizi her ziyaret etti\u011finizde isimsiz olarak IP adresiniz kay\u0131t alt\u0131na al\u0131nmaktad\u0131r.<\/li>\n<li>Site ile ilgili \u015fikayet, \u00f6neri, bilgi i\u00e7erikli taleplerinizi\u00a0<u>info@incidis.com.tr<\/u>\u00a0mail adresine iletebilirsiniz.<\/li>\n<li><strong>\u0130nci Group Sa\u011fl\u0131k Hizmetleri A.\u015e.\u00a0<\/strong>internet sitesi\u00a0<u>incidis.com.tr<\/u>&#8216;dan ba\u015fka internet sitelerine de ba\u011flant\u0131lar bulunabilir,\u00a0<u>incidis.com.tr<\/u>\u00a0sitemiz di\u011fer sitelerin gizlilik ve g\u00fcvenlik politikalar\u0131 ile i\u00e7eriklerinden sorumlu de\u011fildir.<\/li>\n<li>Bu sitede bulunan bilgi veya ifadelerin (tasar\u0131mlar, resimler, logo, v.b.) telif hakk\u0131\u00a0\u00a0<strong>\u0130nci Group Sa\u011fl\u0131k Hizmetleri A.\u015e<\/strong>&#8216;ye aittir. \u0130nci Group Sa\u011fl\u0131k Hizmetleri A.\u015e&#8217;nin izni olmaks\u0131z\u0131n hi\u00e7bir \u015fekilde kullan\u0131lamaz.<\/li>\n<li><strong>Kullan\u0131c\u0131, i\u015fbu \u201cKullan\u0131m Ve Gizlilik \u015eartlar\u0131n\u0131\u201d kabul etmekle birlikte kendisine elektronik\u00a0 iletiler (sms, e-mail&#8230;vb.) g\u00f6nderilmesini de kabul etmi\u015f say\u0131l\u0131r.<\/strong><\/li>\n<\/ul>\n\n\t\t<\/div>\n\t<\/div>\n<\/div><\/div><\/div>\n<\/section>","protected":false},"excerpt":{"rendered":"Gizlilik \u0130lkesi Kullan\u0131m ve gizlilik ko\u015fullar\u0131\u00a0\u0130nci Group Sa\u011fl\u0131k Hizmetleri A.\u015e'ye ait\u00a0incidis.com.tr\u00a0ve burada belirtilen \u0130nci Group Sa\u011fl\u0131k Hizmetleri A.\u015e tescilli logosunu ta\u015f\u0131yan, bu sayfada listelenen t\u00fcm mikro siteler i\u00e7in ge\u00e7erlidir. S\u00f6z konusu \u0130nci Group Sa\u011fl\u0131k Hizmetleri A.\u015e web sitelerini ziyaret etti\u011finizde sitelerde yer alan kullan\u0131m ko\u015fullar\u0131 ve gizlilik ilkelerini incelemelisiniz. Bu siteler haricindeki herhangi bir sitede\u00a0\u00a0\u0130nci [...]","protected":false},"author":1,"featured_media":0,"parent":0,"menu_order":0,"comment_status":"closed","ping_status":"closed","template":"","meta":{"footnotes":""},"_links":{"self":[{"href":"https:\/\/www.incidis.com.tr\/en\/wp-json\/wp\/v2\/pages\/3409"}],"collection":[{"href":"https:\/\/www.incidis.com.tr\/en\/wp-json\/wp\/v2\/pages"}],"about":[{"href":"https:\/\/www.incidis.com.tr\/en\/wp-json\/wp\/v2\/types\/page"}],"author":[{"embeddable":true,"href":"https:\/\/www.incidis.com.tr\/en\/wp-json\/wp\/v2\/users\/1"}],"replies":[{"embeddable":true,"href":"https:\/\/www.incidis.com.tr\/en\/wp-json\/wp\/v2\/comments?post=3409"}],"version-history":[{"count":2,"href":"https:\/\/www.incidis.com.tr\/en\/wp-json\/wp\/v2\/pages\/3409\/revisions"}],"predecessor-version":[{"id":3412,"href":"https:\/\/www.incidis.com.tr\/en\/wp-json\/wp\/v2\/pages\/3409\/revisions\/3412"}],"wp:attachment":[{"href":"https:\/\/www.incidis.com.tr\/en\/wp-json\/wp\/v2\/media?parent=3409"}],"curies":[{"name":"wp","href":"https:\/\/api.w.org\/{rel}","templated":true}]}}