{"id":3406,"date":"2022-08-15T13:12:41","date_gmt":"2022-08-15T10:12:41","guid":{"rendered":"http:\/\/incidis.com.tr\/?page_id=3406"},"modified":"2025-06-17T13:04:37","modified_gmt":"2025-06-17T10:04:37","slug":"kvkk","status":"publish","type":"page","link":"https:\/\/www.incidis.com.tr\/en\/kvkk\/","title":{"rendered":"Personal Data Protection Law (KVKK)"},"content":{"rendered":"<section class=\"wpb-content-wrapper\"><div class=\"vc_row wpb_row row top-row vc_custom_1654684026462\"><div class=\"vc_column_container col-md-12\"><div class=\"wpb_wrapper vc_column-inner\">\n\t<div class=\"wpb_text_column wpb_content_element\" >\n\t\t<div class=\"wpb_wrapper\">\n\t\t\t<h1 style=\"text-align: center;\">Ki\u015fisel Verilerin Korunmas\u0131 Kanunu Metni<\/h1>\n\n\t\t<\/div>\n\t<\/div>\n<div class=\"porto-separator\"><hr class=\"separator-line  vc_custom_1654684043207 align_center\" style=\"background-image: -webkit-linear-gradient(left, transparent, #00b2e3, transparent); background-image: linear-gradient(to right, transparent, #00b2e3, transparent);height:2px;width:30%;\"><\/div><\/div><\/div><\/div><div class=\"vc_row wpb_row row top-row\"><div class=\"vc_column_container col-md-12\"><div class=\"wpb_wrapper vc_column-inner\">\n\t<div class=\"wpb_text_column wpb_content_element\" >\n\t\t<div class=\"wpb_wrapper\">\n\t\t\t\n\t\t<\/div>\n\t<\/div>\n<\/div><\/div><\/div><div class=\"vc_row wpb_row row top-row\"><div class=\"vc_column_container col-md-12\"><div class=\"wpb_wrapper vc_column-inner\">\n\t<div class=\"wpb_text_column wpb_content_element\" >\n\t\t<div class=\"wpb_wrapper\">\n\t\t\t<p><strong>K\u0130\u015e\u0130SEL VER\u0130LER\u0130N KORUNMASI KANUNU AYDINLATMA METN\u0130<\/strong><\/p>\n<p>\u0130nci Group Sa\u011fl\u0131k Hizmetleri A.\u015e. ve \u0130nci markas\u0131 alt\u0131nda faaliyette bulunan Poliklinikler ve muayenehane \u0130nci Di\u015f Bah\u00e7e\u015fehir (Bah\u00e7e\u015fehir \u0130stanbul Smile Di\u015f Poliklini\u011fi ve T\u0131bbi Malzemeler D\u0131\u015f Ticaret Ltd. \u015eti.), \u0130nci Di\u015f Ba\u015fak\u015fehir (Sermizan Sa\u011fl\u0131k Hizmetleri A.\u015e.), \u0130nci Di\u015f Levent (Levent \u0130nci Sa\u011fl\u0131k Hizmetleri A.\u015e.) , Zeytinburnu (Eshat Araz Muayenehane ) 6698 say\u0131l\u0131 Ki\u015fisel Verilerin Korunmas\u0131 Kanunu (Kanun) ile Avrupa Birli\u011fi Genel Veri Koruma T\u00fcz\u00fc\u011f\u00fc (\u201cGDPR\u201d) ve ilgili mevzuat kapsam\u0131nda Veri Sorumlusu s\u0131fat\u0131yla, ki\u015fisel verilerinizi a\u015fa\u011f\u0131da da ayr\u0131nt\u0131l\u0131 izah etti\u011fimiz \u00e7er\u00e7evede i\u015fleyebilecektir.<br \/>\nKi\u015fisel verilerinizin korunmas\u0131, i\u015flenmesi, saklanmas\u0131 ve imha edilmesi hakk\u0131nda ayr\u0131nt\u0131l\u0131 bilgileri web sitemizin \u201cKi\u015fisel Verilerin Korunmas\u0131 ve Gizlili\u011fi\u201d ba\u015fl\u0131\u011f\u0131ndan ula\u015fabilirsiniz.<\/p>\n<ol>\n<li><strong> K\u0130\u015e\u0130SEL VER\u0130LER\u0130N TOPLANMASI, \u0130\u015eLENMES\u0130 VE \u0130\u015eLEME AMA\u00c7LARI<\/strong><\/li>\n<li><strong> K\u0130\u015e\u0130SEL VER\u0130LER\u0130N TOPLANMASI<\/strong><br \/>\n\u0130nci Group Sa\u011fl\u0131k Hizmetleri A.\u015e. ve \u0130nci markas\u0131 alt\u0131nda faaliyette bulunan Poliklinikler ve muayenehane \u0130nci Di\u015f Bah\u00e7e\u015fehir (Bah\u00e7e\u015fehir \u0130stanbul Smile Di\u015f Poliklini\u011fi ve T\u0131bbi Malzemeler D\u0131\u015f Ticaret Ltd. \u015eti.), \u0130nci Di\u015f Ba\u015fak\u015fehir (Sermizan Sa\u011fl\u0131k Hizmetleri A.\u015e.), \u0130nci Di\u015f Levent (Levent \u0130nci Sa\u011fl\u0131k Hizmetleri A.\u015e.), Zeytinburnu (Eshat Araz Muayenehane ) \u00e7a\u011fr\u0131 merkezi, internet sitesi, sosyal medya mecralar\u0131, sms kanallar\u0131, mobil uygulamalar ve i\u015f\/program orta\u011f\u0131 \u00fczerinden benzeri vas\u0131talarla s\u00f6zl\u00fc, yaz\u0131l\u0131 ya da elektronik olarak toplanabilir.\u015eirket, hizmetlerini daha iyi sunmak ve i\u00e7eri\u011fin bireysel ihtiya\u00e7 ve ilgilere uyumunu sa\u011flamak i\u00e7in \u00e7erezler kullanabilmektedir. Taray\u0131c\u0131da \u00e7erezleri hizmet d\u0131\u015f\u0131 b\u0131rakmak internet sitesindeki hizmetlerin kullan\u0131m\u0131n\u0131 \u00f6nlememektedir, fakat baz\u0131 teknik sorunlara yol a\u00e7abilmektedir. \u00c7erezler, kullan\u0131c\u0131n\u0131n internet sitesini kullan\u0131m\u0131 ile ilgili genel, istatistiki bilgi toplamak i\u00e7in de kullan\u0131lmaktad\u0131r. Ayr\u0131nt\u0131l\u0131 \u00e7erez politikam\u0131z sitemizde yer almaktad\u0131r.\u015eirket internet siteleri bilgisayar veya baz\u0131 ak\u0131ll\u0131 cihazlar \u00fczerinden kullan\u0131ma sunulan yaz\u0131l\u0131m ve uygulamalar\u0131, \u015firket ad\u0131na hizmet sunmaya yetkili ki\u015filer taraf\u0131ndan aktive edilen sosyal medya hesaplar\u0131 gibi dijital ortamlardan da ki\u015fisel veriler toplanabilmektedir.\u015eirketimizin bina, tesis giri\u015flerinde ve tesis i\u00e7erisinde kamera ile izleme sistemi vas\u0131tas\u0131yla ziyaret\u00e7ilerimizin g\u00f6r\u00fcnt\u00fc kay\u0131tlar\u0131 al\u0131nmaktad\u0131r. \u015eirket, g\u00fcvenlik kameras\u0131 ile izleme faaliyeti kapsam\u0131nda; sunulan hizmetin kalitesini art\u0131rmak, g\u00fcvenilirli\u011fini sa\u011flamak, \u015firketimizin, m\u00fc\u015fterilerin ve di\u011fer ki\u015filerin g\u00fcvenli\u011fini sa\u011flamak ve m\u00fc\u015fterilerin ald\u0131klar\u0131 hizmete ili\u015fkin menfaatlerini korumak gibi ama\u00e7lar ta\u015f\u0131maktad\u0131r. Kamera ile izleme faaliyetine ili\u015fkin ayr\u0131nt\u0131l\u0131 ayd\u0131nlatma metnimiz sitede yer almaktad\u0131r.<strong>2. K\u0130\u015e\u0130SEL VER\u0130LER\u0130N \u0130\u015eLENMES\u0130<\/strong><br \/>\n\u015eirket sa\u011fl\u0131k verileriniz ba\u015fta olmak \u00fczere \u00f6zel ve genel nitelikteki ki\u015fisel verilerinizi belirtilen ama\u00e7larla i\u015fleyebilecektir:<\/li>\n<\/ol>\n<ul>\n<li>Kimlik bilgileriniz: Ad\u0131n\u0131z, soyad\u0131n\u0131z, T.C. Kimlik numaran\u0131z, pasaport numaran\u0131z veya ge\u00e7ici TC Kimlik numaran\u0131z, do\u011fum yeri ve tarihiniz, medeni haliniz, cinsiyetiniz, sigorta ve\/veya sizi tan\u0131mlayabilecek her t\u00fcrden di\u011fer kimlik verileriniz;<\/li>\n<li>\u0130leti\u015fim Bilgileriniz: Adresiniz, telefon numaran\u0131z, elektronik posta adresiniz ve sair ileti\u015fim verileriniz, m\u00fc\u015fteri temsilcileri ya da m\u00fc\u015fteri hizmetleri taraf\u0131ndan \u00e7a\u011fr\u0131 merkezi standartlar\u0131 gere\u011fi tutulan sesli g\u00f6r\u00fc\u015fme kay\u0131tlar\u0131n\u0131z ile elektronik posta, mektup veya sair vas\u0131talar arac\u0131l\u0131\u011f\u0131 ile taraf\u0131m\u0131zla ileti\u015fime ge\u00e7ti\u011finizde elde edilen ki\u015fisel verileriniz; ileti\u015fim kanallar\u0131m\u0131z arac\u0131l\u0131\u011f\u0131yla bizlere g\u00f6nderdi\u011finiz sair ki\u015fisel verileriniz,<\/li>\n<li>Aile Bireyleri Ve Yak\u0131n Bilgisi, veri sahibinin \u00e7ocuklar\u0131, e\u015fleri ile kimlik bilgileri,<\/li>\n<li>Banka Hesap Bilgileriniz: Banka hesap numaran\u0131z, IBAN numaran\u0131z, kredi kart\u0131n\u0131n sadece slipte \u00e7\u0131kan bilgileri, faturalama ve fatura bilgileriniz gibi finansal verileriniz,<\/li>\n<li>Fiziksel Mekan G\u00fcvenlik Bilgisi, M\u00fc\u015fterilerimize ait otopark\u0131 kullanman\u0131z halinde ara\u00e7 plaka bilginiz, ziyaret bilgileri, giri\u015f \u00e7\u0131k\u0131\u015f bilgileri, ortak alanlarda s\u00fcrekli kay\u0131t halinde olan kamera kay\u0131tlar\u0131ndan elde edilen g\u00f6r\u00fcnt\u00fcleriniz, ses kayd\u0131n\u0131z,<\/li>\n<li>Hukuki \u0130\u015flem Bilgisi, adli ve idari kurumlardan intikal eden bilgi talepleri, denetim ve tefti\u015f sonucu olu\u015fan veriler, \u015eirket\u2019e i\u015f ba\u015fvurusunda bulunman\u0131z halinde bu hususta temin edilen \u00f6zge\u00e7mi\u015f d\u00e2hil sair ki\u015fisel verileriniz ile \u015firket \u00e7al\u0131\u015fan\u0131 ya da ili\u015fkili \u00e7al\u0131\u015fan olman\u0131z halinde hizmet akdiniz ile ilgili her t\u00fcrl\u00fc ki\u015fisel veriniz, Sa\u011fl\u0131k hizmetlerinin finansman\u0131 ve planlamas\u0131 amac\u0131yla \u00f6zel sa\u011fl\u0131k sigortas\u0131na ili\u015fkin verileriniz ve Sosyal G\u00fcvenlik Kurumu verileriniz,<\/li>\n<li>Pazarlama Bilgisi, hizmeti etkileyebilecek hedefleme bilgileri, \u00e7erez kay\u0131tlar\u0131, M\u00fc\u015fterilerimizin doldurduklar\u0131 anketler, te\u015fekk\u00fcr ve \u015fik\u00e2yet mektuplar\u0131, memnuniyet sonu\u00e7lar\u0131 vb. de\u011ferlendirmek i\u00e7in yapt\u0131\u011f\u0131n\u0131z bildirimler,<\/li>\n<li>\u00d6zel Nitelikli Ki\u015fisel Veri, verilen hizmetin gere\u011fi veya yasal mevzuat gere\u011fi elde edilmesi gerekli bilgiler ba\u015fta olmak \u00fczere, \u0131rk, sa\u011fl\u0131k ve cinsel hayat ile ilgili veriler, ceza mahk\u00fbmiyeti ve g\u00fcvenlik tedbirleriyle ilgili veriler, biyometrik veriler.<\/li>\n<\/ul>\n<ol start=\"3\">\n<li><strong> K\u0130\u015e\u0130SEL VER\u0130LER\u0130N \u0130\u015eLENME AMA\u00c7LARI<\/strong><br \/>\nTaraf\u0131n\u0131zca payla\u015f\u0131lan ki\u015fisel verileriniz;<\/li>\n<\/ol>\n<ul>\n<li>\u015eirketimiz taraf\u0131ndan sunulan \u00fcr\u00fcn ve hizmetlerden sizleri ve\/veya temsil etti\u011finiz kurum ve kurulu\u015flar\u0131 faydaland\u0131rmak i\u00e7in, \u015eirketimizin ticari ve i\u015f stratejilerinin belirlenmesi ve uygulanmas\u0131, pazarlama faaliyetlerinin yap\u0131lmas\u0131, i\u015f geli\u015ftirme ve planlama faaliyetlerinin ger\u00e7ekle\u015ftirilmesi d\u00e2hil ve fakat bunlarla s\u0131n\u0131rl\u0131 olmamak \u00fczere gerekli \u00e7al\u0131\u015fmalar\u0131n y\u00fcr\u00fct\u00fclmesi,<br \/>\n\u015eirketimiz kullan\u0131mda olan lokasyonlar\u0131n fiziksel g\u00fcvenli\u011finin ve denetiminin sa\u011flanmas\u0131,<\/li>\n<li>\u0130\u015f orta\u011f\u0131\/m\u00fc\u015fteri\/tedarik\u00e7i (yetkili veya \u00e7al\u0131\u015fanlar\u0131) ili\u015fkilerinin kurulmas\u0131,<br \/>\n\u0130\u015f ortaklar\u0131m\u0131z, tedarik\u00e7ilerimiz veya sair \u00fc\u00e7\u00fcnc\u00fc ki\u015filerle birlikte sunulan \u00fcr\u00fcn ve hizmetlere ili\u015fkin s\u00f6zle\u015fme gereklerinin ve finansal mutabakat\u0131n sa\u011flanmas\u0131,<\/li>\n<li>Hukuk ve idari i\u015flerinin, insan kaynaklar\u0131 politikalar\u0131n\u0131n takibi,<\/li>\n<li>\u015eirketimiz \u00e7a\u011fr\u0131 merkezinin aranmas\u0131 veya internet sayfas\u0131n\u0131n kullan\u0131lmas\u0131 ve\/veya \u015eirketimiz d\u00fczenledi\u011fi e\u011fitim, seminer veya organizasyonlara kat\u0131l\u0131m sa\u011flanmas\u0131 amac\u0131yla i\u015flenebilecektir.<\/li>\n<\/ul>\n<p><strong> K\u0130\u015e\u0130SEL VER\u0130LER\u0130N SAKLANMASI<\/strong><br \/>\na) \u00a0 \u00a0 \u00a0Ki\u015fisel verileriniz elektronik ve\/veya fiziksel ortamlarda saklanacakt\u0131r. \u015eirketimiz taraf\u0131ndan temin edilen ve saklanan ki\u015fisel verilerinizin sakland\u0131klar\u0131 ortamlarda yetkisiz eri\u015fime maruz kalmamalar\u0131, manip\u00fclasyona u\u011framamalar\u0131, kaybolmamalar\u0131 ve zarar g\u00f6rmemeleri amac\u0131yla gereken i\u015f s\u00fcre\u00e7lerinin tasar\u0131m\u0131 ile teknik g\u00fcvenlik altyap\u0131 geli\u015ftirmeleri uygulanmaktad\u0131r.<br \/>\nb) \u00a0 \u00a0 Ki\u015fisel verileriniz, size bildirilen ama\u00e7lar ve kapsam d\u0131\u015f\u0131nda kullan\u0131lmamak kayd\u0131 ile gerekli t\u00fcm bilgi g\u00fcvenli\u011fi tedbirleri de al\u0131narak i\u015flenecek ve yasal saklama s\u00fcresince veya b\u00f6yle bir s\u00fcre \u00f6ng\u00f6r\u00fclmemi\u015fse i\u015fleme amac\u0131n\u0131n gerekli k\u0131ld\u0131\u011f\u0131 s\u00fcre boyunca saklanacak ve i\u015flenecektir. Bu s\u00fcre sona erdi\u011finde, ki\u015fisel verileriniz silinme, yok edilme ya da anonimle\u015ftirme y\u00f6ntemleri ile \u015eirketimizin veri ak\u0131\u015flar\u0131ndan \u00e7\u0131kar\u0131lacakt\u0131r.<br \/>\nc) \u00a0 \u00a0 \u00a0\u015eirket, gerek i\u015f gerekse \u00e7\u00f6z\u00fcm ortaklar\u0131 ile veri payla\u015f\u0131m\u0131 yaparken hukuka uygun davranmay\u0131 ilke edinir. \u0130\u015f ve \u00e7\u00f6z\u00fcm ortaklar\u0131 ile veri gizlili\u011fi taahh\u00fcd\u00fc ile ve ancak hizmetin gerektirdi\u011fi kadar veri payla\u015f\u0131lmakta ve bu taraflardan mutlaka veri g\u00fcvenli\u011finin al\u0131nmas\u0131na ili\u015fkin tedbirleri almaya zorlanmaktad\u0131r.<br \/>\nd) \u00a0 \u00a0 Ticaretin D\u00fczenlenmesi Hk. Kanun ile Ticari \u0130leti\u015fim ve Ticari Elektronik \u0130letiler Hk. Y\u00f6netmeli\u011fe uygun olarak ancak \u00f6nceden onay al\u0131nan ki\u015filere reklam ama\u00e7l\u0131 elektronik ileti g\u00f6nderilebilir. Reklam\u0131n g\u00f6nderilece\u011fi ki\u015finin onay\u0131n\u0131n a\u00e7\u0131k bir \u015fekilde mevcudiyeti \u015fartt\u0131r. Yine ayn\u0131 mevzuat uyar\u0131nca belirlenen \u201conay\u201d\u0131n detaylar\u0131na \u015eirket riayet etmektedir. Bu onay, yaz\u0131l\u0131 olarak fiziki ortamda veya her t\u00fcrl\u00fc elektronik ileti\u015fim arac\u0131yla al\u0131nabilir.<br \/>\ne) \u00a0 \u00a0 M\u00fc\u015fterilerimiz ve muhtemel m\u00fc\u015fterilerimizle bir s\u00f6zle\u015fme ili\u015fkisi kurulmu\u015f ise, toplanm\u0131\u015f olan ki\u015fisel veriler, m\u00fc\u015fterinin onay\u0131 al\u0131nmaks\u0131z\u0131n kullan\u0131labilir. Ancak bu kullan\u0131m, s\u00f6zle\u015fme amac\u0131 do\u011frultusunda ger\u00e7ekle\u015fir. Buna kar\u015f\u0131n m\u00fc\u015fteri adaylar\u0131m\u0131z\u0131n (muhtemel m\u00fc\u015fteri) bize kendileri taraf\u0131ndan b\u0131rakm\u0131\u015f oldu\u011fu veriler, onlara sonras\u0131nda daha kolay ve kaliteli hizmet sunmak i\u00e7in i\u015flenir. Bu veriler talepleri halinde bir s\u00f6zle\u015fme ili\u015fkisi mevcut de\u011filse silinir.<br \/>\nf) \u00a0 \u00a0 \u00a0 \u015eirketimize ula\u015fan veriler, ancak gerekli oldu\u011fu kadar sisteme i\u015flenir. Fazlal\u0131k bilgiler, sisteme kaydedilmez, silinir ya da anonim hale getirilir. Bu veriler, istatistiki ama\u00e7larla kullan\u0131labilir.<br \/>\ng) \u00a0 \u00a0 \u00a0Yukar\u0131da belirtmi\u015f oldu\u011fumuz ki\u015fisel verileriniz, 3359 say\u0131l\u0131 Sa\u011fl\u0131k Hizmetleri Temel Kanunu, 663 say\u0131l\u0131 Sa\u011fl\u0131k Bakanl\u0131\u011f\u0131 ve Ba\u011fl\u0131 Kurulu\u015flar\u0131n\u0131n Te\u015fkilat ve G\u00f6revleri Hakk\u0131nda Kanun H\u00fckm\u00fcnde Kararname, \u00d6zel Hastaneler Y\u00f6netmeli\u011fi, Ki\u015fisel Sa\u011fl\u0131k Verilerinin \u0130\u015flenmesi ve Mahremiyetinin Korunmas\u0131 Y\u00f6netmeli\u011fi ve Sa\u011fl\u0131k Bakanl\u0131\u011f\u0131 d\u00fczenlemeleri ve sair mevzuat h\u00fck\u00fcmleri \u00e7er\u00e7evesinde i\u015flenip HASTANE\u2019 ye ve\/veya tedarik\u00e7ilerimize ait fiziki ar\u015fivler ve bili\u015fim sistemlerine nakledilebilece\u011fini, hem dijital hem de fiziki ortamda muhafaza alt\u0131nda tutulabilece\u011fini veri sorumlusunun ayd\u0131nlatma y\u00fck\u00fcml\u00fcl\u00fc\u011f\u00fc kapsam\u0131nda taraf\u0131n\u0131za bildiririz.<\/p>\n<p><strong>B. K\u0130\u015e\u0130SEL VER\u0130LER\u0130N AKTARILMASI<br \/>\n<\/strong><br \/>\n\u015eirket, Kanun&#8217;un 8. ve 9. maddelerinde s\u0131ralanan ve Ki\u015fisel Verileri Koruma Kurulu taraf\u0131ndan belirlenmi\u015f olan ilave d\u00fczenlemelere uygun olarak; ki\u015fisel verilerin aktar\u0131lmas\u0131 \u015fartlar\u0131n\u0131n bulunmas\u0131 durumunda ki\u015fisel verileri yurti\u00e7inde veya yurtd\u0131\u015f\u0131na aktarabilmektedir.<\/p>\n<p>Ki\u015fisel verilerin yurti\u00e7inde \u00fc\u00e7\u00fcnc\u00fc ki\u015filere aktar\u0131m\u0131, Kanun&#8217;un 5. ve 6. maddesinde yer alan veri i\u015fleme \u015fartlar\u0131ndan en az birinin varl\u0131\u011f\u0131 halinde ve veri i\u015fleme \u015fartlar\u0131na ili\u015fkin temel ilkelere uymak \u015fart\u0131yla ki\u015fisel verileriniz \u015firket taraf\u0131ndan aktar\u0131labilmektedir.<\/p>\n<p>Ki\u015fisel verilerin yurtd\u0131\u015f\u0131nda \u00fc\u00e7\u00fcnc\u00fc ki\u015filere aktar\u0131m\u0131, \u015firket ve ilgili \u00fclkedeki veri sorumlusunun yeterli korumay\u0131 yaz\u0131l\u0131 olarak taahh\u00fct etmesi \u00fczerine, Ki\u015fisel Verileri Kurul&#8217;un bu i\u015fleme izin vermesi ile Kanun&#8217;un 5. ve 6. maddesinde yer alan veri i\u015fleme \u015fartlar\u0131ndan en az birinin varl\u0131\u011f\u0131 halinde ki\u015fisel veriler yurtd\u0131\u015f\u0131nda \u00fc\u00e7\u00fcnc\u00fc taraflara aktar\u0131labilmektedir.<br \/>\nKi\u015fisel verilerinizin aktar\u0131lmas\u0131na ili\u015fkin ko\u015fullar\u0131 ve detayl\u0131 bilgiyi web sitemizde yer alan Ki\u015fisel Verilerin Korunmas\u0131 ve \u0130\u015flenmesi Politikas\u0131ndan edinebilirsiniz.<\/p>\n\n\t\t<\/div>\n\t<\/div>\n<\/div><\/div><\/div>\n<\/section>","protected":false},"excerpt":{"rendered":"Ki\u015fisel Verilerin Korunmas\u0131 Kanunu Metni K\u0130\u015e\u0130SEL VER\u0130LER\u0130N KORUNMASI KANUNU AYDINLATMA METN\u0130 \u0130nci Group Sa\u011fl\u0131k Hizmetleri A.\u015e. ve \u0130nci markas\u0131 alt\u0131nda faaliyette bulunan Poliklinikler ve muayenehane \u0130nci Di\u015f Bah\u00e7e\u015fehir (Bah\u00e7e\u015fehir \u0130stanbul Smile Di\u015f Poliklini\u011fi ve T\u0131bbi Malzemeler D\u0131\u015f Ticaret Ltd. \u015eti.), \u0130nci Di\u015f Ba\u015fak\u015fehir (Sermizan Sa\u011fl\u0131k Hizmetleri A.\u015e.), \u0130nci Di\u015f Levent (Levent \u0130nci Sa\u011fl\u0131k Hizmetleri A.\u015e.) [...]","protected":false},"author":1,"featured_media":0,"parent":0,"menu_order":0,"comment_status":"closed","ping_status":"closed","template":"","meta":{"footnotes":""},"_links":{"self":[{"href":"https:\/\/www.incidis.com.tr\/en\/wp-json\/wp\/v2\/pages\/3406"}],"collection":[{"href":"https:\/\/www.incidis.com.tr\/en\/wp-json\/wp\/v2\/pages"}],"about":[{"href":"https:\/\/www.incidis.com.tr\/en\/wp-json\/wp\/v2\/types\/page"}],"author":[{"embeddable":true,"href":"https:\/\/www.incidis.com.tr\/en\/wp-json\/wp\/v2\/users\/1"}],"replies":[{"embeddable":true,"href":"https:\/\/www.incidis.com.tr\/en\/wp-json\/wp\/v2\/comments?post=3406"}],"version-history":[{"count":5,"href":"https:\/\/www.incidis.com.tr\/en\/wp-json\/wp\/v2\/pages\/3406\/revisions"}],"predecessor-version":[{"id":10132,"href":"https:\/\/www.incidis.com.tr\/en\/wp-json\/wp\/v2\/pages\/3406\/revisions\/10132"}],"wp:attachment":[{"href":"https:\/\/www.incidis.com.tr\/en\/wp-json\/wp\/v2\/media?parent=3406"}],"curies":[{"name":"wp","href":"https:\/\/api.w.org\/{rel}","templated":true}]}}