{"id":3282,"date":"2022-07-18T09:21:29","date_gmt":"2022-07-18T06:21:29","guid":{"rendered":"http:\/\/incidis.com.tr\/?page_id=3282"},"modified":"2025-01-23T17:24:46","modified_gmt":"2025-01-23T14:24:46","slug":"mesaj","status":"publish","type":"page","link":"https:\/\/www.incidis.com.tr\/en\/mesaj\/","title":{"rendered":"Message"},"content":{"rendered":"<section class=\"wpb-content-wrapper\"><section class=\"vc_section\"><div class=\"vc_row wpb_row row top-row\"><div class=\"vc_column_container col-md-6\"><div class=\"wpb_wrapper vc_column-inner\">\r\n\t<div class=\"wpb_single_image wpb_content_element vc_align_left\">\r\n\t\t<div class=\"wpb_wrapper\">\r\n\t\t\t\r\n\t\t\t<div class=\"vc_single_image-wrapper   vc_box_border_grey\"><img decoding=\"async\" width=\"500\" height=\"340\" src=\"https:\/\/www.incidis.com.tr\/wp-content\/uploads\/2022\/07\/inci1.jpg\" class=\"vc_single_image-img attachment-large\" alt=\"\u0130nci Di\u015f Klini\u011fi - \u0130nci Di\u015f\" title=\"pearl\" srcset=\"https:\/\/www.incidis.com.tr\/wp-content\/uploads\/2022\/07\/inci1.jpg 500w, https:\/\/www.incidis.com.tr\/wp-content\/uploads\/2022\/07\/inci1-400x272.jpg 400w\" sizes=\"(max-width: 500px) 100vw, 500px\" \/><\/div>\r\n\t\t<\/div>\r\n\t<\/div>\r\n<\/div><\/div><div class=\"vc_column_container col-md-6 text-center\"><div class=\"wpb_wrapper vc_column-inner\">\n\t<div class=\"wpb_text_column wpb_content_element\" >\n\t\t<div class=\"wpb_wrapper\">\n\t\t\t<h4>Your message has been received. We will contact you as soon as possible via phone at 444 62 40. Thank you for contacting us.<\/h4>\n\n\t\t<\/div>\n\t<\/div>\n<\/div><\/div><\/div><\/section>\n<\/section>","protected":false},"excerpt":{"rendered":"Your message has been received. We will contact you as soon as possible via phone at 444 62 40. Thank you for contacting us.","protected":false},"author":1,"featured_media":0,"parent":0,"menu_order":0,"comment_status":"closed","ping_status":"closed","template":"","meta":{"footnotes":""},"_links":{"self":[{"href":"https:\/\/www.incidis.com.tr\/en\/wp-json\/wp\/v2\/pages\/3282"}],"collection":[{"href":"https:\/\/www.incidis.com.tr\/en\/wp-json\/wp\/v2\/pages"}],"about":[{"href":"https:\/\/www.incidis.com.tr\/en\/wp-json\/wp\/v2\/types\/page"}],"author":[{"embeddable":true,"href":"https:\/\/www.incidis.com.tr\/en\/wp-json\/wp\/v2\/users\/1"}],"replies":[{"embeddable":true,"href":"https:\/\/www.incidis.com.tr\/en\/wp-json\/wp\/v2\/comments?post=3282"}],"version-history":[{"count":14,"href":"https:\/\/www.incidis.com.tr\/en\/wp-json\/wp\/v2\/pages\/3282\/revisions"}],"predecessor-version":[{"id":9413,"href":"https:\/\/www.incidis.com.tr\/en\/wp-json\/wp\/v2\/pages\/3282\/revisions\/9413"}],"wp:attachment":[{"href":"https:\/\/www.incidis.com.tr\/en\/wp-json\/wp\/v2\/media?parent=3282"}],"curies":[{"name":"wp","href":"https:\/\/api.w.org\/{rel}","templated":true}]}}