{"id":1554,"date":"2022-05-28T13:05:11","date_gmt":"2022-05-28T10:05:11","guid":{"rendered":"http:\/\/incidis.com.tr\/?page_id=1554"},"modified":"2026-02-20T13:08:24","modified_gmt":"2026-02-20T10:08:24","slug":"iletisim","status":"publish","type":"page","link":"https:\/\/www.incidis.com.tr\/en\/iletisim\/","title":{"rendered":"Contact"},"content":{"rendered":"<section class=\"wpb-content-wrapper\"><div class=\"vc_row wpb_row row top-row vc_custom_1706173209769\"><div class=\"vc_column_container col-md-12 text-center\"><div class=\"wpb_wrapper vc_column-inner\">\n\t<div class=\"wpb_text_column wpb_content_element\" >\n\t\t<div class=\"wpb_wrapper\">\n\t\t\t<h1 style=\"text-align: center;\">Bizimle \u0130leti\u015fime Ge\u00e7in<\/h1>\n\n\t\t<\/div>\n\t<\/div>\n<div class=\"porto-separator\"><hr class=\"separator-line  vc_custom_1654684043207 align_center\" style=\"background-image: -webkit-linear-gradient(left, transparent, #00b2e3, transparent); background-image: linear-gradient(to right, transparent, #00b2e3, transparent);height:2px;width:30%;\"><\/div><div class=\"vc_row wpb_row vc_inner row\"><div class=\"vc_column_container col-md-12\"><div class=\"wpb_wrapper vc_column-inner\"><h4 style=\"font-size: 18px;color: #00b2e3;text-align: center\" class=\"vc_custom_heading\" >Telefon<\/h4><\/div><\/div><\/div>\n\t<div class=\"wpb_text_column wpb_content_element\" >\n\t\t<div class=\"wpb_wrapper\">\n\t\t\t<p style=\"text-align: center;\"><span style=\"font-size: 22px;\"><a id=\"dynamicPhoneNumber\" href=\"tel:4446240\"><span style=\"color: #000000;\">444 6 240<\/span><\/a><\/span><\/p>\n\n\t\t<\/div>\n\t<\/div>\n<\/div><\/div><\/div><div class=\"vc_row wpb_row row top-row\"><div class=\"vc_column_container col-md-12\"><div class=\"wpb_wrapper vc_column-inner\"><div class=\"vc_tta-container\" data-vc-action=\"collapse\"><div class=\"vc_general vc_tta vc_tta-tabs vc_tta-color-peacoc vc_tta-style-flat vc_tta-shape-square vc_tta-spacing-1 vc_tta-o-no-fill vc_tta-tabs-position-top vc_tta-controls-align-left\"><div class=\"vc_tta-tabs-container\"><ul class=\"vc_tta-tabs-list\"><li class=\"vc_tta-tab vc_active\" data-vc-tab><a href=\"#1676719099562-014bb28c-7b6b\" data-vc-tabs data-vc-container=\".vc_tta\"><span class=\"vc_tta-title-text\">Bah\u00e7e\u015fehir<\/span><\/a><\/li><li class=\"vc_tta-tab\" data-vc-tab><a href=\"#1676719099589-e540c1a5-80ff\" data-vc-tabs data-vc-container=\".vc_tta\"><span class=\"vc_tta-title-text\">Basaksehir<\/span><\/a><\/li><li class=\"vc_tta-tab\" data-vc-tab><a href=\"#1676719137621-ba888730-e7c6\" data-vc-tabs data-vc-container=\".vc_tta\"><span class=\"vc_tta-title-text\">Levent<\/span><\/a><\/li><li class=\"vc_tta-tab\" data-vc-tab><a href=\"#1676719256106-8d56a0c1-db7b\" data-vc-tabs data-vc-container=\".vc_tta\"><span class=\"vc_tta-title-text\">Pendik<\/span><\/a><\/li><li class=\"vc_tta-tab\" data-vc-tab><a href=\"#1676719257686-c56a54d4-153f\" data-vc-tabs data-vc-container=\".vc_tta\"><span class=\"vc_tta-title-text\">Gokturk<\/span><\/a><\/li><li class=\"vc_tta-tab\" data-vc-tab><a href=\"#1771581707908-d8cd503f-2eaa\" data-vc-tabs data-vc-container=\".vc_tta\"><span class=\"vc_tta-title-text\">Zeytinburnu<\/span><\/a><\/li><\/ul><\/div><div class=\"vc_tta-panels-container\"><div class=\"vc_tta-panels\"><div class=\"vc_tta-panel vc_active\" id=\"1676719099562-014bb28c-7b6b\" data-vc-content=\".vc_tta-panel-body\"><div class=\"vc_tta-panel-heading\"><h4 class=\"vc_tta-panel-title\"><a href=\"#1676719099562-014bb28c-7b6b\" data-vc-accordion data-vc-container=\".vc_tta-container\"><span class=\"vc_tta-title-text\">Bah\u00e7e\u015fehir<\/span><\/a><\/h4><\/div><div class=\"vc_tta-panel-body\"><div class=\"vc_row wpb_row vc_inner row\"><div class=\"vc_column_container col-md-6\"><div class=\"wpb_wrapper vc_column-inner\">\n\t<div class=\"wpb_raw_code wpb_content_element wpb_raw_html\" >\n\t\t<div class=\"wpb_wrapper\">\n\t\t\t<iframe src=\"https:\/\/www.google.com\/maps\/embed?pb=!1m18!1m12!1m3!1d3008.3483711762337!2d28.6683894!3d41.06137710000001!2m3!1f0!2f0!3f0!3m2!1i1024!2i768!4f13.1!3m3!1m2!1s0x14b5589f46d5255b%3A0x2d94613186dd2fc8!2zxLBuY2kgRGnFnyBCYWjDp2XFn2VoaXI!5e0!3m2!1str!2str!4v1654505656033!5m2!1str!2str\" width=\"600\" height=\"350\" style=\"border:0;\" allowfullscreen=\"\" loading=\"lazy\" referrerpolicy=\"no-referrer-when-downgrade\"><\/iframe>\n\t\t<\/div>\n\t<\/div>\n<\/div><\/div><div class=\"vc_column_container col-md-6 vc_custom_1656675649495\"><div class=\"wpb_wrapper vc_column-inner\"><h4 style=\"color: #00b2e3\" class=\"vc_custom_heading align-left\" >Adres<\/h4>\n\t<div class=\"wpb_text_column wpb_content_element  vc_custom_1653641454505\" >\n\t\t<div class=\"wpb_wrapper\">\n\t\t\t<p><a href=\"https:\/\/g.page\/incidisbahcesehir?share\"><span style=\"color: #000000;\">Koza Mah. Atat\u00fcrk Bul. No:7\/O Esenyurt, \u0130stanbul<\/span><\/a><\/p>\n\n\t\t<\/div>\n\t<\/div>\n<h4 style=\"color: #00b2e3\" class=\"vc_custom_heading vc_custom_1653645808993 align-left\" >\u00c7al\u0131\u015fma Saatleri<\/h4>\n\t<div class=\"wpb_text_column wpb_content_element  vc_custom_1691752073722\" >\n\t\t<div class=\"wpb_wrapper\">\n\t\t\t<p><span class=\"selectable-text copyable-text\">Pazartesi &#8211; Cumartesi : 09:00 &#8211; 20:00<br \/>\n<\/span><span class=\"selectable-text copyable-text\">Pazar: Kapal\u0131<\/span><\/p>\n\n\t\t<\/div>\n\t<\/div>\n<div class=\"vc_btn3-container vc_btn3-inline\" >\r\n\t<a onmouseleave=\"this.style.borderColor=&#039;#02769e&#039;; this.style.backgroundColor=&#039;transparent&#039;; this.style.color=&#039;#02769e&#039;\" onmouseenter=\"this.style.borderColor=\\&#039;#02769e\\&#039;; this.style.backgroundColor=\\&#039;#02769e\\&#039;; this.style.color=\\&#039;#ffffff\\&#039;;\" class=\"vc_general vc_btn3 vc_btn3-size-md vc_btn3-shape-round vc_btn3-style-outline-custom wpb_custom_6687b26f39488ddbb85ddb3c1ce8e111 vc_btn3-icon-right btn\" style=\"border-color:#02769e; color:#02769e;\" href=\"https:\/\/www.google.com\/maps\/place\/\/data=!4m2!3m1!1s0x14b5589f46d5255b:0x2d94613186dd2fc8?source=g.page.share\" title=\"\" target=\"_blank\">Google Harita <i class=\"vc_btn3-icon fas fa-arrow-right\"><\/i><\/a>\t<\/div>\r\n<div class=\"vc_btn3-container vc_btn3-inline\" >\r\n\t<a onmouseleave=\"this.style.borderColor=&#039;#02769e&#039;; this.style.backgroundColor=&#039;transparent&#039;; this.style.color=&#039;#02769e&#039;\" onmouseenter=\"this.style.borderColor=\\&#039;#02769e\\&#039;; this.style.backgroundColor=\\&#039;#02769e\\&#039;; this.style.color=\\&#039;#ffffff\\&#039;;\" class=\"vc_general vc_btn3 vc_btn3-size-md vc_btn3-shape-round vc_btn3-style-outline-custom wpb_custom_6687b26f39488ddbb85ddb3c1ce8e111 vc_btn3-icon-right btn\" style=\"border-color:#02769e; color:#02769e;\" href=\"https:\/\/yandex.com\/maps\/org\/inci_di_bah_e_ehir_a_z_ve_di_sa_l_k_poliklini_i\/245123009670\/?ll=28.667073%2C41.059143&amp;z=17\" title=\"\" target=\"_blank\">Yandex Harita <i class=\"vc_btn3-icon fas fa-arrow-right\"><\/i><\/a>\t<\/div>\r\n<\/div><\/div><\/div><\/div><\/div><div class=\"vc_tta-panel\" id=\"1676719099589-e540c1a5-80ff\" data-vc-content=\".vc_tta-panel-body\"><div class=\"vc_tta-panel-heading\"><h4 class=\"vc_tta-panel-title\"><a href=\"#1676719099589-e540c1a5-80ff\" data-vc-accordion data-vc-container=\".vc_tta-container\"><span class=\"vc_tta-title-text\">Basaksehir<\/span><\/a><\/h4><\/div><div class=\"vc_tta-panel-body\"><div class=\"vc_row wpb_row vc_inner row\"><div class=\"vc_column_container col-md-6\"><div class=\"wpb_wrapper vc_column-inner\">\n\t<div class=\"wpb_raw_code wpb_content_element wpb_raw_html\" >\n\t\t<div class=\"wpb_wrapper\">\n\t\t\t<iframe src=\"https:\/\/www.google.com\/maps\/embed?pb=!1m18!1m12!1m3!1d3006.2649507180945!2d28.8034106!3d41.1069043!2m3!1f0!2f0!3f0!3m2!1i1024!2i768!4f13.1!3m3!1m2!1s0x14caaf0562ff605b%3A0x91a35002f593ecdc!2zxLBuY2kgRGnFnyBCYcWfYWvFn2VoaXI!5e0!3m2!1str!2str!4v1654505729024!5m2!1str!2str\" width=\"600\" height=\"350\" style=\"border:0;\" allowfullscreen=\"\" loading=\"lazy\" referrerpolicy=\"no-referrer-when-downgrade\"><\/iframe>\n\t\t<\/div>\n\t<\/div>\n<\/div><\/div><div class=\"vc_column_container col-md-6 vc_custom_1656675895206\"><div class=\"wpb_wrapper vc_column-inner\"><h4 style=\"color: #00b2e3\" class=\"vc_custom_heading align-left\" >Adres<\/h4>\n\t<div class=\"wpb_text_column wpb_content_element  vc_custom_1653646759719\" >\n\t\t<div class=\"wpb_wrapper\">\n\t\t\t<p><a href=\"https:\/\/g.page\/incidismerkezi?share\"><span style=\"color: black;\">Ba\u015fak Mah. Ye\u015fil Vadi Cad. Metrokent Sit. D1 Blok No:3\/2F Ba\u015fak\u015fehir, \u0130stanbul,<\/span><\/a><\/p>\n\n\t\t<\/div>\n\t<\/div>\n<h4 style=\"color: #00b2e3\" class=\"vc_custom_heading vc_custom_1653645808993 align-left\" >\u00c7al\u0131\u015fma Saatleri<\/h4>\n\t<div class=\"wpb_text_column wpb_content_element  vc_custom_1659957335298\" >\n\t\t<div class=\"wpb_wrapper\">\n\t\t\t<p><span class=\"selectable-text copyable-text\">Pazartesi &#8211; Cumartesi : 09:00 &#8211; 21:00<br \/>\n<\/span><span class=\"selectable-text copyable-text\">Pazar: 10:00 &#8211; 18:00<\/span><\/p>\n\n\t\t<\/div>\n\t<\/div>\n<div class=\"vc_btn3-container vc_btn3-inline\" >\r\n\t<a onmouseleave=\"this.style.borderColor=&#039;#02769e&#039;; this.style.backgroundColor=&#039;transparent&#039;; this.style.color=&#039;#02769e&#039;\" onmouseenter=\"this.style.borderColor=\\&#039;#02769e\\&#039;; this.style.backgroundColor=\\&#039;#02769e\\&#039;; this.style.color=\\&#039;#ffffff\\&#039;;\" class=\"vc_general vc_btn3 vc_btn3-size-md vc_btn3-shape-round vc_btn3-style-outline-custom wpb_custom_6687b26f39488ddbb85ddb3c1ce8e111 vc_btn3-icon-right btn\" style=\"border-color:#02769e; color:#02769e;\" href=\"https:\/\/www.google.com\/maps\/place\/\/data=!4m2!3m1!1s0x14caaf0562ff605b:0x91a35002f593ecdc?source=g.page.share\" title=\"\" target=\"_blank\">Google Harita <i class=\"vc_btn3-icon fas fa-arrow-right\"><\/i><\/a>\t<\/div>\r\n<div class=\"vc_btn3-container vc_btn3-inline\" >\r\n\t<a onmouseleave=\"this.style.borderColor=&#039;#02769e&#039;; this.style.backgroundColor=&#039;transparent&#039;; this.style.color=&#039;#02769e&#039;\" onmouseenter=\"this.style.borderColor=\\&#039;#02769e\\&#039;; this.style.backgroundColor=\\&#039;#02769e\\&#039;; this.style.color=\\&#039;#ffffff\\&#039;;\" class=\"vc_general vc_btn3 vc_btn3-size-md vc_btn3-shape-round vc_btn3-style-outline-custom wpb_custom_6687b26f39488ddbb85ddb3c1ce8e111 vc_btn3-icon-right btn\" style=\"border-color:#02769e; color:#02769e;\" href=\"https:\/\/yandex.com\/maps\/org\/inci_di_ba_ak_ehir_a_z_ve_di_sa_l_k_merkezi\/240497234952\/?ll=28.803465%2C41.106990&amp;z=17\" title=\"\" target=\"_blank\">Yandex Harita <i class=\"vc_btn3-icon fas fa-arrow-right\"><\/i><\/a>\t<\/div>\r\n<\/div><\/div><\/div><\/div><\/div><div class=\"vc_tta-panel\" id=\"1676719137621-ba888730-e7c6\" data-vc-content=\".vc_tta-panel-body\"><div class=\"vc_tta-panel-heading\"><h4 class=\"vc_tta-panel-title\"><a href=\"#1676719137621-ba888730-e7c6\" data-vc-accordion data-vc-container=\".vc_tta-container\"><span class=\"vc_tta-title-text\">Levent<\/span><\/a><\/h4><\/div><div class=\"vc_tta-panel-body\"><div class=\"vc_row wpb_row vc_inner row\"><div class=\"vc_column_container col-md-6\"><div class=\"wpb_wrapper vc_column-inner\">\n\t<div class=\"wpb_raw_code wpb_content_element wpb_raw_html\" >\n\t\t<div class=\"wpb_wrapper\">\n\t\t\t<iframe src=\"https:\/\/www.google.com\/maps\/embed?pb=!1m18!1m12!1m3!1d3007.0077638784546!2d29.003722999999997!3d41.09067699999999!2m3!1f0!2f0!3f0!3m2!1i1024!2i768!4f13.1!3m3!1m2!1s0x14cab67c935c567b%3A0x77514d86155ac7a6!2zxLBuY2kgRGnFnyBMZXZlbnQ!5e0!3m2!1str!2str!4v1654752040469!5m2!1str!2str\" width=\"600\" height=\"350\" style=\"border:0;\" allowfullscreen=\"\" loading=\"lazy\" referrerpolicy=\"no-referrer-when-downgrade\"><\/iframe>\n\t\t<\/div>\n\t<\/div>\n<\/div><\/div><div class=\"vc_column_container col-md-6 vc_custom_1656675902640\"><div class=\"wpb_wrapper vc_column-inner\"><h4 style=\"color: #00b2e3\" class=\"vc_custom_heading align-left\" >Adres<\/h4>\n\t<div class=\"wpb_text_column wpb_content_element  vc_custom_1654752031044\" >\n\t\t<div class=\"wpb_wrapper\">\n\t\t\t<p><a href=\"https:\/\/www.google.com.tr\/maps\/place\/Levent+%C4%B0nci+A%C4%9F%C4%B1z+ve+Di%C5%9F+Sa%C4%9Fl%C4%B1%C4%9F%C4%B1+Poliklini%C4%9Fi\/@41.090785,29.0026581,17z\/data=!3m1!4b1!4m5!3m4!1s0x14cab67c935c567b:0x77514d86155ac7a6!8m2!3d41.090781!4d29.0048468\"><span style=\"color: black;\">Sanayi Mah. Sultan Selim Cad. No:22\/A Levent \/ Ka\u011f\u0131thane\/ \u0130stanbul<\/span><\/a><\/p>\n\n\t\t<\/div>\n\t<\/div>\n<h4 style=\"color: #00b2e3\" class=\"vc_custom_heading vc_custom_1653645808993 align-left\" >\u00c7al\u0131\u015fma Saatleri<\/h4>\n\t<div class=\"wpb_text_column wpb_content_element  vc_custom_1659957363571\" >\n\t\t<div class=\"wpb_wrapper\">\n\t\t\t<p><span class=\"selectable-text copyable-text\">Pazartesi &#8211; Cumartesi : 09:00 &#8211; 21:00<br \/>\n<\/span><span class=\"selectable-text copyable-text\">Pazar: 10:00 &#8211; 18:00<\/span><\/p>\n\n\t\t<\/div>\n\t<\/div>\n<div class=\"vc_btn3-container vc_btn3-inline\" >\r\n\t<a onmouseleave=\"this.style.borderColor=&#039;#02769e&#039;; this.style.backgroundColor=&#039;transparent&#039;; this.style.color=&#039;#02769e&#039;\" onmouseenter=\"this.style.borderColor=\\&#039;#02769e\\&#039;; this.style.backgroundColor=\\&#039;#02769e\\&#039;; this.style.color=\\&#039;#ffffff\\&#039;;\" class=\"vc_general vc_btn3 vc_btn3-size-md vc_btn3-shape-round vc_btn3-style-outline-custom wpb_custom_6687b26f39488ddbb85ddb3c1ce8e111 vc_btn3-icon-right btn\" style=\"border-color:#02769e; color:#02769e;\" href=\"https:\/\/www.google.com.tr\/maps\/place\/%C4%B0nci+Di%C5%9F+Levent\/@41.090677,29.0015343,17z\/data=!3m1!4b1!4m5!3m4!1s0x14cab67c935c567b:0x77514d86155ac7a6!8m2!3d41.090781!4d29.0048468\" title=\"\" target=\"_blank\">Google Harita <i class=\"vc_btn3-icon fas fa-arrow-right\"><\/i><\/a>\t<\/div>\r\n<div class=\"vc_btn3-container vc_btn3-inline\" >\r\n\t<a onmouseleave=\"this.style.borderColor=&#039;#02769e&#039;; this.style.backgroundColor=&#039;transparent&#039;; this.style.color=&#039;#02769e&#039;\" onmouseenter=\"this.style.borderColor=\\&#039;#02769e\\&#039;; this.style.backgroundColor=\\&#039;#02769e\\&#039;; this.style.color=\\&#039;#ffffff\\&#039;;\" class=\"vc_general vc_btn3 vc_btn3-size-md vc_btn3-shape-round vc_btn3-style-outline-custom wpb_custom_6687b26f39488ddbb85ddb3c1ce8e111 vc_btn3-icon-right btn\" style=\"border-color:#02769e; color:#02769e;\" href=\"https:\/\/yandex.com\/maps\/org\/inci_di_levent_a_z_ve_di_sa_l_k_poliklini_i\/130711769103\/?ll=29.003842%2C41.090674&amp;z=17\" title=\"\" target=\"_blank\">Yandex Harita <i class=\"vc_btn3-icon fas fa-arrow-right\"><\/i><\/a>\t<\/div>\r\n<\/div><\/div><\/div><\/div><\/div><div class=\"vc_tta-panel\" id=\"1676719256106-8d56a0c1-db7b\" data-vc-content=\".vc_tta-panel-body\"><div class=\"vc_tta-panel-heading\"><h4 class=\"vc_tta-panel-title\"><a href=\"#1676719256106-8d56a0c1-db7b\" data-vc-accordion data-vc-container=\".vc_tta-container\"><span class=\"vc_tta-title-text\">Pendik<\/span><\/a><\/h4><\/div><div class=\"vc_tta-panel-body\"><div class=\"vc_row wpb_row vc_inner row\"><div class=\"vc_column_container col-md-6\"><div class=\"wpb_wrapper vc_column-inner\">\n\t<div class=\"wpb_raw_code wpb_content_element wpb_raw_html\" >\n\t\t<div class=\"wpb_wrapper\">\n\t\t\t<iframe src=\"https:\/\/www.google.com\/maps\/embed?pb=!1m18!1m12!1m3!1d3016.7964006060906!2d29.2302103!3d40.876342099999995!2m3!1f0!2f0!3f0!3m2!1i1024!2i768!4f13.1!3m3!1m2!1s0x14cac37723990779%3A0xde9a90b1e0d5b5b3!2zxLBuY2kgRGnFnyBQZW5kaWs!5e0!3m2!1str!2str!4v1654505943532!5m2!1str!2str\" width=\"600\" height=\"350\" style=\"border:0;\" allowfullscreen=\"\" loading=\"lazy\" referrerpolicy=\"no-referrer-when-downgrade\"><\/iframe>\n\t\t<\/div>\n\t<\/div>\n<\/div><\/div><div class=\"vc_column_container col-md-6 vc_custom_1656675910807\"><div class=\"wpb_wrapper vc_column-inner\"><h4 style=\"color: #00b2e3\" class=\"vc_custom_heading align-left\" >Adres<\/h4>\n\t<div class=\"wpb_text_column wpb_content_element  vc_custom_1653648119830\" >\n\t\t<div class=\"wpb_wrapper\">\n\t\t\t<p><a href=\"https:\/\/goo.gl\/maps\/RuzmDaxPZ4K1AaNE9\"><span style=\"color: black;\">Bat\u0131 Mah. Ortanca Caddesi No:6 \u0130stanbul, Pendik<\/span><\/a><\/p>\n\n\t\t<\/div>\n\t<\/div>\n<h4 style=\"color: #00b2e3\" class=\"vc_custom_heading vc_custom_1653645808993 align-left\" >\u00c7al\u0131\u015fma Saatleri<\/h4>\n\t<div class=\"wpb_text_column wpb_content_element  vc_custom_1659957382304\" >\n\t\t<div class=\"wpb_wrapper\">\n\t\t\t<p><span class=\"selectable-text copyable-text\">Pazartesi &#8211; Cumartesi : 10:00 &#8211; 20:00<br \/>\n<\/span><span class=\"selectable-text copyable-text\">Pazar: Kapal\u0131<\/span><\/p>\n\n\t\t<\/div>\n\t<\/div>\n<div class=\"vc_btn3-container vc_btn3-inline\" >\r\n\t<a onmouseleave=\"this.style.borderColor=&#039;#02769e&#039;; this.style.backgroundColor=&#039;transparent&#039;; this.style.color=&#039;#02769e&#039;\" onmouseenter=\"this.style.borderColor=\\&#039;#02769e\\&#039;; this.style.backgroundColor=\\&#039;#02769e\\&#039;; this.style.color=\\&#039;#ffffff\\&#039;;\" class=\"vc_general vc_btn3 vc_btn3-size-md vc_btn3-shape-round vc_btn3-style-outline-custom wpb_custom_6687b26f39488ddbb85ddb3c1ce8e111 vc_btn3-icon-right btn\" style=\"border-color:#02769e; color:#02769e;\" href=\"https:\/\/www.google.com\/maps\/place\/%C4%B0nci+Di%C5%9F+Pendik\/@40.876342,29.2257256,17z\/data=!3m1!4b1!4m5!3m4!1s0x14cac37723990779:0xde9a90b1e0d5b5b3!8m2!3d40.8763421!4d29.2302103?shorturl=1\" title=\"\" target=\"_blank\">Google Harita <i class=\"vc_btn3-icon fas fa-arrow-right\"><\/i><\/a>\t<\/div>\r\n<div class=\"vc_btn3-container vc_btn3-inline\" >\r\n\t<a onmouseleave=\"this.style.borderColor=&#039;#02769e&#039;; this.style.backgroundColor=&#039;transparent&#039;; this.style.color=&#039;#02769e&#039;\" onmouseenter=\"this.style.borderColor=\\&#039;#02769e\\&#039;; this.style.backgroundColor=\\&#039;#02769e\\&#039;; this.style.color=\\&#039;#ffffff\\&#039;;\" class=\"vc_general vc_btn3 vc_btn3-size-md vc_btn3-shape-round vc_btn3-style-outline-custom wpb_custom_6687b26f39488ddbb85ddb3c1ce8e111 vc_btn3-icon-right btn\" style=\"border-color:#02769e; color:#02769e;\" href=\"https:\/\/yandex.com\/maps\/org\/inci_di_pendik_a_z_ve_di_sa_l_k_poliklini_i\/229219064432\/?ll=29.229966%2C40.876609&amp;z=17\" title=\"\" target=\"_blank\">Yandex Harita <i class=\"vc_btn3-icon fas fa-arrow-right\"><\/i><\/a>\t<\/div>\r\n<\/div><\/div><\/div><\/div><\/div><div class=\"vc_tta-panel\" id=\"1676719257686-c56a54d4-153f\" data-vc-content=\".vc_tta-panel-body\"><div class=\"vc_tta-panel-heading\"><h4 class=\"vc_tta-panel-title\"><a href=\"#1676719257686-c56a54d4-153f\" data-vc-accordion data-vc-container=\".vc_tta-container\"><span class=\"vc_tta-title-text\">Gokturk<\/span><\/a><\/h4><\/div><div class=\"vc_tta-panel-body\"><div class=\"vc_row wpb_row vc_inner row\"><div class=\"vc_column_container col-md-6 vc_custom_1653648285385\"><div class=\"wpb_wrapper vc_column-inner\">\n\t<div class=\"wpb_raw_code wpb_content_element wpb_raw_html\" >\n\t\t<div class=\"wpb_wrapper\">\n\t\t\t<iframe src=\"https:\/\/www.google.com\/maps\/embed?pb=!1m14!1m8!1m3!1d6005.64750594855!2d28.8818232!3d41.1820112!3m2!1i1024!2i768!4f13.1!3m3!1m2!1s0x14cab3039ab0a297%3A0x650dd83c2a1a35d7!2zxLBuY2kgRGnFnyBHw7ZrdMO8cms!5e0!3m2!1str!2str!4v1675521037856!5m2!1str!2str\" width=\"600\" height=\"350\" style=\"border:0;\" allowfullscreen=\"\" loading=\"lazy\" referrerpolicy=\"no-referrer-when-downgrade\"><\/iframe>\n\n\t\t<\/div>\n\t<\/div>\n<\/div><\/div><div class=\"vc_column_container col-md-6 vc_custom_1656676003910\"><div class=\"wpb_wrapper vc_column-inner\"><h4 style=\"color: #00b2e3\" class=\"vc_custom_heading align-left\" >Adres<\/h4>\n\t<div class=\"wpb_text_column wpb_content_element  vc_custom_1755764325449\" >\n\t\t<div class=\"wpb_wrapper\">\n\t\t\t<p><a href=\"https:\/\/g.page\/incidisgokturk?share\"><span style=\"color: black;\">G\u00f6kt\u00fcrk Merkez, G\u00f6kt\u00fcrk Merkez Mah Kemer Corner Sitesi, Tan Sk. No:18-19 D:1 A, 34077 Ey\u00fcpsultan\/\u0130stanbul<\/span><\/a><\/p>\n\n\t\t<\/div>\n\t<\/div>\n<h4 style=\"color: #00b2e3\" class=\"vc_custom_heading vc_custom_1653645808993 align-left\" >\u00c7al\u0131\u015fma Saatleri<\/h4>\n\t<div class=\"wpb_text_column wpb_content_element  vc_custom_1691752131540\" >\n\t\t<div class=\"wpb_wrapper\">\n\t\t\t<p><span class=\"selectable-text copyable-text\">Pazartesi &#8211; Cumartesi : 10:00 \u2013 19:00<br \/>\n<\/span><span class=\"selectable-text copyable-text\">Pazar: Kapal\u0131<\/span><\/p>\n\n\t\t<\/div>\n\t<\/div>\n<div class=\"vc_btn3-container vc_btn3-inline\" >\r\n\t<a onmouseleave=\"this.style.borderColor=&#039;#02769e&#039;; this.style.backgroundColor=&#039;transparent&#039;; this.style.color=&#039;#02769e&#039;\" onmouseenter=\"this.style.borderColor=\\&#039;#02769e\\&#039;; this.style.backgroundColor=\\&#039;#02769e\\&#039;; this.style.color=\\&#039;#ffffff\\&#039;;\" class=\"vc_general vc_btn3 vc_btn3-size-md vc_btn3-shape-round vc_btn3-style-outline-custom wpb_custom_6687b26f39488ddbb85ddb3c1ce8e111 vc_btn3-icon-right btn\" style=\"border-color:#02769e; color:#02769e;\" href=\"https:\/\/goo.gl\/maps\/x6kfgv7UjLQ3jCoZ6\" title=\"\" target=\"_blank\">Google Harita <i class=\"vc_btn3-icon fas fa-arrow-right\"><\/i><\/a>\t<\/div>\r\n<div class=\"vc_btn3-container vc_btn3-inline\" >\r\n\t<a onmouseleave=\"this.style.borderColor=&#039;#02769e&#039;; this.style.backgroundColor=&#039;transparent&#039;; this.style.color=&#039;#02769e&#039;\" onmouseenter=\"this.style.borderColor=\\&#039;#02769e\\&#039;; this.style.backgroundColor=\\&#039;#02769e\\&#039;; this.style.color=\\&#039;#ffffff\\&#039;;\" class=\"vc_general vc_btn3 vc_btn3-size-md vc_btn3-shape-round vc_btn3-style-outline-custom wpb_custom_6687b26f39488ddbb85ddb3c1ce8e111 vc_btn3-icon-right btn\" style=\"border-color:#02769e; color:#02769e;\" href=\"https:\/\/yandex.com\/maps\/org\/inci_di_g_kt_rk_a_z_ve_di_sa_l_k_merkezi\/159334274692\/?ll=28.882776%2C41.179366&amp;z=17\" title=\"\" target=\"_blank\">Yandex Harita <i class=\"vc_btn3-icon fas fa-arrow-right\"><\/i><\/a>\t<\/div>\r\n<\/div><\/div><\/div><\/div><\/div><div class=\"vc_tta-panel\" id=\"1771581707908-d8cd503f-2eaa\" data-vc-content=\".vc_tta-panel-body\"><div class=\"vc_tta-panel-heading\"><h4 class=\"vc_tta-panel-title\"><a href=\"#1771581707908-d8cd503f-2eaa\" data-vc-accordion data-vc-container=\".vc_tta-container\"><span class=\"vc_tta-title-text\">Zeytinburnu<\/span><\/a><\/h4><\/div><div class=\"vc_tta-panel-body\"><div class=\"vc_row wpb_row vc_inner row\"><div class=\"vc_column_container col-md-6 vc_custom_1653648285385\"><div class=\"wpb_wrapper vc_column-inner\">\n\t<div class=\"wpb_raw_code wpb_content_element wpb_raw_html\" >\n\t\t<div class=\"wpb_wrapper\">\n\t\t\t<iframe src=\"https:\/\/www.google.com\/maps\/embed?pb=!1m18!1m12!1m3!1d3010.9540464055503!2d28.907642299999996!3d41.004379!2m3!1f0!2f0!3f0!3m2!1i1024!2i768!4f13.1!3m3!1m2!1s0x14caaff002797d57%3A0x3c4541850fa6f659!2sDt.%20Eshat%20Araz%2FDt.%20Mazhar%20Demir%20Muayenehane%20(%C4%B0nci%20Di%C5%9F)!5e0!3m2!1str!2str!4v1771581783259!5m2!1str!2str\" width=\"600\" height=\"350\" style=\"border:0;\" allowfullscreen=\"\" loading=\"lazy\" referrerpolicy=\"no-referrer-when-downgrade\"><\/iframe>\n\t\t<\/div>\n\t<\/div>\n<\/div><\/div><div class=\"vc_column_container col-md-6 vc_custom_1656676003910\"><div class=\"wpb_wrapper vc_column-inner\"><h4 style=\"color: #00b2e3\" class=\"vc_custom_heading align-left\" >Adres<\/h4>\n\t<div class=\"wpb_text_column wpb_content_element  vc_custom_1771582042445\" >\n\t\t<div class=\"wpb_wrapper\">\n\t\t\t<p><a href=\"https:\/\/g.page\/incidiszeytinburnu?share\"><span style=\"color: black;\">Seyitnizam Mah. Seyitnizam Cad. Akevler Sit. A2 Blok No:4 Zeytinburnu, \u0130stanbul<\/span><\/a><\/p>\n\n\t\t<\/div>\n\t<\/div>\n<h4 style=\"color: #00b2e3\" class=\"vc_custom_heading vc_custom_1653645808993 align-left\" >\u00c7al\u0131\u015fma Saatleri<\/h4>\n\t<div class=\"wpb_text_column wpb_content_element  vc_custom_1691752131540\" >\n\t\t<div class=\"wpb_wrapper\">\n\t\t\t<p><span class=\"selectable-text copyable-text\">Pazartesi &#8211; Cumartesi : 10:00 \u2013 19:00<br \/>\n<\/span><span class=\"selectable-text copyable-text\">Pazar: Kapal\u0131<\/span><\/p>\n\n\t\t<\/div>\n\t<\/div>\n<div class=\"vc_btn3-container vc_btn3-inline\" >\r\n\t<a onmouseleave=\"this.style.borderColor=&#039;#02769e&#039;; this.style.backgroundColor=&#039;transparent&#039;; this.style.color=&#039;#02769e&#039;\" onmouseenter=\"this.style.borderColor=\\&#039;#02769e\\&#039;; this.style.backgroundColor=\\&#039;#02769e\\&#039;; this.style.color=\\&#039;#ffffff\\&#039;;\" class=\"vc_general vc_btn3 vc_btn3-size-md vc_btn3-shape-round vc_btn3-style-outline-custom wpb_custom_6687b26f39488ddbb85ddb3c1ce8e111 vc_btn3-icon-right btn\" style=\"border-color:#02769e; color:#02769e;\" href=\"https:\/\/g.page\/incidiszeytinburnu?share\" title=\"\" target=\"_blank\">Google Harita <i class=\"vc_btn3-icon fas fa-arrow-right\"><\/i><\/a>\t<\/div>\r\n<div class=\"vc_btn3-container vc_btn3-inline\" >\r\n\t<a onmouseleave=\"this.style.borderColor=&#039;#02769e&#039;; this.style.backgroundColor=&#039;transparent&#039;; this.style.color=&#039;#02769e&#039;\" onmouseenter=\"this.style.borderColor=\\&#039;#02769e\\&#039;; this.style.backgroundColor=\\&#039;#02769e\\&#039;; this.style.color=\\&#039;#ffffff\\&#039;;\" class=\"vc_general vc_btn3 vc_btn3-size-md vc_btn3-shape-round vc_btn3-style-outline-custom wpb_custom_6687b26f39488ddbb85ddb3c1ce8e111 vc_btn3-icon-right btn\" style=\"border-color:#02769e; color:#02769e;\" href=\"https:\/\/yandex.com.tr\/maps\/-\/CPavrXo3\" title=\"\" target=\"_blank\">Yandex Harita <i class=\"vc_btn3-icon fas fa-arrow-right\"><\/i><\/a>\t<\/div>\r\n<\/div><\/div><\/div><\/div><\/div><\/div><\/div><\/div><\/div><\/div><\/div><\/div>\n<\/section>","protected":false},"excerpt":{"rendered":"Bizimle \u0130leti\u015fime Ge\u00e7in Telefon 444 6 240 Bah\u00e7e\u015fehirBa\u015fak\u015fehirLeventPendikG\u00f6kt\u00fcrkZeytinburnuBah\u00e7e\u015fehir Adres Koza Mah. Atat\u00fcrk Bul. No:7\/O Esenyurt, \u0130stanbul \u00c7al\u0131\u015fma Saatleri Pazartesi - Cumartesi : 09:00 - 20:00 Pazar: Kapal\u0131 Google Harita Yandex Harita Ba\u015fak\u015fehir Adres Ba\u015fak Mah. Ye\u015fil Vadi Cad. Metrokent Sit. D1 Blok No:3\/2F Ba\u015fak\u015fehir, \u0130stanbul, \u00c7al\u0131\u015fma Saatleri Pazartesi - Cumartesi : 09:00 - 21:00 Pazar: [...]","protected":false},"author":1,"featured_media":0,"parent":0,"menu_order":0,"comment_status":"closed","ping_status":"closed","template":"","meta":{"footnotes":""},"_links":{"self":[{"href":"https:\/\/www.incidis.com.tr\/en\/wp-json\/wp\/v2\/pages\/1554"}],"collection":[{"href":"https:\/\/www.incidis.com.tr\/en\/wp-json\/wp\/v2\/pages"}],"about":[{"href":"https:\/\/www.incidis.com.tr\/en\/wp-json\/wp\/v2\/types\/page"}],"author":[{"embeddable":true,"href":"https:\/\/www.incidis.com.tr\/en\/wp-json\/wp\/v2\/users\/1"}],"replies":[{"embeddable":true,"href":"https:\/\/www.incidis.com.tr\/en\/wp-json\/wp\/v2\/comments?post=1554"}],"version-history":[{"count":59,"href":"https:\/\/www.incidis.com.tr\/en\/wp-json\/wp\/v2\/pages\/1554\/revisions"}],"predecessor-version":[{"id":10633,"href":"https:\/\/www.incidis.com.tr\/en\/wp-json\/wp\/v2\/pages\/1554\/revisions\/10633"}],"wp:attachment":[{"href":"https:\/\/www.incidis.com.tr\/en\/wp-json\/wp\/v2\/media?parent=1554"}],"curies":[{"name":"wp","href":"https:\/\/api.w.org\/{rel}","templated":true}]}}