{"id":1168,"date":"2022-05-21T01:39:14","date_gmt":"2022-05-20T22:39:14","guid":{"rendered":"http:\/\/incidis.com.tr\/?page_id=1168"},"modified":"2024-08-12T11:03:47","modified_gmt":"2024-08-12T08:03:47","slug":"saglik-turizm","status":"publish","type":"page","link":"https:\/\/www.incidis.com.tr\/en\/saglik-turizm\/","title":{"rendered":"Health Tourism"},"content":{"rendered":"<section class=\"wpb-content-wrapper\"><div data-vc-full-width=\"true\" data-vc-full-width-init=\"false\" data-vc-stretch-content=\"true\" class=\"vc_row wpb_row row top-row vc_custom_1656876672105 vc_row-has-fill\"><div class=\"vc_column_container col-md-12 vc_custom_1653103445986\"><div class=\"wpb_wrapper vc_column-inner\">\n\t<div class=\"wpb_text_column wpb_content_element  wpb_animate_when_almost_visible wpb_fadeInDown fadeInDown vc_custom_1655991235222\" >\n\t\t<div class=\"wpb_wrapper\">\n\t\t\t<h1 style=\"text-align: center;\"><span style=\"color: #a18544;\">Sa\u011fl\u0131k Turizmi<\/span><\/h1>\n\n\t\t<\/div>\n\t<\/div>\n<\/div><\/div><\/div><div class=\"vc_row-full-width vc_clearfix\"><\/div><div data-vc-full-width=\"true\" data-vc-full-width-init=\"false\" data-vc-stretch-content=\"true\" class=\"vc_row wpb_row row top-row vc_hidden-xs vc_custom_1656878248305 vc_row-has-fill\"><div class=\"vc_column_container col-md-6\"><div class=\"wpb_wrapper vc_column-inner\">\r\n\t<div class=\"wpb_single_image wpb_content_element vc_align_center  vc_custom_1658387275224\" data-appear-animation=\"fadeInLeft\">\r\n\t\t<div class=\"wpb_wrapper\">\r\n\t\t\t\r\n\t\t\t<div class=\"vc_single_image-wrapper   vc_box_border_grey\"><img decoding=\"async\" class=\"vc_single_image-img \" src=\"https:\/\/www.incidis.com.tr\/wp-content\/uploads\/2022\/06\/pasaport-500x281.png\" width=\"500\" height=\"281\" alt=\"pasaport\" title=\"pasaport\" \/><\/div>\r\n\t\t<\/div>\r\n\t<\/div>\r\n<\/div><\/div><div class=\"vc_column_container col-md-6\"><div class=\"wpb_wrapper vc_column-inner\">\n\t<div class=\"wpb_text_column wpb_content_element  wpb_animate_when_almost_visible wpb_fadeInRight fadeInRight vc_custom_1658387306416\" >\n\t\t<div class=\"wpb_wrapper\">\n\t\t\t<h1 style=\"text-align: center;\"><span style=\"color: #a18544;\">U\u00c7U\u015e<\/span><\/h1>\n\n\t\t<\/div>\n\t<\/div>\n\n\t<div class=\"wpb_text_column wpb_content_element  wpb_animate_when_almost_visible wpb_fadeInRight fadeInRight vc_custom_1655990572826\" >\n\t\t<div class=\"wpb_wrapper\">\n\t\t\t<p><span style=\"font-size: 17px; color: #ffffff;\">T\u00fcrkiye\u2019nin turizm ba\u015fkenti olan \u0130stanbul, co\u011frafi konumu ve ula\u015f\u0131m kolayl\u0131klar\u0131 ile bir\u00e7ok \u00fclkeden kolay ve h\u0131zl\u0131 ula\u015f\u0131labilir durumdad\u0131r. Bu nedenle \u0130stanbul\u2019a d\u00fcnyan\u0131n bir\u00e7ok yerinden her g\u00fcn direkt olarak u\u00e7u\u015flar d\u00fczenlenmektedir. Biz de hastalar\u0131m\u0131za seyahat planlamalar\u0131 ile ilgili alternatif u\u00e7u\u015f se\u00e7enekleri sunuyor ve tercihleri do\u011frultusunda en uygun organizasyonu sa\u011fl\u0131yoruz.<\/span><\/p>\n\n\t\t<\/div>\n\t<\/div>\n<\/div><\/div><\/div><div class=\"vc_row-full-width vc_clearfix\"><\/div><div data-vc-full-width=\"true\" data-vc-full-width-init=\"false\" data-vc-stretch-content=\"true\" class=\"vc_row wpb_row row top-row vc_hidden-xs vc_custom_1656877154463 vc_row-has-fill\"><div class=\"vc_column_container col-md-6\"><div class=\"wpb_wrapper vc_column-inner\">\n\t<div class=\"wpb_text_column wpb_content_element  wpb_animate_when_almost_visible wpb_fadeInRight fadeInRight vc_custom_1655990817551\" >\n\t\t<div class=\"wpb_wrapper\">\n\t\t\t<h1 style=\"text-align: center;\"><span style=\"color: #a18544;\">TRANSFER<\/span><\/h1>\n\n\t\t<\/div>\n\t<\/div>\n\n\t<div class=\"wpb_text_column wpb_content_element  wpb_animate_when_almost_visible wpb_fadeInRight fadeInRight vc_custom_1723449756207\" >\n\t\t<div class=\"wpb_wrapper\">\n\t\t\t<p><span style=\"font-size: 17px; color: #ffffff;\">Havaliman\u0131nda u\u00e7aktan indikleri andan itibaren hastalar\u0131m\u0131z\u0131 kendilerine \u00f6zel dan\u0131\u015fmanlar\u0131 kar\u015f\u0131l\u0131yor, gereken t\u00fcm otel-poliklinik-havaalan\u0131 transferini VIP ara\u00e7lar\u0131m\u0131z ile dan\u0131\u015fmanlar\u0131 e\u015fli\u011finde konforlu \u015fekilde sa\u011fl\u0131yoruz.<\/span><\/p>\n\n\t\t<\/div>\n\t<\/div>\n<\/div><\/div><div class=\"vc_column_container col-md-6\"><div class=\"wpb_wrapper vc_column-inner\">\r\n\t<div class=\"wpb_single_image wpb_content_element vc_align_center\" data-appear-animation=\"fadeInRight\">\r\n\t\t<div class=\"wpb_wrapper\">\r\n\t\t\t\r\n\t\t\t<div class=\"vc_single_image-wrapper   vc_box_border_grey\"><img decoding=\"async\" class=\"vc_single_image-img \" src=\"https:\/\/www.incidis.com.tr\/wp-content\/uploads\/2022\/06\/araba-kopyasi-copyi-400x255.png\" width=\"400\" height=\"255\" alt=\"araba kopyas\u0131 copy\u0131\" title=\"araba kopyas\u0131 copy\u0131\" \/><\/div>\r\n\t\t<\/div>\r\n\t<\/div>\r\n<\/div><\/div><\/div><div class=\"vc_row-full-width vc_clearfix\"><\/div><div data-vc-full-width=\"true\" data-vc-full-width-init=\"false\" data-vc-stretch-content=\"true\" class=\"vc_row wpb_row row top-row vc_hidden-lg vc_custom_1656877720559 vc_row-has-fill vc_row-o-full-height vc_row-o-columns-middle vc_row-flex\"><div class=\"vc_column_container col-md-12\"><div class=\"wpb_wrapper vc_column-inner\"><div class=\"vc_row wpb_row vc_inner row\"><div class=\"vc_column_container col-md-12\"><div class=\"wpb_wrapper vc_column-inner\">\r\n\t<div class=\"wpb_single_image wpb_content_element vc_align_center\" data-appear-animation=\"fadeInRight\" data-appear-animation-delay=\"15\">\r\n\t\t<div class=\"wpb_wrapper\">\r\n\t\t\t\r\n\t\t\t<div class=\"vc_single_image-wrapper   vc_box_border_grey\"><img decoding=\"async\" width=\"1024\" height=\"576\" src=\"https:\/\/www.incidis.com.tr\/wp-content\/uploads\/2022\/06\/pasaport.png\" class=\"vc_single_image-img attachment-large\" alt=\"\" title=\"pasaport\" srcset=\"https:\/\/www.incidis.com.tr\/wp-content\/uploads\/2022\/06\/pasaport.png 1024w, https:\/\/www.incidis.com.tr\/wp-content\/uploads\/2022\/06\/pasaport-768x432.png 768w, https:\/\/www.incidis.com.tr\/wp-content\/uploads\/2022\/06\/pasaport-640x360.png 640w, https:\/\/www.incidis.com.tr\/wp-content\/uploads\/2022\/06\/pasaport-400x225.png 400w\" sizes=\"(max-width: 1024px) 100vw, 1024px\" \/><\/div>\r\n\t\t<\/div>\r\n\t<\/div>\r\n<\/div><\/div><\/div>\n\t<div class=\"wpb_text_column wpb_content_element  wpb_animate_when_almost_visible wpb_fadeInRight fadeInRight vc_custom_1656878552059\" >\n\t\t<div class=\"wpb_wrapper\">\n\t\t\t<h1 style=\"text-align: center;\"><span style=\"color: #a18544;\">U\u00c7U\u015e<\/span><\/h1>\n\n\t\t<\/div>\n\t<\/div>\n\n\t<div class=\"wpb_text_column wpb_content_element  wpb_animate_when_almost_visible wpb_fadeInRight fadeInRight vc_custom_1656878286613\" >\n\t\t<div class=\"wpb_wrapper\">\n\t\t\t<p><span style=\"font-size: 17px; color: #ffffff;\">T\u00fcrkiye\u2019nin turizm ba\u015fkenti olan \u0130stanbul, co\u011frafi konumu ve ula\u015f\u0131m kolayl\u0131klar\u0131 ile bir\u00e7ok \u00fclkeden kolay ve h\u0131zl\u0131 ula\u015f\u0131labilir durumdad\u0131r. Bu nedenle \u0130stanbul\u2019a d\u00fcnyan\u0131n bir\u00e7ok yerinden her g\u00fcn direkt olarak u\u00e7u\u015flar d\u00fczenlenmektedir. Biz de hastalar\u0131m\u0131za seyahat planlamalar\u0131 ile ilgili alternatif u\u00e7u\u015f se\u00e7enekleri sunuyor ve tercihleri do\u011frultusunda en uygun organizasyonu sa\u011fl\u0131yoruz.<\/span><\/p>\n\n\t\t<\/div>\n\t<\/div>\n<\/div><\/div><\/div><div class=\"vc_row-full-width vc_clearfix\"><\/div><div data-vc-full-width=\"true\" data-vc-full-width-init=\"false\" data-vc-stretch-content=\"true\" class=\"vc_row wpb_row row top-row vc_hidden-lg vc_custom_1656877720559 vc_row-has-fill vc_row-o-full-height vc_row-o-columns-middle vc_row-flex\"><div class=\"vc_column_container col-md-12\"><div class=\"wpb_wrapper vc_column-inner\"><div class=\"vc_row wpb_row vc_inner row\"><div class=\"vc_column_container col-md-12\"><div class=\"wpb_wrapper vc_column-inner\">\r\n\t<div class=\"wpb_single_image wpb_content_element vc_align_center\" data-appear-animation=\"fadeInLeft\">\r\n\t\t<div class=\"wpb_wrapper\">\r\n\t\t\t\r\n\t\t\t<div class=\"vc_single_image-wrapper   vc_box_border_grey\"><img decoding=\"async\" width=\"450\" height=\"299\" src=\"https:\/\/www.incidis.com.tr\/wp-content\/uploads\/2022\/07\/arac.png\" class=\"vc_single_image-img attachment-large\" alt=\"arac\" title=\"arac\" srcset=\"https:\/\/www.incidis.com.tr\/wp-content\/uploads\/2022\/07\/arac.png 450w, https:\/\/www.incidis.com.tr\/wp-content\/uploads\/2022\/07\/arac-400x266.png 400w\" sizes=\"(max-width: 450px) 100vw, 450px\" \/><\/div>\r\n\t\t<\/div>\r\n\t<\/div>\r\n<\/div><\/div><\/div>\n\t<div class=\"wpb_text_column wpb_content_element  wpb_animate_when_almost_visible wpb_fadeInRight fadeInRight vc_custom_1656877776408\" >\n\t\t<div class=\"wpb_wrapper\">\n\t\t\t<h1 style=\"text-align: center;\"><span style=\"color: #a18544;\">TRANSFER<\/span><\/h1>\n\n\t\t<\/div>\n\t<\/div>\n\n\t<div class=\"wpb_text_column wpb_content_element  wpb_animate_when_almost_visible wpb_fadeInRight fadeInRight vc_custom_1723449780998\" >\n\t\t<div class=\"wpb_wrapper\">\n\t\t\t<p><span style=\"font-size: 17px; color: #ffffff;\">Havaliman\u0131nda u\u00e7aktan indikleri andan itibaren hastalar\u0131m\u0131z\u0131 kendilerine \u00f6zel dan\u0131\u015fmanlar\u0131 kar\u015f\u0131l\u0131yor, gereken t\u00fcm otel-poliklinik-havaalan\u0131 transferini VIP ara\u00e7lar\u0131m\u0131z ile dan\u0131\u015fmanlar\u0131 e\u015fli\u011finde konforlu \u015fekilde sa\u011fl\u0131yoruz.<\/span><\/p>\n\n\t\t<\/div>\n\t<\/div>\n<\/div><\/div><\/div><div class=\"vc_row-full-width vc_clearfix\"><\/div><div data-vc-full-width=\"true\" data-vc-full-width-init=\"false\" data-vc-stretch-content=\"true\" class=\"vc_row wpb_row row top-row vc_hidden-lg vc_custom_1656878801262 vc_row-has-fill vc_row-o-full-height vc_row-o-columns-middle vc_row-flex\"><div class=\"vc_column_container col-md-12\"><div class=\"wpb_wrapper vc_column-inner\"><div class=\"vc_row wpb_row vc_inner row\"><div class=\"vc_column_container col-md-12\"><div class=\"wpb_wrapper vc_column-inner\">\r\n\t<div class=\"wpb_single_image wpb_content_element vc_align_center\" data-appear-animation=\"fadeInLeft\">\r\n\t\t<div class=\"wpb_wrapper\">\r\n\t\t\t\r\n\t\t\t<div class=\"vc_single_image-wrapper   vc_box_border_grey\"><img decoding=\"async\" width=\"914\" height=\"776\" src=\"https:\/\/www.incidis.com.tr\/wp-content\/uploads\/2022\/06\/otelson.png\" class=\"vc_single_image-img attachment-large\" alt=\"\" title=\"otelson\" srcset=\"https:\/\/www.incidis.com.tr\/wp-content\/uploads\/2022\/06\/otelson.png 914w, https:\/\/www.incidis.com.tr\/wp-content\/uploads\/2022\/06\/otelson-768x652.png 768w, https:\/\/www.incidis.com.tr\/wp-content\/uploads\/2022\/06\/otelson-640x543.png 640w, https:\/\/www.incidis.com.tr\/wp-content\/uploads\/2022\/06\/otelson-400x340.png 400w\" sizes=\"(max-width: 914px) 100vw, 914px\" \/><\/div>\r\n\t\t<\/div>\r\n\t<\/div>\r\n<\/div><\/div><\/div>\n\t<div class=\"wpb_text_column wpb_content_element  wpb_animate_when_almost_visible wpb_fadeInRight fadeInRight vc_custom_1656878537062\" >\n\t\t<div class=\"wpb_wrapper\">\n\t\t\t<h1 style=\"text-align: center;\"><span style=\"color: #a18544;\">KONAKLAMA<\/span><\/h1>\n\n\t\t<\/div>\n\t<\/div>\n\n\t<div class=\"wpb_text_column wpb_content_element  wpb_animate_when_almost_visible wpb_fadeInRight fadeInRight vc_custom_1656878519007\" >\n\t\t<div class=\"wpb_wrapper\">\n\t\t\t<p><span style=\"font-size: 17px; color: #ffffff;\">Hastalar\u0131m\u0131za \u0130stanbul\u2019un merkezinde konaklayabilecekleri, tedavi olacaklar\u0131 kliniklerimize yak\u0131n ve l\u00fcks otel se\u00e7enekleri sunuyor ve tercihleri do\u011frultusunda en uygun otelde rezervasyon i\u015flemlerini tamaml\u0131yoruz.<\/span><\/p>\n\n\t\t<\/div>\n\t<\/div>\n<\/div><\/div><\/div><div class=\"vc_row-full-width vc_clearfix\"><\/div><div data-vc-full-width=\"true\" data-vc-full-width-init=\"false\" data-vc-stretch-content=\"true\" class=\"vc_row wpb_row row top-row vc_hidden-xs vc_custom_1658388144429 vc_row-has-fill\"><div class=\"vc_column_container col-md-6\"><div class=\"wpb_wrapper vc_column-inner\">\r\n\t<div class=\"wpb_single_image wpb_content_element vc_align_center  vc_custom_1658388421509\" data-appear-animation=\"fadeInLeft\">\r\n\t\t<div class=\"wpb_wrapper\">\r\n\t\t\t\r\n\t\t\t<div class=\"vc_single_image-wrapper   vc_box_border_grey\"><img decoding=\"async\" class=\"vc_single_image-img \" src=\"https:\/\/www.incidis.com.tr\/wp-content\/uploads\/2022\/06\/otelson-500x281.png\" width=\"500\" height=\"281\" alt=\"otelson\" title=\"otelson\" \/><\/div>\r\n\t\t<\/div>\r\n\t<\/div>\r\n<\/div><\/div><div class=\"vc_column_container col-md-6 vc_custom_1658388181230\"><div class=\"wpb_wrapper vc_column-inner\">\n\t<div class=\"wpb_text_column wpb_content_element  wpb_animate_when_almost_visible wpb_fadeInRight fadeInRight vc_custom_1655990926013\" >\n\t\t<div class=\"wpb_wrapper\">\n\t\t\t<h1 style=\"text-align: center;\"><span style=\"color: #a18544;\">KONAKLAMA<\/span><\/h1>\n\n\t\t<\/div>\n\t<\/div>\n\n\t<div class=\"wpb_text_column wpb_content_element  wpb_animate_when_almost_visible wpb_fadeInRight fadeInRight vc_custom_1655990942904\" >\n\t\t<div class=\"wpb_wrapper\">\n\t\t\t<p><span style=\"font-size: 17px; color: #ffffff;\">Hastalar\u0131m\u0131za \u0130stanbul\u2019un merkezinde konaklayabilecekleri, tedavi olacaklar\u0131 kliniklerimize yak\u0131n ve l\u00fcks otel se\u00e7enekleri sunuyor ve tercihleri do\u011frultusunda en uygun otelde rezervasyon i\u015flemlerini tamaml\u0131yoruz.<\/span><\/p>\n\n\t\t<\/div>\n\t<\/div>\n<\/div><\/div><\/div><div class=\"vc_row-full-width vc_clearfix\"><\/div><div data-vc-full-width=\"true\" data-vc-full-width-init=\"false\" data-vc-stretch-content=\"true\" class=\"vc_row wpb_row row top-row vc_custom_1653107288804 vc_row-has-fill\"><div class=\"vc_column_container col-md-12 vc_custom_1653103445986\"><div class=\"wpb_wrapper vc_column-inner\">\n\t<div class=\"wpb_text_column wpb_content_element  vc_custom_1655377372215\" >\n\t\t<div class=\"wpb_wrapper\">\n\t\t\t<h1 style=\"text-align: center;\"><span style=\"color: #a18544;\">Yetki Belgelerimiz<\/span><\/h1>\n\n\t\t<\/div>\n\t<\/div>\n\r\n\t<div class=\"wpb_single_image wpb_content_element vc_align_center\">\r\n\t\t<div class=\"wpb_wrapper\">\r\n\t\t\t\r\n\t\t\t<a class=\"prettyphoto\" data-rel=\"prettyPhoto[rel-1168-583350039]\" href=\"https:\/\/www.incidis.com.tr\/wp-content\/uploads\/2022\/05\/yetki-belgesi-copy.jpg\" target=\"_self\"><div class=\"vc_single_image-wrapper   vc_box_border_grey\"><img decoding=\"async\" width=\"750\" height=\"534\" src=\"https:\/\/www.incidis.com.tr\/wp-content\/uploads\/2022\/05\/yetki-belgesi-copy.jpg\" class=\"vc_single_image-img attachment-large\" alt=\"\" title=\"T\u00fcrkiye Cumhuriyeti\" srcset=\"https:\/\/www.incidis.com.tr\/wp-content\/uploads\/2022\/05\/yetki-belgesi-copy.jpg 750w, https:\/\/www.incidis.com.tr\/wp-content\/uploads\/2022\/05\/yetki-belgesi-copy-640x456.jpg 640w, https:\/\/www.incidis.com.tr\/wp-content\/uploads\/2022\/05\/yetki-belgesi-copy-400x285.jpg 400w\" sizes=\"(max-width: 750px) 100vw, 750px\" \/><\/div><\/a>\r\n\t\t<\/div>\r\n\t<\/div>\r\n<\/div><\/div><\/div><div class=\"vc_row-full-width vc_clearfix\"><\/div>\n<\/section>","protected":false},"excerpt":{"rendered":"Sa\u011fl\u0131k Turizmi U\u00c7U\u015e T\u00fcrkiye\u2019nin turizm ba\u015fkenti olan \u0130stanbul, co\u011frafi konumu ve ula\u015f\u0131m kolayl\u0131klar\u0131 ile bir\u00e7ok \u00fclkeden kolay ve h\u0131zl\u0131 ula\u015f\u0131labilir durumdad\u0131r. Bu nedenle \u0130stanbul\u2019a d\u00fcnyan\u0131n bir\u00e7ok yerinden her g\u00fcn direkt olarak u\u00e7u\u015flar d\u00fczenlenmektedir. Biz de hastalar\u0131m\u0131za seyahat planlamalar\u0131 ile ilgili alternatif u\u00e7u\u015f se\u00e7enekleri sunuyor ve tercihleri do\u011frultusunda en uygun organizasyonu sa\u011fl\u0131yoruz. TRANSFER Havaliman\u0131nda u\u00e7aktan indikleri [...]","protected":false},"author":1,"featured_media":0,"parent":0,"menu_order":0,"comment_status":"closed","ping_status":"closed","template":"","meta":{"footnotes":""},"_links":{"self":[{"href":"https:\/\/www.incidis.com.tr\/en\/wp-json\/wp\/v2\/pages\/1168"}],"collection":[{"href":"https:\/\/www.incidis.com.tr\/en\/wp-json\/wp\/v2\/pages"}],"about":[{"href":"https:\/\/www.incidis.com.tr\/en\/wp-json\/wp\/v2\/types\/page"}],"author":[{"embeddable":true,"href":"https:\/\/www.incidis.com.tr\/en\/wp-json\/wp\/v2\/users\/1"}],"replies":[{"embeddable":true,"href":"https:\/\/www.incidis.com.tr\/en\/wp-json\/wp\/v2\/comments?post=1168"}],"version-history":[{"count":116,"href":"https:\/\/www.incidis.com.tr\/en\/wp-json\/wp\/v2\/pages\/1168\/revisions"}],"predecessor-version":[{"id":8462,"href":"https:\/\/www.incidis.com.tr\/en\/wp-json\/wp\/v2\/pages\/1168\/revisions\/8462"}],"wp:attachment":[{"href":"https:\/\/www.incidis.com.tr\/en\/wp-json\/wp\/v2\/media?parent=1168"}],"curies":[{"name":"wp","href":"https:\/\/api.w.org\/{rel}","templated":true}]}}