{"id":11,"date":"2020-06-09T03:28:24","date_gmt":"2020-06-09T03:28:24","guid":{"rendered":"http:\/\/sw-themes.com\/porto_dummy\/?page_id=11"},"modified":"2023-02-03T22:03:01","modified_gmt":"2023-02-03T19:03:01","slug":"hakkimizda","status":"publish","type":"page","link":"https:\/\/www.incidis.com.tr\/en\/hakkimizda\/","title":{"rendered":"About Us"},"content":{"rendered":"<section class=\"wpb-content-wrapper\"><div class=\"vc_row wpb_row row top-row vc_custom_1651849648376\"><div class=\"vc_column_container col-md-8\"><div class=\"wpb_wrapper vc_column-inner\">\n\t<div class=\"wpb_text_column wpb_content_element\" >\n\t\t<div class=\"wpb_wrapper\">\n\t\t\t<p>Our company entered the healthcare sector in 2013 in Istanbul Ba\u015fak\u015fehir under the &quot;\u0130NC\u0130&quot; brand, through the collaboration of a dynamic, friendly, passionate professional team that prioritizes work, ethics, and morality as indispensable principles, and is specialized in its field.<\/p>\n<p>Inci Oral and Dental Health Services, not content with the knowledge gained over the years, strives to provide the best healthcare services by adhering to international standards and employing personnel who continuously receive academic-level professional training. It constantly improves itself to become an internationally recognized institution that protects, develops, and treats dental health, ensuring a more comfortable and healthier life for its patients.<\/p>\n\n\t\t<\/div>\n\t<\/div>\n<\/div><\/div><div class=\"vc_column_container col-md-4\"><div class=\"wpb_wrapper vc_column-inner\">\r\n\t<div class=\"wpb_single_image wpb_content_element vc_align_left\">\r\n\t\t<div class=\"wpb_wrapper\">\r\n\t\t\t\r\n\t\t\t<div class=\"vc_single_image-wrapper   vc_box_border_grey\"><img decoding=\"async\" class=\"vc_single_image-img\" src=\"https:\/\/www.incidis.com.tr\/wp-content\/uploads\/2022\/05\/Screenshot_11.png\" width=\"126\" height=\"111\" alt=\"Screenshot_11\" title=\"Screenshot_11\" \/><\/div>\r\n\t\t<\/div>\r\n\t<\/div>\r\n<\/div><\/div><\/div>\n<\/section>","protected":false},"excerpt":{"rendered":"Kurulu\u015fumuz; 2013 y\u0131l\u0131nda \u0130stanbul Ba\u015fak\u015fehirde , dinamik, g\u00fcler y\u00fczl\u00fc, mesle\u011fine tutku ile bakan, i\u015f \u00f6nceli\u011fini, etik ve ahlak kurallar\u0131n\u0131 kendine vazge\u00e7ilmez prensip olarak belirleyen, alan\u0131nda uzmanla\u015fm\u0131\u015f profesyonel bir kadronun i\u015f birli\u011fi ile \u201c\u0130NC\u0130\u201d markas\u0131 alt\u0131nda sa\u011fl\u0131k sekt\u00f6r\u00fcne ad\u0131m atm\u0131\u015ft\u0131r. \u200b\u0130nci A\u011f\u0131z ve Di\u015f Sa\u011fl\u0131\u011f\u0131 Hizmetleri y\u0131llar\u0131n getirdi\u011fi bilgi birikimiyle yetinmeyerek en iyi sa\u011fl\u0131k hizmetini sunabilme [...]","protected":false},"author":1,"featured_media":0,"parent":0,"menu_order":0,"comment_status":"closed","ping_status":"closed","template":"","meta":{"footnotes":""},"_links":{"self":[{"href":"https:\/\/www.incidis.com.tr\/en\/wp-json\/wp\/v2\/pages\/11"}],"collection":[{"href":"https:\/\/www.incidis.com.tr\/en\/wp-json\/wp\/v2\/pages"}],"about":[{"href":"https:\/\/www.incidis.com.tr\/en\/wp-json\/wp\/v2\/types\/page"}],"author":[{"embeddable":true,"href":"https:\/\/www.incidis.com.tr\/en\/wp-json\/wp\/v2\/users\/1"}],"replies":[{"embeddable":true,"href":"https:\/\/www.incidis.com.tr\/en\/wp-json\/wp\/v2\/comments?post=11"}],"version-history":[{"count":8,"href":"https:\/\/www.incidis.com.tr\/en\/wp-json\/wp\/v2\/pages\/11\/revisions"}],"predecessor-version":[{"id":549,"href":"https:\/\/www.incidis.com.tr\/en\/wp-json\/wp\/v2\/pages\/11\/revisions\/549"}],"wp:attachment":[{"href":"https:\/\/www.incidis.com.tr\/en\/wp-json\/wp\/v2\/media?parent=11"}],"curies":[{"name":"wp","href":"https:\/\/api.w.org\/{rel}","templated":true}]}}