{"id":10662,"date":"2026-02-24T10:27:48","date_gmt":"2026-02-24T07:27:48","guid":{"rendered":"https:\/\/www.incidis.com.tr\/?page_id=10662"},"modified":"2026-02-24T13:28:44","modified_gmt":"2026-02-24T10:28:44","slug":"fiyat-listesi","status":"publish","type":"page","link":"https:\/\/www.incidis.com.tr\/en\/fiyat-listesi\/","title":{"rendered":"Price List"},"content":{"rendered":"<section class=\"wpb-content-wrapper\"><div class=\"vc_row wpb_row row top-row vc_custom_1706173209769\"><div class=\"vc_column_container col-md-12 text-center\"><div class=\"wpb_wrapper vc_column-inner\">\n\t<div class=\"wpb_text_column wpb_content_element \" >\n\t\t<div class=\"wpb_wrapper\">\n\t\t\t<h1 style=\"text-align: center;\">\u0130nci Di\u015f Fiyat Listesi<\/h1>\n\n\t\t<\/div>\n\t<\/div>\n<div class=\"porto-separator  \"><hr class=\"separator-line  vc_custom_1654684043207 align_center\" style=\"background-image: -webkit-linear-gradient(left, transparent, #00b2e3, transparent); background-image: linear-gradient(to right, transparent, #00b2e3, transparent);height:2px;width:30%;\"><\/div>\n\t<div class=\"wpb_text_column wpb_content_element  vc_custom_1771919009285\" >\n\t\t<div class=\"wpb_wrapper\">\n\t\t\t<p style=\"text-align: center;\"><span style=\"font-weight: 400;\">Fiyatlar bilgilendirme ama\u00e7l\u0131d\u0131r. Tedavi plan\u0131na, klinik de\u011ferlendirmesine ve kullan\u0131lan materyale g\u00f6re de\u011fi\u015fiklik g\u00f6sterebilir.<\/span><\/p>\n\n\t\t<\/div>\n\t<\/div>\n<\/div><\/div><\/div><div class=\"vc_row wpb_row row top-row\"><div class=\"vc_column_container col-md-12\"><div class=\"wpb_wrapper vc_column-inner\">\n\t<div class=\"wpb_raw_code wpb_content_element wpb_raw_html\" >\n\t\t<div class=\"wpb_wrapper\">\n\t\t\t<section class=\"incidis-price\" aria-label=\"Dentinci Fiyat Listesi\">\n  <div class=\"incidis-price__wrap\">\n\n    <!-- 1) Muayene & G\u00f6r\u00fcnt\u00fcleme -->\n    <details class=\"incidis-price__acc\" open>\n      <summary class=\"incidis-price__summary\">\n        <span class=\"incidis-price__title\">1) Muayene &amp; G\u00f6r\u00fcnt\u00fcleme<\/span>\n        <span class=\"incidis-price__chev\" aria-hidden=\"true\"><\/span>\n      <\/summary>\n\n      <div class=\"incidis-price__content\">\n        <div class=\"incidis-price__head\" role=\"row\">\n          <div class=\"incidis-price__col incidis-price__col--name\" role=\"columnheader\"><strong>Hizmet<\/strong><\/div>\n          <div class=\"incidis-price__col incidis-price__col--price\" role=\"columnheader\"><strong>Fiyat (TL)<\/strong><\/div>\n        <\/div>\n\n        <div class=\"incidis-price__row\" role=\"row\">\n          <div class=\"incidis-price__col incidis-price__col--name\">\n            <a class=\"incidis-price__link\" href=\"https:\/\/www.incidis.com.tr\/tedaviler\/tomografi-5\/\" target=\"_blank\">Tomografi<\/a>\n          <\/div>\n          <div class=\"incidis-price__col incidis-price__col--price\"><b>2.600 \u2013 3.250<\/b><\/div>\n        <\/div>\n      <\/div>\n    <\/details>\n\n    <!-- 2) A\u011f\u0131z Bak\u0131m\u0131 & Di\u015f Eti Tedavileri -->\n    <details class=\"incidis-price__acc\">\n      <summary class=\"incidis-price__summary\">\n        <span class=\"incidis-price__title\">2) A\u011f\u0131z Bak\u0131m\u0131 &amp; Di\u015f Eti Tedavileri<\/span>\n        <span class=\"incidis-price__chev\" aria-hidden=\"true\"><\/span>\n      <\/summary>\n\n      <div class=\"incidis-price__content\">\n        <div class=\"incidis-price__head\" role=\"row\">\n          <div class=\"incidis-price__col incidis-price__col--name\" role=\"columnheader\"><strong>Hizmet<\/strong><\/div>\n          <div class=\"incidis-price__col incidis-price__col--price\" role=\"columnheader\"><strong>Fiyat (TL)<\/strong><\/div>\n        <\/div>\n\n        <div class=\"incidis-price__row\" role=\"row\">\n          <div class=\"incidis-price__col incidis-price__col--name\">Di\u015f Ta\u015f\u0131 Temizli\u011fi<\/div>\n          <div class=\"incidis-price__col incidis-price__col--price\"><b>2.600 \u2013 5.850<\/b><\/div>\n        <\/div>\n\n        <div class=\"incidis-price__row\" role=\"row\">\n          <div class=\"incidis-price__col incidis-price__col--name\">\n            <a class=\"incidis-price__link\" href=\"https:\/\/incidis.com.tr\/tedaviler\/kuretaj\/\" target=\"_blank\">K\u00fcretaj (Derin Di\u015f Eti Temizli\u011fi)<\/a>\n          <\/div>\n          <div class=\"incidis-price__col incidis-price__col--price\"><b>13.000 \u2013 16.250<\/b><\/div>\n        <\/div>\n      <\/div>\n    <\/details>\n\n    <!-- 3) Estetik Di\u015f Hekimli\u011fi Uygulamalar\u0131 -->\n    <details class=\"incidis-price__acc\">\n      <summary class=\"incidis-price__summary\">\n        <span class=\"incidis-price__title\">3) Estetik Di\u015f Hekimli\u011fi Uygulamalar\u0131<\/span>\n        <span class=\"incidis-price__chev\" aria-hidden=\"true\"><\/span>\n      <\/summary>\n\n      <div class=\"incidis-price__content\">\n        <div class=\"incidis-price__head\" role=\"row\">\n          <div class=\"incidis-price__col incidis-price__col--name\" role=\"columnheader\"><strong>Hizmet<\/strong><\/div>\n          <div class=\"incidis-price__col incidis-price__col--price\" role=\"columnheader\"><strong>Fiyat (TL)<\/strong><\/div>\n        <\/div>\n\n        <div class=\"incidis-price__row\" role=\"row\">\n          <div class=\"incidis-price__col incidis-price__col--name\">\n            <a class=\"incidis-price__link\" href=\"https:\/\/www.incidis.com.tr\/tedaviler\/lamine-4\/\" target=\"_blank\">Lamine Kaplama (Tek Di\u015f)<\/a>\n          <\/div>\n          <div class=\"incidis-price__col incidis-price__col--price\"><b>13.000 \u2013 19.500<\/b><\/div>\n        <\/div>\n\n        <div class=\"incidis-price__row\" role=\"row\">\n          <div class=\"incidis-price__col incidis-price__col--name\">Kompozit Lamine (Tek Di\u015f)<\/div>\n          <div class=\"incidis-price__col incidis-price__col--price\"><b>5.800 \u2013 9.750<\/b><\/div>\n        <\/div>\n\n        <div class=\"incidis-price__row\" role=\"row\">\n          <div class=\"incidis-price__col incidis-price__col--name\">E-max Seramik Kaplama (Tek Di\u015f)<\/div>\n          <div class=\"incidis-price__col incidis-price__col--price\"><b>13.000 \u2013 19.500<\/b><\/div>\n        <\/div>\n\n        <div class=\"incidis-price__row\" role=\"row\">\n          <div class=\"incidis-price__col incidis-price__col--name\">Metal Destekli Porselen (Tek Di\u015f)<\/div>\n          <div class=\"incidis-price__col incidis-price__col--price\"><b>5.600 \u2013 9.100<\/b><\/div>\n        <\/div>\n\n        <div class=\"incidis-price__row\" role=\"row\">\n          <div class=\"incidis-price__col incidis-price__col--name\">\n            <a class=\"incidis-price__link\" href=\"https:\/\/incidis.com.tr\/tedaviler\/zirkonyum-dis-tedavisi\/\" target=\"_blank\">Zirkonyum Porselen (Tek Di\u015f)<\/a>\n          <\/div>\n          <div class=\"incidis-price__col incidis-price__col--price\"><b>7.150 \u2013 18.500<\/b><\/div>\n        <\/div>\n      <\/div>\n    <\/details>\n\n    <!-- 4) Dolgu & Kanal Tedavileri -->\n    <details class=\"incidis-price__acc\">\n      <summary class=\"incidis-price__summary\">\n        <span class=\"incidis-price__title\">4) Dolgu &amp; Kanal Tedavileri<\/span>\n        <span class=\"incidis-price__chev\" aria-hidden=\"true\"><\/span>\n      <\/summary>\n\n      <div class=\"incidis-price__content\">\n        <div class=\"incidis-price__head\" role=\"row\">\n          <div class=\"incidis-price__col incidis-price__col--name\" role=\"columnheader\"><strong>Hizmet<\/strong><\/div>\n          <div class=\"incidis-price__col incidis-price__col--price\" role=\"columnheader\"><strong>Fiyat (TL)<\/strong><\/div>\n        <\/div>\n\n        <div class=\"incidis-price__row\" role=\"row\">\n          <div class=\"incidis-price__col incidis-price__col--name\">Dolgu (Kompozit)<\/div>\n          <div class=\"incidis-price__col incidis-price__col--price\"><b>3.250 \u2013 5.460<\/b><\/div>\n        <\/div>\n\n        <div class=\"incidis-price__row\" role=\"row\">\n          <div class=\"incidis-price__col incidis-price__col--name\">Kanal Tedavisi<\/div>\n          <div class=\"incidis-price__col incidis-price__col--price\"><b>6.500 \u2013 11.700<\/b><\/div>\n        <\/div>\n\n        <div class=\"incidis-price__row\" role=\"row\">\n          <div class=\"incidis-price__col incidis-price__col--name\">Lezyonlu Kanal Tedavileri<\/div>\n          <div class=\"incidis-price__col incidis-price__col--price\"><b>10.000 \u2013 14.000<\/b><\/div>\n        <\/div>\n      <\/div>\n    <\/details>\n\n    <!-- 5) Di\u015f \u00c7ekimi -->\n    <details class=\"incidis-price__acc\">\n      <summary class=\"incidis-price__summary\">\n        <span class=\"incidis-price__title\">5) Di\u015f \u00c7ekimi<\/span>\n        <span class=\"incidis-price__chev\" aria-hidden=\"true\"><\/span>\n      <\/summary>\n\n      <div class=\"incidis-price__content\">\n        <div class=\"incidis-price__head\" role=\"row\">\n          <div class=\"incidis-price__col incidis-price__col--name\" role=\"columnheader\"><strong>Hizmet<\/strong><\/div>\n          <div class=\"incidis-price__col incidis-price__col--price\" role=\"columnheader\"><strong>Fiyat (TL)<\/strong><\/div>\n        <\/div>\n\n        <div class=\"incidis-price__row\" role=\"row\">\n          <div class=\"incidis-price__col incidis-price__col--name\">Di\u015f \u00c7ekimi (Basit \/ Cerrahi)<\/div>\n          <div class=\"incidis-price__col incidis-price__col--price\"><b>1.700 \u2013 11.050<\/b><\/div>\n        <\/div>\n      <\/div>\n    <\/details>\n\n    <!-- 6) \u0130mplant Tedavileri -->\n    <details class=\"incidis-price__acc\">\n      <summary class=\"incidis-price__summary\">\n        <span class=\"incidis-price__title\">6) \u0130mplant Tedavileri<\/span>\n        <span class=\"incidis-price__chev\" aria-hidden=\"true\"><\/span>\n      <\/summary>\n\n      <div class=\"incidis-price__content\">\n        <div class=\"incidis-price__head\" role=\"row\">\n          <div class=\"incidis-price__col incidis-price__col--name\" role=\"columnheader\"><strong>Hizmet<\/strong><\/div>\n          <div class=\"incidis-price__col incidis-price__col--price\" role=\"columnheader\"><strong>Fiyat (TL)<\/strong><\/div>\n        <\/div>\n\n        <div class=\"incidis-price__row\" role=\"row\">\n          <div class=\"incidis-price__col incidis-price__col--name\">\u0130mplant 1 \u2013 Ekonomik (Protez hari\u00e7)<\/div>\n          <div class=\"incidis-price__col incidis-price__col--price\"><b>9.100 \u2013 10.000<\/b><\/div>\n        <\/div>\n\n        <div class=\"incidis-price__row\" role=\"row\">\n          <div class=\"incidis-price__col incidis-price__col--name\">\u0130mplant 2 \u2013 Standart (Protez hari\u00e7)<\/div>\n          <div class=\"incidis-price__col incidis-price__col--price\"><b>15.000 \u2013 19.500<\/b><\/div>\n        <\/div>\n\n        <div class=\"incidis-price__row\" role=\"row\">\n          <div class=\"incidis-price__col incidis-price__col--name\">\u0130mplant 3 \u2013 Premium (Protez hari\u00e7)<\/div>\n          <div class=\"incidis-price__col incidis-price__col--price\"><b>20.800 \u2013 26.000<\/b><\/div>\n        <\/div>\n\n        <div class=\"incidis-price__row\" role=\"row\">\n          <div class=\"incidis-price__col incidis-price__col--name\">\u0130mplant 4 \u2013 Straumann (Protez hari\u00e7)<\/div>\n          <div class=\"incidis-price__col incidis-price__col--price\"><b>40.000 \u2013 58.500<\/b><\/div>\n        <\/div>\n      <\/div>\n    <\/details>\n\n    <!-- 7) Protez Tedavileri -->\n    <details class=\"incidis-price__acc\">\n      <summary class=\"incidis-price__summary\">\n        <span class=\"incidis-price__title\">7) Protez Tedavileri<\/span>\n        <span class=\"incidis-price__chev\" aria-hidden=\"true\"><\/span>\n      <\/summary>\n\n      <div class=\"incidis-price__content\">\n        <div class=\"incidis-price__head\" role=\"row\">\n          <div class=\"incidis-price__col incidis-price__col--name\" role=\"columnheader\"><strong>Hizmet<\/strong><\/div>\n          <div class=\"incidis-price__col incidis-price__col--price\" role=\"columnheader\"><strong>Fiyat (TL)<\/strong><\/div>\n        <\/div>\n\n        <div class=\"incidis-price__row\" role=\"row\">\n          <div class=\"incidis-price__col incidis-price__col--name\">\n            <a class=\"incidis-price__link\" href=\"https:\/\/incidis.com.tr\/tedaviler\/protez-2\/\" target=\"_blank\">Total Protez (Tam Damak \u2013 Tek \u00c7ene)<\/a>\n          <\/div>\n          <div class=\"incidis-price__col incidis-price__col--price\"><b>26.000 \u2013 32.500<\/b><\/div>\n        <\/div>\n      <\/div>\n    <\/details>\n\n    <!-- 8) Ortodonti Tedavileri -->\n    <details class=\"incidis-price__acc\">\n      <summary class=\"incidis-price__summary\">\n        <span class=\"incidis-price__title\">8) Ortodonti Tedavileri<\/span>\n        <span class=\"incidis-price__chev\" aria-hidden=\"true\"><\/span>\n      <\/summary>\n\n      <div class=\"incidis-price__content\">\n        <div class=\"incidis-price__head\" role=\"row\">\n          <div class=\"incidis-price__col incidis-price__col--name\" role=\"columnheader\"><strong>Hizmet<\/strong><\/div>\n          <div class=\"incidis-price__col incidis-price__col--price\" role=\"columnheader\"><strong>Fiyat (TL)<\/strong><\/div>\n        <\/div>\n\n        <div class=\"incidis-price__row\" role=\"row\">\n          <div class=\"incidis-price__col incidis-price__col--name\">\n            <a class=\"incidis-price__link\" href=\"https:\/\/www.incidis.com.tr\/tedaviler\/ortodonti-2\/\" target=\"_blank\">Ortodontik Tel Tedavisi (Metal)<\/a>\n          <\/div>\n          <div class=\"incidis-price__col incidis-price__col--price\"><b>120.000 \u2013 140.000<\/b><\/div>\n        <\/div>\n\n        <div class=\"incidis-price__row\" role=\"row\">\n          <div class=\"incidis-price__col incidis-price__col--name\">\n            <a class=\"incidis-price__link\" href=\"https:\/\/www.incidis.com.tr\/tedaviler\/ortodonti-2\/\" target=\"_blank\">Ortodontik Tel Tedavisi (Seramik)<\/a>\n          <\/div>\n          <div class=\"incidis-price__col incidis-price__col--price\"><b>140.000 \u2013 200.000<\/b><\/div>\n        <\/div>\n\n        <div class=\"incidis-price__row\" role=\"row\">\n          <div class=\"incidis-price__col incidis-price__col--name\">\n            <a class=\"incidis-price__link\" href=\"https:\/\/incidis.com.tr\/tedaviler\/seffaf-plak-invisalign\/\" target=\"_blank\">\u015eeffaf Plak (Invisalign)<\/a>\n          <\/div>\n          <div class=\"incidis-price__col incidis-price__col--price\"><b>140.000 \u2013 180.000<\/b><\/div>\n        <\/div>\n      <\/div>\n    <\/details>\n\n    <!-- 9) \u00c7ene & Fonksiyonel Tedaviler -->\n    <details class=\"incidis-price__acc\">\n      <summary class=\"incidis-price__summary\">\n        <span class=\"incidis-price__title\">9) \u00c7ene &amp; Fonksiyonel Tedaviler<\/span>\n        <span class=\"incidis-price__chev\" aria-hidden=\"true\"><\/span>\n      <\/summary>\n\n      <div class=\"incidis-price__content\">\n        <div class=\"incidis-price__head\" role=\"row\">\n          <div class=\"incidis-price__col incidis-price__col--name\" role=\"columnheader\"><strong>Hizmet<\/strong><\/div>\n          <div class=\"incidis-price__col incidis-price__col--price\" role=\"columnheader\"><strong>Fiyat (TL)<\/strong><\/div>\n        <\/div>\n\n        <div class=\"incidis-price__row\" role=\"row\">\n          <div class=\"incidis-price__col incidis-price__col--name\">\n            <a class=\"incidis-price__link\" href=\"https:\/\/incidis.com.tr\/tedaviler\/eklem-splinti\/\" target=\"_blank\">Gece Pla\u011f\u0131 (Ki\u015fiye \u00d6zel)<\/a>\n          <\/div>\n          <div class=\"incidis-price__col incidis-price__col--price\"><b>4.000 \u2013 9.100<\/b><\/div>\n        <\/div>\n      <\/div>\n    <\/details>\n\n    <!-- 10) \u00c7ocuk Di\u015f Hekimli\u011fi Tedavileri -->\n    <details class=\"incidis-price__acc\">\n      <summary class=\"incidis-price__summary\">\n        <span class=\"incidis-price__title\">10) \u00c7ocuk Di\u015f Hekimli\u011fi Tedavileri<\/span>\n        <span class=\"incidis-price__chev\" aria-hidden=\"true\"><\/span>\n      <\/summary>\n\n      <div class=\"incidis-price__content\">\n        <div class=\"incidis-price__head\" role=\"row\">\n          <div class=\"incidis-price__col incidis-price__col--name\" role=\"columnheader\"><strong>Hizmet<\/strong><\/div>\n          <div class=\"incidis-price__col incidis-price__col--price\" role=\"columnheader\"><strong>Fiyat (TL)<\/strong><\/div>\n        <\/div>\n\n        <div class=\"incidis-price__row\" role=\"row\">\n          <div class=\"incidis-price__col incidis-price__col--name\">Fiss\u00fcr \u00d6rt\u00fcc\u00fc (Tek Di\u015f)<\/div>\n          <div class=\"incidis-price__col incidis-price__col--price\"><b>2.000 \u2013 3.250<\/b><\/div>\n        <\/div>\n\n        <div class=\"incidis-price__row\" role=\"row\">\n          <div class=\"incidis-price__col incidis-price__col--name\">Flor Uygulamas\u0131 (\u00c7ift \u00c7ene)<\/div>\n          <div class=\"incidis-price__col incidis-price__col--price\"><b>2.000 \u2013 4.000<\/b><\/div>\n        <\/div>\n\n        <div class=\"incidis-price__row\" role=\"row\">\n          <div class=\"incidis-price__col incidis-price__col--name\">S\u00fct Di\u015fi \u00c7ekimi (Lokal Anestezi ile)<\/div>\n          <div class=\"incidis-price__col incidis-price__col--price\"><b>1.300 \u2013 3.575<\/b><\/div>\n        <\/div>\n\n        <div class=\"incidis-price__row\" role=\"row\">\n          <div class=\"incidis-price__col incidis-price__col--name\">Amputasyon (Yar\u0131 Kanal Tedavisi)<\/div>\n          <div class=\"incidis-price__col incidis-price__col--price\"><b>4.200 \u2013 8.500<\/b><\/div>\n        <\/div>\n\n        <div class=\"incidis-price__row\" role=\"row\">\n          <div class=\"incidis-price__col incidis-price__col--name\">S\u00fct Kanal (Tek Di\u015f)<\/div>\n          <div class=\"incidis-price__col incidis-price__col--price\"><b>5.200 \u2013 8.450<\/b><\/div>\n        <\/div>\n      <\/div>\n    <\/details>\n\n    <!-- \u2705 CTA (Fiyat k\u0131sm\u0131n\u0131n sonu) - ayn\u0131 geni\u015flikte -->\n    <div class=\"incidis-price-cta\">\n      <div class=\"incidis-price-cta__text\">\n        Daha detayl\u0131 bilgi i\u00e7in bizimle ileti\u015fime ge\u00e7in.\n      <\/div>\n\n      <a class=\"incidis-price-cta__btn\" href=\"https:\/\/www.incidis.com.tr\/online-randevu\" target=\"_self\">\n        \u0130leti\u015fime Ge\u00e7\n        <span aria-hidden=\"true\" class=\"incidis-price-cta__arrow\">\u2192<\/span>\n      <\/a>\n    <\/div>\n\n  <\/div>\n\n  <style>\n    .incidis-price{\n      --incidis-primary:#11A8D6;\n      --incidis-border: rgba(17,168,214,.18);\n      --incidis-soft: rgba(0,0,0,.06);\n      width:100%;\n    }\n    .incidis-price__wrap{ width:100%; max-width:1100px; margin:0 auto; }\n\n    .incidis-price__acc{\n      background:#fff;\n      border:1px solid var(--incidis-border);\n      border-radius:14px;\n      overflow:hidden;\n      margin-bottom:14px;\n      box-shadow: 0 10px 24px var(--incidis-soft);\n    }\n\n    .incidis-price__summary{\n      list-style:none;\n      cursor:pointer;\n      user-select:none;\n      display:flex;\n      align-items:center;\n      justify-content:space-between;\n      padding:16px 18px;\n      background: linear-gradient(90deg, rgba(17,168,214,.08), rgba(17,168,214,0));\n    }\n    .incidis-price__summary::-webkit-details-marker{ display:none; }\n    .incidis-price__title{ font-weight:800; letter-spacing:.2px; }\n\n    .incidis-price__chev{\n      width:34px; height:34px;\n      border-radius:10px;\n      border:1px solid var(--incidis-border);\n      display:inline-flex;\n      align-items:center;\n      justify-content:center;\n      background:#fff;\n      position:relative;\n      flex:0 0 auto;\n    }\n    .incidis-price__chev:before{\n      content:\"\";\n      width:8px; height:8px;\n      border-right:2px solid var(--incidis-primary);\n      border-bottom:2px solid var(--incidis-primary);\n      transform: rotate(45deg);\n      margin-top:-2px;\n      transition: transform .2s ease;\n    }\n    details[open] .incidis-price__chev:before{\n      transform: rotate(-135deg);\n      margin-top:2px;\n    }\n\n    .incidis-price__content{\n      border-top:1px solid var(--incidis-border);\n      padding:10px 0 8px;\n    }\n\n    .incidis-price__head,\n    .incidis-price__row{\n      display:grid;\n      grid-template-columns: 1fr 220px;\n      gap:12px;\n      padding:12px 18px;\n      align-items:center;\n    }\n    .incidis-price__head{ padding-top:8px; padding-bottom:10px; opacity:.85; }\n\n    .incidis-price__row{\n      margin:0 12px 10px;\n      border:1px solid rgba(0,0,0,.06);\n      border-radius:12px;\n      background:#fff;\n      box-shadow: 0 8px 18px rgba(0,0,0,.04);\n    }\n\n    .incidis-price__col--price{\n      text-align:center !important;\n      justify-self:center !important;\n      white-space:nowrap;\n    }\n\n    .incidis-price__link{\n      text-decoration:none;\n      color: inherit;\n      display:inline-flex;\n      align-items:center;\n      gap:8px;\n      border-bottom: 1px dashed rgba(17,168,214,.55);\n      padding-bottom: 2px;\n    }\n    .incidis-price__link:hover{ border-bottom-color: rgba(17,168,214,.95); }\n    .incidis-price__link:after{ content:\"\u2197\"; opacity:.7; }\n\n    \/* MOB\u0130LDE G\u00d6Z\u00dcKM\u00dcYOR FIX *\/\n    .incidis-price details,\n    .incidis-price summary,\n    .incidis-price .incidis-price__content{\n      display:block !important;\n      visibility: visible !important;\n      opacity: 1 !important;\n      height: auto !important;\n      max-height: none !important;\n    }\n    .incidis-price summary{ display:flex !important; }\n    .incidis-price details{ overflow:hidden !important; }\n\n    \/* CTA (ayn\u0131 wrap i\u00e7inde, otomatik hizal\u0131) *\/\n    .incidis-price-cta{\n      margin-top: 16px;\n      padding: 18px 18px;\n      border-radius: 14px;\n      background: #f6fbff;\n      border: 1px solid rgba(0,0,0,.06);\n\n      display:flex;\n      align-items:center;\n      justify-content:space-between;\n      gap:16px;\n      box-sizing: border-box;\n    }\n    .incidis-price-cta__text{\n      flex: 1 1 auto;\n      min-width: 0;\n      font-size: 15px;\n      line-height: 1.35;\n      color:#1b2a35;\n      font-weight: 600;\n      display:flex;\n      align-items:center;\n    }\n    .incidis-price-cta__btn{\n      flex: 0 0 auto;\n      display:inline-flex;\n      align-items:center;\n      justify-content:center;\n      gap:10px;\n\n      height: 44px;\n      padding: 0 18px;\n      border-radius: 999px;\n\n      background: var(--incidis-primary);\n      color:#fff !important;\n      text-decoration:none !important;\n\n      font-weight: 800;\n      font-size: 14px;\n      line-height: 1;\n      white-space:nowrap;\n      transition: transform .18s ease, filter .18s ease;\n    }\n    .incidis-price-cta__btn:hover{\n      transform: translateY(-1px);\n      filter: brightness(0.96);\n    }\n    .incidis-price-cta__arrow{\n      font-size: 18px;\n      line-height: 1;\n      font-weight: 900;\n    }\n\n    \/* Mobil: header gizle + fiyat\u0131 tek sat\u0131r label ile g\u00f6ster *\/\n    @media (max-width:768px){\n      .incidis-price__head{ display:none !important; }\n      .incidis-price__content{ padding: 10px 12px 10px !important; }\n\n      .incidis-price__row{\n        margin:0 0 10px !important;\n        grid-template-columns: 1fr !important;\n        gap:8px;\n        padding:12px 14px;\n        border-radius:12px !important;\n      }\n\n      .incidis-price__col--price{\n        text-align:left !important;\n        justify-self:start !important;\n        white-space:normal;\n      }\n\n      .incidis-price__col--price:before{\n        content:\"Fiyat (TL) \";\n        font-weight:700;\n        opacity:.85;\n      }\n\n      \/* CTA mobil *\/\n      .incidis-price-cta{\n        padding: 14px 14px;\n        flex-direction: column;\n        align-items: stretch;\n        gap: 12px;\n      }\n      .incidis-price-cta__text{ font-size: 14px; }\n      .incidis-price-cta__btn{ width: 100%; }\n    }\n  <\/style>\n<\/section>\n\t\t<\/div>\n\t<\/div>\n<\/div><\/div><\/div>\n<\/section>","protected":false},"excerpt":{"rendered":"\u0130nci Di\u015f Fiyat Listesi Fiyatlar bilgilendirme ama\u00e7l\u0131d\u0131r. Tedavi plan\u0131na, klinik de\u011ferlendirmesine ve kullan\u0131lan materyale g\u00f6re de\u011fi\u015fiklik g\u00f6sterebilir. 1) Muayene &amp; G\u00f6r\u00fcnt\u00fcleme Hizmet Fiyat (TL) Tomografi 2.600 \u2013 3.250 2) A\u011f\u0131z Bak\u0131m\u0131 &amp; Di\u015f Eti Tedavileri Hizmet Fiyat (TL) Di\u015f Ta\u015f\u0131 Temizli\u011fi 2.600 \u2013 5.850 K\u00fcretaj (Derin Di\u015f Eti Temizli\u011fi) 13.000 \u2013 16.250 3) Estetik Di\u015f [...]","protected":false},"author":1,"featured_media":0,"parent":0,"menu_order":0,"comment_status":"closed","ping_status":"closed","template":"","meta":{"footnotes":""},"_links":{"self":[{"href":"https:\/\/www.incidis.com.tr\/en\/wp-json\/wp\/v2\/pages\/10662"}],"collection":[{"href":"https:\/\/www.incidis.com.tr\/en\/wp-json\/wp\/v2\/pages"}],"about":[{"href":"https:\/\/www.incidis.com.tr\/en\/wp-json\/wp\/v2\/types\/page"}],"author":[{"embeddable":true,"href":"https:\/\/www.incidis.com.tr\/en\/wp-json\/wp\/v2\/users\/1"}],"replies":[{"embeddable":true,"href":"https:\/\/www.incidis.com.tr\/en\/wp-json\/wp\/v2\/comments?post=10662"}],"version-history":[{"count":20,"href":"https:\/\/www.incidis.com.tr\/en\/wp-json\/wp\/v2\/pages\/10662\/revisions"}],"predecessor-version":[{"id":10686,"href":"https:\/\/www.incidis.com.tr\/en\/wp-json\/wp\/v2\/pages\/10662\/revisions\/10686"}],"wp:attachment":[{"href":"https:\/\/www.incidis.com.tr\/en\/wp-json\/wp\/v2\/media?parent=10662"}],"curies":[{"name":"wp","href":"https:\/\/api.w.org\/{rel}","templated":true}]}}