{"id":10634,"date":"2026-02-20T13:17:41","date_gmt":"2026-02-20T10:17:41","guid":{"rendered":"https:\/\/www.incidis.com.tr\/?page_id=10634"},"modified":"2026-02-24T10:01:49","modified_gmt":"2026-02-24T07:01:49","slug":"yonetime-mesaj","status":"publish","type":"page","link":"https:\/\/www.incidis.com.tr\/en\/yonetime-mesaj\/","title":{"rendered":"Message to Management"},"content":{"rendered":"<section class=\"wpb-content-wrapper\"><div class=\"vc_row wpb_row row top-row vc_custom_1706173209769\"><div class=\"vc_column_container col-md-12 text-center\"><div class=\"wpb_wrapper vc_column-inner\">\n\t<div class=\"wpb_text_column wpb_content_element\" >\n\t\t<div class=\"wpb_wrapper\">\n\t\t\t<h1 style=\"text-align: center;\">Message to Management<\/h1>\n\n\t\t<\/div>\n\t<\/div>\n<div class=\"porto-separator\"><hr class=\"separator-line  vc_custom_1654684043207 align_center\" style=\"background-image: -webkit-linear-gradient(left, transparent, #00b2e3, transparent); background-image: linear-gradient(to right, transparent, #00b2e3, transparent);height:2px;width:30%;\"><\/div><\/div><\/div><\/div><div class=\"vc_row wpb_row row top-row\"><div class=\"vc_column_container col-md-6\"><div class=\"wpb_wrapper vc_column-inner\">\n\t<div class=\"wpb_text_column wpb_content_element\" >\n\t\t<div class=\"wpb_wrapper\">\n\t\t\t<h3><span style=\"color: #008bb0;\">Y\u00f6netime Mesaj Formu<\/span><\/h3>\n<p>Mesaj\u0131n\u0131z do\u011frudan \u0130nci Di\u015f Y\u00f6netim Kurulu\u2019na iletilecektir.<\/p>\n\n\t\t<\/div>\n\t<\/div>\n\n\t<div class=\"wpb_text_column wpb_content_element  vc_hidden-xs\" >\n\t\t<div class=\"wpb_wrapper\">\n\t\t\t<h3 style=\"text-align: left;\"><span style=\"color: #008bb0;\">Sosyal Medya Hesaplar\u0131<\/span><\/h3>\n\n\t\t<\/div>\n\t<\/div>\n\n\t<div class=\"wpb_raw_code wpb_content_element wpb_raw_html vc_hidden-xs\" >\n\t\t<div class=\"wpb_wrapper\">\n\t\t\t<left><a href=\"https:\/\/www.facebook.com\/profile.php?id=100088672100654&amp;sk=photos&amp;locale=tr_TR\" target=\"_blank\"><img decoding=\"async\" src=\"https:\/\/www.incidis.com.tr\/wp-content\/uploads\/2022\/06\/facebook.png\" width=\"60\" height=\"60\" border=\"0\" \/><\/a>\n<a href=\"https:\/\/www.instagram.com\/incidismerkezi\/\" target=\"_blank\"><img decoding=\"async\" src=\"https:\/\/www.incidis.com.tr\/wp-content\/uploads\/2022\/06\/instagram-1.png\" width=\"60\" height=\"60\" border=\"0\" \/><\/a>\n<a href=\"https:\/\/www.linkedin.com\/company\/i%CC%87nci-a%C4%9F%C4%B1z-ve-di%C5%9F-sa%C4%9Fl%C4%B1%C4%9F%C4%B1-hizmetleri\/about\/\" target=\"_blank\"><img decoding=\"async\" src=\"https:\/\/www.incidis.com.tr\/wp-content\/uploads\/2022\/06\/linkedin.png \" width=\"60\" height=\"60\" border=\"0\" \/>\u00a0<\/a>\n<a href=\"https:\/\/www.youtube.com\/@incidisklinigi\" target=\"_blank\"><img decoding=\"async\" src=\"https:\/\/www.incidis.com.tr\/wp-content\/uploads\/2022\/07\/youtube.png \" width=\"60\" height=\"60\" border=\"0\" \/>\u00a0<\/a><\/left>\n\t\t<\/div>\n\t<\/div>\n<\/div><\/div><div class=\"vc_column_container col-md-6\"><div class=\"wpb_wrapper vc_column-inner\">\n<div class=\"wpcf7 no-js\" id=\"wpcf7-f10636-o1\" lang=\"tr-TR\" dir=\"ltr\">\n<div class=\"screen-reader-response\"><p role=\"status\" aria-live=\"polite\" aria-atomic=\"true\"><\/p> <ul><\/ul><\/div>\n<form action=\"\/en\/wp-json\/wp\/v2\/pages\/10634#wpcf7-f10636-o1\" method=\"post\" class=\"wpcf7-form init\" aria-label=\"Contact form\" novalidate=\"novalidate\" data-status=\"init\" data-trp-original-action=\"\/en\/wp-json\/wp\/v2\/pages\/10634#wpcf7-f10636-o1\">\n<div style=\"display: none;\">\n<input type=\"hidden\" name=\"_wpcf7\" value=\"10636\" \/>\n<input type=\"hidden\" name=\"_wpcf7_version\" value=\"5.9.3\" \/>\n<input type=\"hidden\" name=\"_wpcf7_locale\" value=\"tr_TR\" \/>\n<input type=\"hidden\" name=\"_wpcf7_unit_tag\" value=\"wpcf7-f10636-o1\" \/>\n<input type=\"hidden\" name=\"_wpcf7_container_post\" value=\"0\" \/>\n<input type=\"hidden\" name=\"_wpcf7_posted_data_hash\" value=\"\" \/>\n<\/div>\n<p><label> Name Surname<br \/>\n<span class=\"wpcf7-form-control-wrap\" data-name=\"your-name\"><input size=\"40\" class=\"wpcf7-form-control wpcf7-text wpcf7-validates-as-required\" aria-required=\"true\" aria-invalid=\"false\" placeholder=\"Please write your first and last name.\" value=\"\" type=\"text\" name=\"your-name\" \/><\/span> <\/label>\n<\/p>\n<p><label> Mobile Phone<br \/>\n<span class=\"wpcf7-form-control-wrap\" data-name=\"your-tel\"><input size=\"40\" class=\"wpcf7-form-control wpcf7-tel wpcf7-validates-as-required wpcf7-text wpcf7-validates-as-tel\" aria-required=\"true\" aria-invalid=\"false\" placeholder=\"L\u00fctfen Cep Telefonu Numaran\u0131z\u0131 Yaz\u0131n\u0131z\" value=\"\" type=\"tel\" name=\"your-tel\" \/><\/span> <\/label>\n<\/p>\n<p><label> Email<br \/>\n<span class=\"wpcf7-form-control-wrap\" data-name=\"your-email\"><input size=\"40\" class=\"wpcf7-form-control wpcf7-email wpcf7-text wpcf7-validates-as-email\" aria-invalid=\"false\" placeholder=\"Please enter your email address.\" value=\"\" type=\"email\" name=\"your-email\" \/><\/span> <\/label>\n<\/p>\n<p><label> Ba\u015fvuru Metni<br \/>\n<span class=\"wpcf7-form-control-wrap\" data-name=\"your-subject\"><input size=\"40\" class=\"wpcf7-form-control wpcf7-text\" aria-invalid=\"false\" value=\"\" type=\"text\" name=\"your-subject\" \/><\/span> <\/label>\n<\/p>\n<p><span class=\"wpcf7-form-control-wrap\" data-name=\"your-acceptance\"><span class=\"wpcf7-form-control wpcf7-acceptance optional\"><span class=\"wpcf7-list-item\"><label><input type=\"checkbox\" name=\"your-acceptance\" value=\"1\" aria-invalid=\"false\" \/><span class=\"wpcf7-list-item-label\">Gizlilik Ko\u015fullar\u0131n\u0131 Kabul Ediyorum.<\/span><\/label><\/span><\/span><\/span>\n<\/p>\n<p><input class=\"wpcf7-form-control wpcf7-submit has-spinner\" type=\"submit\" value=\"Mesaj G\u00f6nder\" \/>\n<\/p><p style=\"display: none !important;\" class=\"akismet-fields-container\" data-prefix=\"_wpcf7_ak_\"><label>\u0394<textarea name=\"_wpcf7_ak_hp_textarea\" cols=\"45\" rows=\"8\" maxlength=\"100\"><\/textarea><\/label><input type=\"hidden\" id=\"ak_js_1\" name=\"_wpcf7_ak_js\" value=\"67\"\/><script>document.getElementById( \"ak_js_1\" ).setAttribute( \"value\", ( new Date() ).getTime() );<\/script><\/p><input type='hidden' class='wpcf7-pum' value='{\"closepopup\":false,\"closedelay\":0,\"openpopup\":false,\"openpopup_id\":0}' \/><div class=\"wpcf7-response-output\" aria-hidden=\"true\"><\/div>\n<input type=\"hidden\" name=\"trp-form-language\" value=\"en\"\/><\/form>\n<\/div>\n<\/div><\/div><\/div>\n<\/section>","protected":false},"excerpt":{"rendered":"Y\u00f6netime Mesaj Y\u00f6netime Mesaj Formu Mesaj\u0131n\u0131z do\u011frudan \u0130nci Di\u015f Y\u00f6netim Kurulu\u2019na iletilecektir. Sosyal Medya Hesaplar\u0131 \u00a0 \u00a0 Ad Soyad Cep Telefonu E-Posta Ba\u015fvuru Metni Gizlilik Ko\u015fullar\u0131n\u0131 Kabul Ediyorum. &#916;","protected":false},"author":1,"featured_media":0,"parent":0,"menu_order":0,"comment_status":"closed","ping_status":"closed","template":"","meta":{"footnotes":""},"_links":{"self":[{"href":"https:\/\/www.incidis.com.tr\/en\/wp-json\/wp\/v2\/pages\/10634"}],"collection":[{"href":"https:\/\/www.incidis.com.tr\/en\/wp-json\/wp\/v2\/pages"}],"about":[{"href":"https:\/\/www.incidis.com.tr\/en\/wp-json\/wp\/v2\/types\/page"}],"author":[{"embeddable":true,"href":"https:\/\/www.incidis.com.tr\/en\/wp-json\/wp\/v2\/users\/1"}],"replies":[{"embeddable":true,"href":"https:\/\/www.incidis.com.tr\/en\/wp-json\/wp\/v2\/comments?post=10634"}],"version-history":[{"count":4,"href":"https:\/\/www.incidis.com.tr\/en\/wp-json\/wp\/v2\/pages\/10634\/revisions"}],"predecessor-version":[{"id":10661,"href":"https:\/\/www.incidis.com.tr\/en\/wp-json\/wp\/v2\/pages\/10634\/revisions\/10661"}],"wp:attachment":[{"href":"https:\/\/www.incidis.com.tr\/en\/wp-json\/wp\/v2\/media?parent=10634"}],"curies":[{"name":"wp","href":"https:\/\/api.w.org\/{rel}","templated":true}]}}